{"id":9699,"date":"2024-01-05T10:55:48","date_gmt":"2024-01-05T10:55:48","guid":{"rendered":"https:\/\/qualyconsult.com\/?page_id=9699"},"modified":"2024-10-31T17:46:14","modified_gmt":"2024-10-31T17:46:14","slug":"technical-documentation","status":"publish","type":"page","link":"https:\/\/qualyconsult.com\/en\/technical-documentation\/","title":{"rendered":"Technical Documentation"},"content":{"rendered":"<div data-elementor-type=\"wp-page\" data-elementor-id=\"9699\" class=\"elementor elementor-9699\">\n\t\t\t\t        <section class=\"elementor-section elementor-top-section elementor-element elementor-element-a4d6ee7 elementor-section-boxed elementor-section-height-default elementor-section-height-default ct-header-fixed-none ct-row-max-none\" data-id=\"a4d6ee7\" data-element_type=\"section\" data-e-type=\"section\">\n            \n                        <div class=\"elementor-container elementor-column-gap-default\">\n                    <div class=\"elementor-column elementor-col-100 elementor-top-column elementor-element elementor-element-a41fe9f\" data-id=\"a41fe9f\" data-element_type=\"column\" data-e-type=\"column\">\n        <div class=\"elementor-widget-wrap elementor-element-populated\">\n                    \n        \t\t<div class=\"elementor-element elementor-element-3e10eb9 elementor-widget elementor-widget-ct_title\" data-id=\"3e10eb9\" data-element_type=\"widget\" data-e-type=\"widget\" data-widget_type=\"ct_title.default\">\n\t\t\t\t<div class=\"elementor-widget-container\">\n\t\t\t\t\t<div class=\"ct-title1 style2\">\r\n    <h3>\r\n    \t\t        <span>Technical documentation<\/span>\r\n\t        <i><\/i>\r\n\t        <\/h3>\r\n<\/div>\t\t\t\t<\/div>\n\t\t\t\t<\/div>\n\t\t\t\t<div class=\"elementor-element elementor-element-d6decec elementor-widget elementor-widget-text-editor\" data-id=\"d6decec\" data-element_type=\"widget\" data-e-type=\"widget\" id=\"Q-KlinischeBewertung\" data-widget_type=\"text-editor.default\">\n\t\t\t\t<div class=\"elementor-widget-container\">\n\t\t\t\t\t\t\t\t\t<p>Die technische Dokumentation in der Medizintechnik umfasst alle schriftlichen Unterlagen, die f\u00fcr die Entwicklung, Herstellung, Anwendung und Wartung von medizinischen Ger\u00e4ten erforderlich sind. Dazu geh\u00f6ren Spezifikationen, Anleitungen, Validierungsberichte und Zulassungsdokumente. Diese Dokumentation dient der Sicherstellung der Konformit\u00e4t mit regulatorischen Anforderungen, der Qualit\u00e4tssicherung und der Transparenz im gesamten Lebenszyklus des Medizinprodukts.<\/p>\t\t\t\t\t\t\t\t<\/div>\n\t\t\t\t<\/div>\n\t\t\t\t<div class=\"elementor-element elementor-element-fcaf0b1 elementor-position-inline-start elementor-widget__width-initial elementor-view-default elementor-mobile-position-block-start elementor-widget elementor-widget-icon-box\" data-id=\"fcaf0b1\" data-element_type=\"widget\" data-e-type=\"widget\" data-widget_type=\"icon-box.default\">\n\t\t\t\t<div class=\"elementor-widget-container\">\n\t\t\t\t\t\t\t<div class=\"elementor-icon-box-wrapper\">\n\n\t\t\t\t\t\t<div class=\"elementor-icon-box-icon\">\n\t\t\t\t<span  class=\"elementor-icon\">\n\t\t\t\t<i aria-hidden=\"true\" class=\"fas fa-clinic-medical\"><\/i>\t\t\t\t<\/span>\n\t\t\t<\/div>\n\t\t\t\n\t\t\t\t\t\t<div class=\"elementor-icon-box-content\">\n\n\t\t\t\t\t\t\t\t\t<h5 class=\"elementor-icon-box-title\">\n\t\t\t\t\t\t<span  >\n\t\t\t\t\t\t\tClinical evaluation\t\t\t\t\t\t<\/span>\n\t\t\t\t\t<\/h5>\n\t\t\t\t\n\t\t\t\t\t\t\t\t\t<p class=\"elementor-icon-box-description\">\n\t\t\t\t\t\tDie klinische Bewertung in der Medizintechnik bezeichnet den systematischen Prozess, bei dem die klinische Leistung und Sicherheit eines medizinischen Ger\u00e4ts bewertet werden. Dieser Prozess umfasst die Zusammenstellung und Analyse von klinischen Daten, einschlie\u00dflich klinischer Studien, Post-Marketing-\u00dcberwachung und wissenschaftlicher Literatur. \n\nDas Ziel ist es, die Konformit\u00e4t des Medizinprodukts mit den geltenden regulatorischen Anforderungen nachzuweisen und die Patientensicherheit zu gew\u00e4hrleisten. Die klinische Bewertung ist ein entscheidender Bestandteil des Zulassungsprozesses f\u00fcr Medizinprodukte und unterliegt strengen Qualit\u00e4tsstandards, um eine gr\u00fcndliche und zuverl\u00e4ssige Beurteilung der Leistungsf\u00e4higkeit und Sicherheit des Ger\u00e4ts zu gew\u00e4hrleisten.\n\n\t\t\t\t\t<\/p>\n\t\t\t\t\n\t\t\t<\/div>\n\t\t\t\n\t\t<\/div>\n\t\t\t\t\t\t<\/div>\n\t\t\t\t<\/div>\n\t\t\t\t<div class=\"elementor-element elementor-element-a11cb48 elementor-widget elementor-widget-ct_list\" data-id=\"a11cb48\" data-element_type=\"widget\" data-e-type=\"widget\" id=\"Q-BiologischeBeurteilung\" data-widget_type=\"ct_list.default\">\n\t\t\t\t<div class=\"elementor-widget-container\">\n\t\t\t\t\t    <div class=\"ct-list style1\">\r\n                    <div class=\"ct-list-item\" data-wow-delay=\"ms\">\r\n            \t<div class=\"ct-list-icon\"><i class=\"fac fac-check-circle\"><\/i><\/div>\r\n            \t<div class=\"ct-list-meta\">\r\n\t            \t<div class=\"ct-list-desc\">\r\n\t            \t\tClinical Evaluation Plan (CEP)\t            \t<\/div>\r\n                    \t            <\/div>\r\n           <\/div>\r\n                    <div class=\"ct-list-item\" data-wow-delay=\"ms\">\r\n            \t<div class=\"ct-list-icon\"><i class=\"fac fac-check-circle\"><\/i><\/div>\r\n            \t<div class=\"ct-list-meta\">\r\n\t            \t<div class=\"ct-list-desc\">\r\n\t            \t\tClinical Evaluation Report (CER)\t            \t<\/div>\r\n                    \t            <\/div>\r\n           <\/div>\r\n            <\/div>\r\n\t\t\t\t<\/div>\n\t\t\t\t<\/div>\n\t\t\t\t<div class=\"elementor-element elementor-element-f02f950 elementor-position-inline-start elementor-widget__width-initial elementor-view-default elementor-mobile-position-block-start elementor-widget elementor-widget-icon-box\" data-id=\"f02f950\" data-element_type=\"widget\" data-e-type=\"widget\" id=\"Q-Marktbeobachtung\" data-widget_type=\"icon-box.default\">\n\t\t\t\t<div class=\"elementor-widget-container\">\n\t\t\t\t\t\t\t<div class=\"elementor-icon-box-wrapper\">\n\n\t\t\t\t\t\t<div class=\"elementor-icon-box-icon\">\n\t\t\t\t<span  class=\"elementor-icon\">\n\t\t\t\t<i aria-hidden=\"true\" class=\"fas fa-biohazard\"><\/i>\t\t\t\t<\/span>\n\t\t\t<\/div>\n\t\t\t\n\t\t\t\t\t\t<div class=\"elementor-icon-box-content\">\n\n\t\t\t\t\t\t\t\t\t<h5 class=\"elementor-icon-box-title\">\n\t\t\t\t\t\t<span  >\n\t\t\t\t\t\t\tBiological assessment\t\t\t\t\t\t<\/span>\n\t\t\t\t\t<\/h5>\n\t\t\t\t\n\t\t\t\t\t\t\t\t\t<p class=\"elementor-icon-box-description\">\n\t\t\t\t\t\tDie Biologische Beurteilung in der Medizintechnik bezieht sich auf einen systematischen Prozess zur Bewertung der Wechselwirkung von medizinischen Ger\u00e4ten mit biologischem Gewebe. Ziel ist es, potenzielle biologische Risiken, wie Toxizit\u00e4t oder Irritation, zu identifizieren und zu bewerten. Dieser Prozess basiert auf internationalen Normen und Richtlinien, die die Durchf\u00fchrung von biologischen Tests und die Auswertung der Ergebnisse vorschreiben. Die Biologische Beurteilung ist ein integraler Bestandteil des Risikomanagementprozesses f\u00fcr Medizinprodukte und tr\u00e4gt dazu bei, die Sicherheit und Leistungsf\u00e4higkeit des Ger\u00e4ts im Kontakt mit dem menschlichen K\u00f6rper zu gew\u00e4hrleisten. Die Ergebnisse der Biologischen Beurteilung werden in den Unterlagen f\u00fcr die Konformit\u00e4tsbewertung und Zulassung von Medizinprodukten dokumentiert.\t\t\t\t\t<\/p>\n\t\t\t\t\n\t\t\t<\/div>\n\t\t\t\n\t\t<\/div>\n\t\t\t\t\t\t<\/div>\n\t\t\t\t<\/div>\n\t\t\t\t<div class=\"elementor-element elementor-element-218f997 elementor-position-inline-start elementor-widget__width-initial elementor-view-default elementor-mobile-position-block-start elementor-widget elementor-widget-icon-box\" data-id=\"218f997\" data-element_type=\"widget\" data-e-type=\"widget\" id=\"Q-PMFC\" data-widget_type=\"icon-box.default\">\n\t\t\t\t<div class=\"elementor-widget-container\">\n\t\t\t\t\t\t\t<div class=\"elementor-icon-box-wrapper\">\n\n\t\t\t\t\t\t<div class=\"elementor-icon-box-icon\">\n\t\t\t\t<span  class=\"elementor-icon\">\n\t\t\t\t<i aria-hidden=\"true\" class=\"far fa-eye\"><\/i>\t\t\t\t<\/span>\n\t\t\t<\/div>\n\t\t\t\n\t\t\t\t\t\t<div class=\"elementor-icon-box-content\">\n\n\t\t\t\t\t\t\t\t\t<h5 class=\"elementor-icon-box-title\">\n\t\t\t\t\t\t<span  >\n\t\t\t\t\t\t\tMarket observation\t\t\t\t\t\t<\/span>\n\t\t\t\t\t<\/h5>\n\t\t\t\t\n\t\t\t\t\t\t\t\t\t<p class=\"elementor-icon-box-description\">\n\t\t\t\t\t\tDie Marktbeobachtung in der Medizintechnik bezeichnet einen kontinuierlichen Prozess, bei dem Hersteller von medizinischen Ger\u00e4ten aktiv Informationen \u00fcber ihre Produkte im Markt sammeln, \u00fcberwachen und analysieren. Ziel ist es, potenzielle Risiken und Sicherheitsprobleme fr\u00fchzeitig zu erkennen, insbesondere nachdem ein Produkt auf dem Markt eingef\u00fchrt wurde. Durch die Analyse von R\u00fcckmeldungen von Anwendern, unerw\u00fcnschten Ereignissen und wissenschaftlichen Erkenntnissen k\u00f6nnen Hersteller schnelle Ma\u00dfnahmen ergreifen, um die Sicherheit und Leistung ihrer Produkte zu verbessern. Die Marktbeobachtung ist integraler Bestandteil des Qualit\u00e4tsmanagementsystems und tr\u00e4gt dazu bei, die kontinuierliche Verbesserung von Medizinprodukten zu gew\u00e4hrleisten und den Schutz der Patienten zu optimieren. Die Ergebnisse werden in den regelm\u00e4\u00dfigen Berichten f\u00fcr die Aufsichtsbeh\u00f6rden dokumentiert.\t\t\t\t\t<\/p>\n\t\t\t\t\n\t\t\t<\/div>\n\t\t\t\n\t\t<\/div>\n\t\t\t\t\t\t<\/div>\n\t\t\t\t<\/div>\n\t\t\t\t<div class=\"elementor-element elementor-element-36e7f24 elementor-position-inline-start elementor-widget__width-initial elementor-view-default elementor-mobile-position-block-start elementor-widget elementor-widget-icon-box\" data-id=\"36e7f24\" data-element_type=\"widget\" data-e-type=\"widget\" id=\"Q-PMS\" data-widget_type=\"icon-box.default\">\n\t\t\t\t<div class=\"elementor-widget-container\">\n\t\t\t\t\t\t\t<div class=\"elementor-icon-box-wrapper\">\n\n\t\t\t\t\t\t<div class=\"elementor-icon-box-icon\">\n\t\t\t\t<span  class=\"elementor-icon\">\n\t\t\t\t<i aria-hidden=\"true\" class=\"material zmdi zmdi-comment-alert\"><\/i>\t\t\t\t<\/span>\n\t\t\t<\/div>\n\t\t\t\n\t\t\t\t\t\t<div class=\"elementor-icon-box-content\">\n\n\t\t\t\t\t\t\t\t\t<h5 class=\"elementor-icon-box-title\">\n\t\t\t\t\t\t<span  >\n\t\t\t\t\t\t\tPMCF - Post Market Clinical Follow-up\t\t\t\t\t\t<\/span>\n\t\t\t\t\t<\/h5>\n\t\t\t\t\n\t\t\t\t\t\t\t\t\t<p class=\"elementor-icon-box-description\">\n\t\t\t\t\t\tDas Post Market Clinical Follow-up (PMCF) in der Medizintechnik bezeichnet einen fortlaufenden Prozess, bei dem nach der Markteinf\u00fchrung eines medizinischen Ger\u00e4ts kontinuierlich klinische Daten gesammelt, \u00fcberwacht und bewertet werden. Ziel ist es, die Sicherheit und Leistung des Produkts im realen Einsatz zu \u00fcberpr\u00fcfen und potenzielle Risiken fr\u00fchzeitig zu erkennen. Dieser Prozess umfasst die Auswertung von Anwendererfahrungen, klinischen Studien und anderen relevanten Datenquellen. Das PMCF tr\u00e4gt dazu bei, die Konformit\u00e4t mit regulatorischen Anforderungen sicherzustellen und erm\u00f6glicht es den Herstellern, notwendige Anpassungen vorzunehmen oder geeignete Ma\u00dfnahmen zu ergreifen, um die Sicherheit und Wirksamkeit des Medizinprodukts weiter zu verbessern. Die Ergebnisse des PMCF werden in regelm\u00e4\u00dfigen Berichten dokumentiert und dienen zur fortlaufenden \u00dcberwachung und Bewertung der Produktleistung.\t\t\t\t\t<\/p>\n\t\t\t\t\n\t\t\t<\/div>\n\t\t\t\n\t\t<\/div>\n\t\t\t\t\t\t<\/div>\n\t\t\t\t<\/div>\n\t\t\t\t<div class=\"elementor-element elementor-element-9843dce elementor-position-inline-start elementor-widget__width-initial elementor-view-default elementor-mobile-position-block-start elementor-widget elementor-widget-icon-box\" data-id=\"9843dce\" data-element_type=\"widget\" data-e-type=\"widget\" id=\"Q-PSUR\" data-widget_type=\"icon-box.default\">\n\t\t\t\t<div class=\"elementor-widget-container\">\n\t\t\t\t\t\t\t<div class=\"elementor-icon-box-wrapper\">\n\n\t\t\t\t\t\t<div class=\"elementor-icon-box-icon\">\n\t\t\t\t<span  class=\"elementor-icon\">\n\t\t\t\t<i aria-hidden=\"true\" class=\"material zmdi zmdi-videocam\"><\/i>\t\t\t\t<\/span>\n\t\t\t<\/div>\n\t\t\t\n\t\t\t\t\t\t<div class=\"elementor-icon-box-content\">\n\n\t\t\t\t\t\t\t\t\t<h5 class=\"elementor-icon-box-title\">\n\t\t\t\t\t\t<span  >\n\t\t\t\t\t\t\tPMS - Post Market Surveillance\t\t\t\t\t\t<\/span>\n\t\t\t\t\t<\/h5>\n\t\t\t\t\n\t\t\t\t\t\t\t\t\t<p class=\"elementor-icon-box-description\">\n\t\t\t\t\t\tDie Post-Market Surveillance (PMS) in der Medizintechnik bezeichnet einen kontinuierlichen \u00dcberwachungsprozess, der nach der Markteinf\u00fchrung medizinischer Ger\u00e4te durchgef\u00fchrt wird. Ziel ist es, unerw\u00fcnschte Ereignisse, potenzielle Risiken und Produktm\u00e4ngel im realen Einsatz zu identifizieren und zu bewerten. Dieser Prozess umfasst die Sammlung, Analyse und Auswertung von Daten aus verschiedenen Quellen, darunter Anwenderberichte, klinische Studien, Produktregistrierungen und R\u00fcckrufaktionen. Post-Market Surveillance tr\u00e4gt dazu bei, die Sicherheit und Leistungsf\u00e4higkeit von Medizinprodukten zu \u00fcberwachen, die Konformit\u00e4t mit regulatorischen Anforderungen sicherzustellen und erm\u00f6glicht es den Herstellern, schnell auf neue Informationen zu reagieren. Die Ergebnisse werden in regelm\u00e4\u00dfigen Berichten festgehalten und dienen der kontinuierlichen Verbesserung, Risikobewertung und regulatorischen Einhaltung.\t\t\t\t\t<\/p>\n\t\t\t\t\n\t\t\t<\/div>\n\t\t\t\n\t\t<\/div>\n\t\t\t\t\t\t<\/div>\n\t\t\t\t<\/div>\n\t\t\t\t<div class=\"elementor-element elementor-element-6e03491 elementor-position-inline-start elementor-widget__width-initial elementor-view-default elementor-mobile-position-block-start elementor-widget elementor-widget-icon-box\" data-id=\"6e03491\" data-element_type=\"widget\" data-e-type=\"widget\" id=\"Q-SSCP\" data-widget_type=\"icon-box.default\">\n\t\t\t\t<div class=\"elementor-widget-container\">\n\t\t\t\t\t\t\t<div class=\"elementor-icon-box-wrapper\">\n\n\t\t\t\t\t\t<div class=\"elementor-icon-box-icon\">\n\t\t\t\t<span  class=\"elementor-icon\">\n\t\t\t\t<i aria-hidden=\"true\" class=\"flaticonv5 flaticonv5-data-report\"><\/i>\t\t\t\t<\/span>\n\t\t\t<\/div>\n\t\t\t\n\t\t\t\t\t\t<div class=\"elementor-icon-box-content\">\n\n\t\t\t\t\t\t\t\t\t<h5 class=\"elementor-icon-box-title\">\n\t\t\t\t\t\t<span  >\n\t\t\t\t\t\t\tPSUR - Periodic Safety Update Report\t\t\t\t\t\t<\/span>\n\t\t\t\t\t<\/h5>\n\t\t\t\t\n\t\t\t\t\t\t\t\t\t<p class=\"elementor-icon-box-description\">\n\t\t\t\t\t\tDer Begriff PSUR steht f\u00fcr Periodic Safety Update Report und bezieht sich auf einen regelm\u00e4\u00dfigen Sicherheitsaktualisierungsbericht in der Medizintechnik. Dieser Bericht wird von Herstellern von Medizinprodukten erstellt und bei den zust\u00e4ndigen Beh\u00f6rden eingereicht. Der PSUR fasst systematisch Sicherheitsdaten zusammen, die w\u00e4hrend eines bestimmten Zeitraums gesammelt wurden. Er beinhaltet Informationen zu unerw\u00fcnschten Ereignissen, Produktm\u00e4ngeln, Ergebnissen von Post-Market Surveillance, klinischen Studien und anderen relevanten Sicherheitsaspekten. Der Zweck des PSUR besteht darin, die kontinuierliche \u00dcberwachung der Sicherheit und Leistung von Medizinprodukten sicherzustellen, regulatorische Anforderungen zu erf\u00fcllen und gegebenenfalls erforderliche Ma\u00dfnahmen zur Risikominimierung zu ergreifen. Der Bericht erm\u00f6glicht eine umfassende Bewertung der Produktleistung im realen Einsatz und tr\u00e4gt zur kontinuierlichen Verbesserung und Gew\u00e4hrleistung der Patientensicherheit bei.\t\t\t\t\t<\/p>\n\t\t\t\t\n\t\t\t<\/div>\n\t\t\t\n\t\t<\/div>\n\t\t\t\t\t\t<\/div>\n\t\t\t\t<\/div>\n\t\t\t\t<div class=\"elementor-element elementor-element-b8a5650 elementor-position-inline-start elementor-widget__width-initial elementor-view-default elementor-mobile-position-block-start elementor-widget elementor-widget-icon-box\" data-id=\"b8a5650\" data-element_type=\"widget\" data-e-type=\"widget\" id=\"Q-Gebrauchstauglichkeit\" data-widget_type=\"icon-box.default\">\n\t\t\t\t<div class=\"elementor-widget-container\">\n\t\t\t\t\t\t\t<div class=\"elementor-icon-box-wrapper\">\n\n\t\t\t\t\t\t<div class=\"elementor-icon-box-icon\">\n\t\t\t\t<span  class=\"elementor-icon\">\n\t\t\t\t<i aria-hidden=\"true\" class=\"fas fa-user-lock\"><\/i>\t\t\t\t<\/span>\n\t\t\t<\/div>\n\t\t\t\n\t\t\t\t\t\t<div class=\"elementor-icon-box-content\">\n\n\t\t\t\t\t\t\t\t\t<h5 class=\"elementor-icon-box-title\">\n\t\t\t\t\t\t<span  >\n\t\t\t\t\t\t\tSSCP -  Summary of Safety and Clinical Performance\t\t\t\t\t\t<\/span>\n\t\t\t\t\t<\/h5>\n\t\t\t\t\n\t\t\t\t\t\t\t\t\t<p class=\"elementor-icon-box-description\">\n\t\t\t\t\t\tDie \"SSCP\" steht f\u00fcr \"Summary of Safety and Clinical Performance\" und bezieht sich auf einen Bericht in der Medizintechnik. Dieser Bericht wird von Herstellern erstellt und ist Teil der neuen europ\u00e4ischen Medizinprodukteverordnung (MDR). Der SSCP fasst wesentliche Informationen \u00fcber die Sicherheit und klinische Leistung eines Medizinprodukts zusammen. Er enth\u00e4lt Details zu klinischen Studien, Post-Market-Surveillance-Aktivit\u00e4ten, unerw\u00fcnschten Ereignissen und anderen relevanten Aspekten. Der Bericht dient dazu, eine umfassende und transparente Darstellung der Sicherheits- und Leistungsdaten bereitzustellen, die f\u00fcr Aufsichtsbeh\u00f6rden, Gesundheitsdienstleister und andere Interessengruppen von Bedeutung sind. Die Einf\u00fchrung des SSCP gem\u00e4\u00df der MDR soll die Transparenz verbessern und einen besseren Zugang zu relevanten Informationen \u00fcber Medizinprodukte erm\u00f6glichen.\t\t\t\t\t<\/p>\n\t\t\t\t\n\t\t\t<\/div>\n\t\t\t\n\t\t<\/div>\n\t\t\t\t\t\t<\/div>\n\t\t\t\t<\/div>\n\t\t\t\t<div class=\"elementor-element elementor-element-1ffe34d elementor-position-inline-start elementor-widget__width-initial elementor-view-default elementor-mobile-position-block-start elementor-widget elementor-widget-icon-box\" data-id=\"1ffe34d\" data-element_type=\"widget\" data-e-type=\"widget\" id=\"Q-Risikomanagement\" data-widget_type=\"icon-box.default\">\n\t\t\t\t<div class=\"elementor-widget-container\">\n\t\t\t\t\t\t\t<div class=\"elementor-icon-box-wrapper\">\n\n\t\t\t\t\t\t<div class=\"elementor-icon-box-icon\">\n\t\t\t\t<span  class=\"elementor-icon\">\n\t\t\t\t<i aria-hidden=\"true\" class=\"material zmdi zmdi-assignment-check\"><\/i>\t\t\t\t<\/span>\n\t\t\t<\/div>\n\t\t\t\n\t\t\t\t\t\t<div class=\"elementor-icon-box-content\">\n\n\t\t\t\t\t\t\t\t\t<h5 class=\"elementor-icon-box-title\">\n\t\t\t\t\t\t<span  >\n\t\t\t\t\t\t\tSuitability for use\t\t\t\t\t\t<\/span>\n\t\t\t\t\t<\/h5>\n\t\t\t\t\n\t\t\t\t\t\t\t\t\t<p class=\"elementor-icon-box-description\">\n\t\t\t\t\t\tIn der Medizintechnik bezieht sich Gebrauchstauglichkeit auf die F\u00e4higkeit eines medizinischen Ger\u00e4ts, effektiv, effizient und sicher von Anwendern verwendet zu werden. Dies umfasst Aspekte wie Benutzerfreundlichkeit, intuitive Bedienbarkeit und die Vermeidung von Fehlern bei der Anwendung. Die Gebrauchstauglichkeit spielt eine entscheidende Rolle bei der Gestaltung von Medizinprodukten, um sicherzustellen, dass Gesundheitsdienstleister und Patienten das Ger\u00e4t leicht und sicher handhaben k\u00f6nnen. Usability-Tests und Evaluierungen werden durchgef\u00fchrt, um sicherzustellen, dass das Produkt den Bed\u00fcrfnissen der Anwender entspricht und m\u00f6gliche Risiken aufgrund von Bedienfehlern minimiert werden. Eine gute Gebrauchstauglichkeit tr\u00e4gt somit zur Effektivit\u00e4t, Sicherheit und Akzeptanz von Medizinprodukten im klinischen Umfeld bei.\t\t\t\t\t<\/p>\n\t\t\t\t\n\t\t\t<\/div>\n\t\t\t\n\t\t<\/div>\n\t\t\t\t\t\t<\/div>\n\t\t\t\t<\/div>\n\t\t\t\t<div class=\"elementor-element elementor-element-cc35316 elementor-position-inline-start elementor-widget__width-initial elementor-view-default elementor-mobile-position-block-start elementor-widget elementor-widget-icon-box\" data-id=\"cc35316\" data-element_type=\"widget\" data-e-type=\"widget\" data-widget_type=\"icon-box.default\">\n\t\t\t\t<div class=\"elementor-widget-container\">\n\t\t\t\t\t\t\t<div class=\"elementor-icon-box-wrapper\">\n\n\t\t\t\t\t\t<div class=\"elementor-icon-box-icon\">\n\t\t\t\t<span  class=\"elementor-icon\">\n\t\t\t\t<i aria-hidden=\"true\" class=\"fas fa-exclamation-triangle\"><\/i>\t\t\t\t<\/span>\n\t\t\t<\/div>\n\t\t\t\n\t\t\t\t\t\t<div class=\"elementor-icon-box-content\">\n\n\t\t\t\t\t\t\t\t\t<h5 class=\"elementor-icon-box-title\">\n\t\t\t\t\t\t<span  >\n\t\t\t\t\t\t\tRisk management - ISO14971\t\t\t\t\t\t<\/span>\n\t\t\t\t\t<\/h5>\n\t\t\t\t\n\t\t\t\t\t\t\t\t\t<p class=\"elementor-icon-box-description\">\n\t\t\t\t\t\tRisikomanagement nach ISO 14971 in der Medizintechnik ist ein systematischer Prozess, der darauf abzielt, potenzielle Risiken, die mit der Anwendung von Medizinprodukten verbunden sind, zu identifizieren, zu bewerten, zu kontrollieren und zu \u00fcberwachen. Die ISO 14971 ist eine internationale Norm, die Richtlinien f\u00fcr das Risikomanagement von Medizinprodukten bereitstellt. Der Prozess beginnt mit der Identifikation m\u00f6glicher Gefahren und ihrer Einflussfaktoren. Anschlie\u00dfend erfolgt die Bewertung der Risiken unter Ber\u00fccksichtigung von Wahrscheinlichkeit und Schweregrad. Strategien zur Risikominderung und -kontrolle werden entwickelt, um das akzeptable Risikoniveau zu erreichen. Das Risikomanagement gem\u00e4\u00df ISO 14971 ist ein kontinuierlicher Zyklus, der die gesamte Lebensdauer des Medizinprodukts abdeckt, von der Entwicklung und Herstellung bis zur Anwendung und Wartung. Ziel ist es, die Sicherheit und Leistung der Medizinprodukte zu gew\u00e4hrleisten und die Einhaltung regulatorischer Anforderungen sicherzustellen.\t\t\t\t\t<\/p>\n\t\t\t\t\n\t\t\t<\/div>\n\t\t\t\n\t\t<\/div>\n\t\t\t\t\t\t<\/div>\n\t\t\t\t<\/div>\n\t\t            <\/div>\n        <\/div>\n                    <\/div>\n        <\/section>\n        \t\t<\/div>","protected":false},"excerpt":{"rendered":"<p>Technische Dokumentation Die technische Dokumentation in der Medizintechnik umfasst alle schriftlichen Unterlagen, die f\u00fcr die Entwicklung, Herstellung, Anwendung und Wartung von medizinischen Ger\u00e4ten erforderlich sind. Dazu geh\u00f6ren Spezifikationen, Anleitungen, Validierungsberichte und Zulassungsdokumente. Diese Dokumentation dient der Sicherstellung der Konformit\u00e4t mit regulatorischen Anforderungen, der Qualit\u00e4tssicherung und der Transparenz im gesamten Lebenszyklus des Medizinprodukts. Klinische Bewertung Die [&hellip;]<\/p>\n","protected":false},"author":1,"featured_media":0,"parent":0,"menu_order":0,"comment_status":"closed","ping_status":"closed","template":"","meta":{"footnotes":""},"class_list":["post-9699","page","type-page","status-publish","hentry"],"_links":{"self":[{"href":"https:\/\/qualyconsult.com\/en\/wp-json\/wp\/v2\/pages\/9699","targetHints":{"allow":["GET"]}}],"collection":[{"href":"https:\/\/qualyconsult.com\/en\/wp-json\/wp\/v2\/pages"}],"about":[{"href":"https:\/\/qualyconsult.com\/en\/wp-json\/wp\/v2\/types\/page"}],"author":[{"embeddable":true,"href":"https:\/\/qualyconsult.com\/en\/wp-json\/wp\/v2\/users\/1"}],"replies":[{"embeddable":true,"href":"https:\/\/qualyconsult.com\/en\/wp-json\/wp\/v2\/comments?post=9699"}],"version-history":[{"count":37,"href":"https:\/\/qualyconsult.com\/en\/wp-json\/wp\/v2\/pages\/9699\/revisions"}],"predecessor-version":[{"id":10912,"href":"https:\/\/qualyconsult.com\/en\/wp-json\/wp\/v2\/pages\/9699\/revisions\/10912"}],"wp:attachment":[{"href":"https:\/\/qualyconsult.com\/en\/wp-json\/wp\/v2\/media?parent=9699"}],"curies":[{"name":"wp","href":"https:\/\/api.w.org\/{rel}","templated":true}]}}