{"id":9533,"date":"2023-12-18T13:50:43","date_gmt":"2023-12-18T13:50:43","guid":{"rendered":"https:\/\/qualyconsult.com\/?page_id=9533"},"modified":"2024-10-30T11:50:20","modified_gmt":"2024-10-30T11:50:20","slug":"quality-management","status":"publish","type":"page","link":"https:\/\/qualyconsult.com\/en\/quality-management\/","title":{"rendered":"Qualit\u00e4ts Management"},"content":{"rendered":"<div data-elementor-type=\"wp-page\" data-elementor-id=\"9533\" class=\"elementor elementor-9533\">\n\t\t\t\t        <section class=\"elementor-section elementor-top-section elementor-element elementor-element-a4d6ee7 elementor-section-boxed elementor-section-height-default elementor-section-height-default ct-header-fixed-none ct-row-max-none\" data-id=\"a4d6ee7\" data-element_type=\"section\" data-e-type=\"section\">\n            \n                        <div class=\"elementor-container elementor-column-gap-default\">\n                    <div class=\"elementor-column elementor-col-100 elementor-top-column elementor-element elementor-element-a41fe9f\" data-id=\"a41fe9f\" data-element_type=\"column\" data-e-type=\"column\">\n        <div class=\"elementor-widget-wrap elementor-element-populated\">\n                    \n        \t\t<div class=\"elementor-element elementor-element-3e10eb9 elementor-widget elementor-widget-ct_title\" data-id=\"3e10eb9\" data-element_type=\"widget\" data-e-type=\"widget\" data-widget_type=\"ct_title.default\">\n\t\t\t\t<div class=\"elementor-widget-container\">\n\t\t\t\t\t<div class=\"ct-title1 style2\">\r\n    <h3>\r\n    \t\t        <span>Quality Management<\/span>\r\n\t        <i><\/i>\r\n\t        <\/h3>\r\n<\/div>\t\t\t\t<\/div>\n\t\t\t\t<\/div>\n\t\t\t\t<div class=\"elementor-element elementor-element-dfc7975 elementor-widget elementor-widget-text-editor\" data-id=\"dfc7975\" data-element_type=\"widget\" data-e-type=\"widget\" data-widget_type=\"text-editor.default\">\n\t\t\t\t<div class=\"elementor-widget-container\">\n\t\t\t\t\t\t\t\t\t<p>Sie ben\u00f6tigen ein Qualit\u00e4tsmanagementsystem, kurz (QMS), mit dem Sie ohne Stress durch das n\u00e4chste Audit kommen, da dieses alle regulatorischen Bestimmungen erf\u00fcllt und dabei noch kosteneffektiv ist? -Wir optimieren Ihr QMS gerne oder bauen es von Grund auf mit Ihnen zusammen auf.<\/p><p>Unsere Templates haben zahlreiche Audits bestanden und k\u00f6nnen daher optimal auf Ihr Unternehmen angepasst werden, damit Sie auch in Zukunft alles selbstst\u00e4ndig und einfach weiterentwickeln oder verbessern k\u00f6nnen.<\/p><p>Hierbei begleiten wir Sie Schritt f\u00fcr Schritt, um nicht nur einfach durch das n\u00e4chste Audit zu kommen, sondern auch, um f\u00fcr Sie und Ihre Mitarbeiter einen echten Mehrwert durch das QM-System zu generieren.<\/p><p>Holen Sie sich die Unterst\u00fctzung um im Qualit\u00e4tsmanagement durchzustarten:<\/p>\t\t\t\t\t\t\t\t<\/div>\n\t\t\t\t<\/div>\n\t\t\t\t<div class=\"elementor-element elementor-element-82f365e elementor-widget elementor-widget-ct_list\" data-id=\"82f365e\" data-element_type=\"widget\" data-e-type=\"widget\" data-widget_type=\"ct_list.default\">\n\t\t\t\t<div class=\"elementor-widget-container\">\n\t\t\t\t\t    <div class=\"ct-list style1\">\r\n                    <div class=\"ct-list-item\" data-wow-delay=\"ms\">\r\n            \t<div class=\"ct-list-icon\"><i class=\"fac fac-check-circle\"><\/i><\/div>\r\n            \t<div class=\"ct-list-meta\">\r\n\t            \t<div class=\"ct-list-desc\">\r\n\t            \t\tEU, FDA und international konformes QM System\t            \t<\/div>\r\n                    \t            <\/div>\r\n           <\/div>\r\n                    <div class=\"ct-list-item\" data-wow-delay=\"ms\">\r\n            \t<div class=\"ct-list-icon\"><i class=\"fac fac-check-circle\"><\/i><\/div>\r\n            \t<div class=\"ct-list-meta\">\r\n\t            \t<div class=\"ct-list-desc\">\r\n\t            \t\teinfache Umsetzung f\u00fcr jeden im Unternehmen\t            \t<\/div>\r\n                    \t            <\/div>\r\n           <\/div>\r\n                    <div class=\"ct-list-item\" data-wow-delay=\"ms\">\r\n            \t<div class=\"ct-list-icon\"><i class=\"fac fac-check-circle\"><\/i><\/div>\r\n            \t<div class=\"ct-list-meta\">\r\n\t            \t<div class=\"ct-list-desc\">\r\n\t            \t\tGeringer Aufwand und minimale Kosten\t            \t<\/div>\r\n                    \t            <\/div>\r\n           <\/div>\r\n                    <div class=\"ct-list-item\" data-wow-delay=\"ms\">\r\n            \t<div class=\"ct-list-icon\"><i class=\"fac fac-check-circle\"><\/i><\/div>\r\n            \t<div class=\"ct-list-meta\">\r\n\t            \t<div class=\"ct-list-desc\">\r\n\t            \t\tMock-Audit zur Identifizierung von Schwachstellen\t            \t<\/div>\r\n                    \t            <\/div>\r\n           <\/div>\r\n                    <div class=\"ct-list-item\" data-wow-delay=\"ms\">\r\n            \t<div class=\"ct-list-icon\"><i class=\"fac fac-check-circle\"><\/i><\/div>\r\n            \t<div class=\"ct-list-meta\">\r\n\t            \t<div class=\"ct-list-desc\">\r\n\t            \t\tJahrelange Auditerfahrung bei Herstellern und Zuliferern\t            \t<\/div>\r\n                    \t            <\/div>\r\n           <\/div>\r\n                    <div class=\"ct-list-item\" data-wow-delay=\"ms\">\r\n            \t<div class=\"ct-list-icon\"><i class=\"fac fac-check-circle\"><\/i><\/div>\r\n            \t<div class=\"ct-list-meta\">\r\n\t            \t<div class=\"ct-list-desc\">\r\n\t            \t\tEinweisung in QM-Best Practices, damit Sie selbstst\u00e4ndig agieren k\u00f6nnen \t            \t<\/div>\r\n                    \t            <\/div>\r\n           <\/div>\r\n            <\/div>\r\n\t\t\t\t<\/div>\n\t\t\t\t<\/div>\n\t\t            <\/div>\n        <\/div>\n                    <\/div>\n        <\/section>\n        \t\t<\/div>","protected":false},"excerpt":{"rendered":"<p>Qualit\u00e4tsmanagement Sie ben\u00f6tigen ein Qualit\u00e4tsmanagementsystem, kurz (QMS), mit dem Sie ohne Stress durch das n\u00e4chste Audit kommen, da dieses alle regulatorischen Bestimmungen erf\u00fcllt und dabei noch kosteneffektiv ist? -Wir optimieren Ihr QMS gerne oder bauen es von Grund auf mit Ihnen zusammen auf. Unsere Templates haben zahlreiche Audits bestanden und k\u00f6nnen daher optimal auf Ihr [&hellip;]<\/p>\n","protected":false},"author":1,"featured_media":0,"parent":0,"menu_order":0,"comment_status":"closed","ping_status":"closed","template":"","meta":{"footnotes":""},"class_list":["post-9533","page","type-page","status-publish","hentry"],"_links":{"self":[{"href":"https:\/\/qualyconsult.com\/en\/wp-json\/wp\/v2\/pages\/9533","targetHints":{"allow":["GET"]}}],"collection":[{"href":"https:\/\/qualyconsult.com\/en\/wp-json\/wp\/v2\/pages"}],"about":[{"href":"https:\/\/qualyconsult.com\/en\/wp-json\/wp\/v2\/types\/page"}],"author":[{"embeddable":true,"href":"https:\/\/qualyconsult.com\/en\/wp-json\/wp\/v2\/users\/1"}],"replies":[{"embeddable":true,"href":"https:\/\/qualyconsult.com\/en\/wp-json\/wp\/v2\/comments?post=9533"}],"version-history":[{"count":27,"href":"https:\/\/qualyconsult.com\/en\/wp-json\/wp\/v2\/pages\/9533\/revisions"}],"predecessor-version":[{"id":10677,"href":"https:\/\/qualyconsult.com\/en\/wp-json\/wp\/v2\/pages\/9533\/revisions\/10677"}],"wp:attachment":[{"href":"https:\/\/qualyconsult.com\/en\/wp-json\/wp\/v2\/media?parent=9533"}],"curies":[{"name":"wp","href":"https:\/\/api.w.org\/{rel}","templated":true}]}}