{"id":9362,"date":"2023-08-04T18:26:50","date_gmt":"2023-08-04T18:26:50","guid":{"rendered":"https:\/\/qualyconsult.com\/?page_id=9362"},"modified":"2024-10-31T16:13:47","modified_gmt":"2024-10-31T16:13:47","slug":"mdr-idvr-consulting","status":"publish","type":"page","link":"https:\/\/qualyconsult.com\/en\/mdr-idvr-consulting\/","title":{"rendered":"MDR \/ IDVR"},"content":{"rendered":"<div data-elementor-type=\"wp-page\" data-elementor-id=\"9362\" class=\"elementor elementor-9362\">\n\t\t\t\t        <section class=\"elementor-section elementor-top-section elementor-element elementor-element-a4d6ee7 elementor-section-boxed elementor-section-height-default elementor-section-height-default ct-header-fixed-none ct-row-max-none\" data-id=\"a4d6ee7\" data-element_type=\"section\" data-e-type=\"section\">\n            \n                        <div class=\"elementor-container elementor-column-gap-default\">\n                    <div class=\"elementor-column elementor-col-100 elementor-top-column elementor-element elementor-element-a41fe9f\" data-id=\"a41fe9f\" data-element_type=\"column\" data-e-type=\"column\">\n        <div class=\"elementor-widget-wrap elementor-element-populated\">\n                    \n        \t\t<div class=\"elementor-element elementor-element-3e10eb9 elementor-widget elementor-widget-ct_title\" data-id=\"3e10eb9\" data-element_type=\"widget\" data-e-type=\"widget\" data-widget_type=\"ct_title.default\">\n\t\t\t\t<div class=\"elementor-widget-container\">\n\t\t\t\t\t<div class=\"ct-title1 style2\">\r\n    <h3>\r\n    \t\t        <span>Beratung rund um Medizinprodukte<\/span>\r\n\t        <i><\/i>\r\n\t        <\/h3>\r\n<\/div>\t\t\t\t<\/div>\n\t\t\t\t<\/div>\n\t\t\t\t<div class=\"elementor-element elementor-element-d6decec elementor-widget elementor-widget-text-editor\" data-id=\"d6decec\" data-element_type=\"widget\" data-e-type=\"widget\" data-widget_type=\"text-editor.default\">\n\t\t\t\t<div class=\"elementor-widget-container\">\n\t\t\t\t\t\t\t\t\t<p><span style=\"font-weight: 400;\">Pr\u00e4zision am Produkt zieht sich durch alle Bereiche. Finden Sie hier alle Informationen zu unseren Angeboten, um Ihnen die Produktzulassungen so einfach wie m\u00f6glich zu machen.\u00a0<\/span><\/p><p><span style=\"font-weight: 400;\">Die neue europ\u00e4ische Medizinprodukteverordnung Medical Device Regulation, kurz MDR, muss von Herstellern medizinischer Produkte eingehalten werden, um die Zulassung in Europa zu bekommen. Das amerikanische Gegenst\u00fcck hierzu wird von der Food and Drug Administration, kurz FDA, geregelt.<\/span><\/p><p><span style=\"font-weight: 400;\">Wir unterst\u00fctzen Sie gerne bei der Zulassung Ihrer Produkte in EUROPA, USA und anderen internationalen M\u00e4rkten:<\/span><\/p>\t\t\t\t\t\t\t\t<\/div>\n\t\t\t\t<\/div>\n\t\t        <section class=\"elementor-section elementor-inner-section elementor-element elementor-element-75e940e elementor-section-boxed elementor-section-height-default elementor-section-height-default ct-header-fixed-none ct-row-max-none\" data-id=\"75e940e\" data-element_type=\"section\" data-e-type=\"section\">\n            \n                        <div class=\"elementor-container elementor-column-gap-default\">\n                    <div class=\"elementor-column elementor-col-33 elementor-inner-column elementor-element elementor-element-d617a3f\" data-id=\"d617a3f\" data-element_type=\"column\" data-e-type=\"column\">\n        <div class=\"elementor-widget-wrap elementor-element-populated\">\n                    \n        \t\t<div class=\"elementor-element elementor-element-1893716 elementor-widget__width-initial elementor-widget elementor-widget-ct_list\" data-id=\"1893716\" data-element_type=\"widget\" data-e-type=\"widget\" data-widget_type=\"ct_list.default\">\n\t\t\t\t<div class=\"elementor-widget-container\">\n\t\t\t\t\t    <div class=\"ct-list style1\">\r\n                    <div class=\"ct-list-item\" data-wow-delay=\"ms\">\r\n            \t<div class=\"ct-list-icon\"><i class=\"fac fac-check-circle\"><\/i><\/div>\r\n            \t<div class=\"ct-list-meta\">\r\n\t            \t<div class=\"ct-list-desc\">\r\n\t            \t\tEuropa\t            \t<\/div>\r\n                                            <a class=\"item--link\" href=\"\/en\/product-registration-europe\/\"><\/a>\r\n                    \t            <\/div>\r\n           <\/div>\r\n                    <div class=\"ct-list-item\" data-wow-delay=\"ms\">\r\n            \t<div class=\"ct-list-icon\"><i class=\"fac fac-check-circle\"><\/i><\/div>\r\n            \t<div class=\"ct-list-meta\">\r\n\t            \t<div class=\"ct-list-desc\">\r\n\t            \t\tItalien\t            \t<\/div>\r\n                                            <a class=\"item--link\" href=\"\/en\/product-registration-international\/#Q-Italien\"><\/a>\r\n                    \t            <\/div>\r\n           <\/div>\r\n            <\/div>\r\n\t\t\t\t<\/div>\n\t\t\t\t<\/div>\n\t\t            <\/div>\n        <\/div>\n                <div class=\"elementor-column elementor-col-33 elementor-inner-column elementor-element elementor-element-d1965f8\" data-id=\"d1965f8\" data-element_type=\"column\" data-e-type=\"column\">\n        <div class=\"elementor-widget-wrap elementor-element-populated\">\n                    \n        \t\t<div class=\"elementor-element elementor-element-d0803e9 elementor-widget__width-initial elementor-widget elementor-widget-ct_list\" data-id=\"d0803e9\" data-element_type=\"widget\" data-e-type=\"widget\" data-widget_type=\"ct_list.default\">\n\t\t\t\t<div class=\"elementor-widget-container\">\n\t\t\t\t\t    <div class=\"ct-list style1\">\r\n                    <div class=\"ct-list-item\" data-wow-delay=\"ms\">\r\n            \t<div class=\"ct-list-icon\"><i class=\"fac fac-check-circle\"><\/i><\/div>\r\n            \t<div class=\"ct-list-meta\">\r\n\t            \t<div class=\"ct-list-desc\">\r\n\t            \t\tUSA\t            \t<\/div>\r\n                                            <a class=\"item--link\" href=\"\/en\/product-registration-international\/\"><\/a>\r\n                    \t            <\/div>\r\n           <\/div>\r\n                    <div class=\"ct-list-item\" data-wow-delay=\"ms\">\r\n            \t<div class=\"ct-list-icon\"><i class=\"fac fac-check-circle\"><\/i><\/div>\r\n            \t<div class=\"ct-list-meta\">\r\n\t            \t<div class=\"ct-list-desc\">\r\n\t            \t\tSchweiz\t            \t<\/div>\r\n                                            <a class=\"item--link\" href=\"\/en\/product-registration-international\/\"><\/a>\r\n                    \t            <\/div>\r\n           <\/div>\r\n            <\/div>\r\n\t\t\t\t<\/div>\n\t\t\t\t<\/div>\n\t\t            <\/div>\n        <\/div>\n                <div class=\"elementor-column elementor-col-33 elementor-inner-column elementor-element elementor-element-0264901\" data-id=\"0264901\" data-element_type=\"column\" data-e-type=\"column\">\n        <div class=\"elementor-widget-wrap elementor-element-populated\">\n                    \n        \t\t<div class=\"elementor-element elementor-element-eca31ab elementor-widget__width-initial elementor-widget elementor-widget-ct_list\" data-id=\"eca31ab\" data-element_type=\"widget\" data-e-type=\"widget\" data-widget_type=\"ct_list.default\">\n\t\t\t\t<div class=\"elementor-widget-container\">\n\t\t\t\t\t    <div class=\"ct-list style1\">\r\n                    <div class=\"ct-list-item\" data-wow-delay=\"ms\">\r\n            \t<div class=\"ct-list-icon\"><i class=\"fac fac-check-circle\"><\/i><\/div>\r\n            \t<div class=\"ct-list-meta\">\r\n\t            \t<div class=\"ct-list-desc\">\r\n\t            \t\tVereinigtes K\u00f6nigreich (UK)\t            \t<\/div>\r\n                                            <a class=\"item--link\" href=\"\/en\/product-registration-international\/#Q-UK\"><\/a>\r\n                    \t            <\/div>\r\n           <\/div>\r\n                    <div class=\"ct-list-item\" data-wow-delay=\"ms\">\r\n            \t<div class=\"ct-list-icon\"><i class=\"fac fac-check-circle\"><\/i><\/div>\r\n            \t<div class=\"ct-list-meta\">\r\n\t            \t<div class=\"ct-list-desc\">\r\n\t            \t\t\u00c4thiopien\t            \t<\/div>\r\n                                            <a class=\"item--link\" href=\"\/en\/product-registration-international\/#Q-\u00c4thiopien\"><\/a>\r\n                    \t            <\/div>\r\n           <\/div>\r\n            <\/div>\r\n\t\t\t\t<\/div>\n\t\t\t\t<\/div>\n\t\t            <\/div>\n        <\/div>\n                    <\/div>\n        <\/section>\n        \t\t<div class=\"elementor-element elementor-element-e6f2cf2 elementor-widget elementor-widget-ct_title\" data-id=\"e6f2cf2\" data-element_type=\"widget\" data-e-type=\"widget\" data-widget_type=\"ct_title.default\">\n\t\t\t\t<div class=\"elementor-widget-container\">\n\t\t\t\t\t<div class=\"ct-title1 style2\">\r\n    <h3>\r\n    \t\t        <span>MDR Consulting<\/span>\r\n\t        <i><\/i>\r\n\t        <\/h3>\r\n<\/div>\t\t\t\t<\/div>\n\t\t\t\t<\/div>\n\t\t\t\t<div class=\"elementor-element elementor-element-c9f78f3 elementor-widget elementor-widget-text-editor\" data-id=\"c9f78f3\" data-element_type=\"widget\" data-e-type=\"widget\" data-widget_type=\"text-editor.default\">\n\t\t\t\t<div class=\"elementor-widget-container\">\n\t\t\t\t\t\t\t\t\t<h5>Die MDR<\/h5><p><span style=\"font-weight: 400;\">Die Medical Device Regulation, kurz MDR, bildet die regulatorische Vorgabe der Europ\u00e4ischen Union f\u00fcr Medizinprodukte und ist eine Verordnung. Die Idee dahinter ist unter anderem mehr Transparenz, klinische Sicherheit und internationale Angleichung an Standards. Die neue Verordnung MDR (EU) 2017\/745 l\u00f6st somit die alte Richtlinie 93\/42\/EWG \u00fcber Medizinprodukte ab. Die MDR ist somit ab dem 26. Mai 2021 in Kraft getreten.\u00a0<\/span><\/p><p><span style=\"font-weight: 400;\">Da die Anforderungen f\u00fcr Hersteller gestiegen sind, um Medizinprodukte in Europa verkaufen zu d\u00fcrfen, sahen sich viele Hersteller mit dem engen Zeitplan \u00fcberrumpelt und \u00fcberfordert. Auch die benannten Stellen haben die Anforderungen zum Transfer ihrer Kunden und deren Ressourcen Planung kritisch ge\u00e4u\u00dfert, so dass sich die Europ\u00e4ische Kommission auf neue Fristen f\u00fcr Bestandsprodukte gem\u00e4\u00df Artikel 120 geeinigt hat. <\/span><\/p><h5>Neue Fristen<\/h5><p><span style=\"font-weight: 400;\">Die Europ\u00e4ische Kommission ver\u00f6ffentlichte am 6. Januar 2023 auf Druck der Industrie einen Vorschlag, die MDR-\u00dcbergangsfristen zu verl\u00e4ngern. Dieser wurde am 16. Februar 2023 verabschiedet und trat damit in Kraft. Da Hersteller die Urspr\u00fcngliche Deadline nicht einhalten konnten. Um zu verhindern, dass viele Medizinprodukte die Marktzulassung verlieren, wurde hier im Interesse der Hersteller, aber auch der Patientinnen und benannten Stellen gehandelt.<\/span><\/p>\t\t\t\t\t\t\t\t<\/div>\n\t\t\t\t<\/div>\n\t\t            <\/div>\n        <\/div>\n                    <\/div>\n        <\/section>\n                <section class=\"elementor-section elementor-top-section elementor-element elementor-element-1281df5 elementor-section-boxed elementor-section-height-default elementor-section-height-default ct-header-fixed-none ct-row-max-none\" data-id=\"1281df5\" data-element_type=\"section\" data-e-type=\"section\">\n            \n                        <div class=\"elementor-container elementor-column-gap-default\">\n                    <div class=\"elementor-column elementor-col-100 elementor-top-column elementor-element elementor-element-a3a1912\" data-id=\"a3a1912\" data-element_type=\"column\" data-e-type=\"column\">\n        <div class=\"elementor-widget-wrap elementor-element-populated\">\n                    \n        \t\t<div class=\"elementor-element elementor-element-d1f724c elementor-widget__width-initial e-transform elementor-widget elementor-widget-ct_countdown\" data-id=\"d1f724c\" data-element_type=\"widget\" data-e-type=\"widget\" data-settings=\"{&quot;_transform_scale_effect&quot;:{&quot;unit&quot;:&quot;px&quot;,&quot;size&quot;:0.8,&quot;sizes&quot;:[]},&quot;_transform_scale_effect_tablet&quot;:{&quot;unit&quot;:&quot;px&quot;,&quot;size&quot;:&quot;&quot;,&quot;sizes&quot;:[]},&quot;_transform_scale_effect_mobile&quot;:{&quot;unit&quot;:&quot;px&quot;,&quot;size&quot;:&quot;&quot;,&quot;sizes&quot;:[]}}\" data-widget_type=\"ct_countdown.default\">\n\t\t\t\t<div class=\"elementor-widget-container\">\n\t\t\t\t\t<div class=\"ct-countdown-wrap ct-countdown-layout1\" data-wow-delay=\"ms\">\r\n\t<div class=\"ct-countdown\" \r\n\t\tdata-month=\"Month\"\r\n\t\tdata-months=\"Months\"\r\n\t\tdata-day=\"Day\"\r\n\t\tdata-days=\"Days\"\r\n\t\tdata-hour=\"Hour\"\r\n\t\tdata-hours=\"Hours\"\r\n\t\tdata-minute=\"Minute\"\r\n\t\tdata-minutes=\"Minutes\"\r\n\t\tdata-second=\"Second\"\r\n\t\tdata-seconds=\"Seconds\">\r\n\t\t<div class=\"ct-countdown-inner\" data-count-down=\"2027.12.31\"><\/div>\r\n\t<\/div>\r\n<\/div>\t\t\t\t<\/div>\n\t\t\t\t<\/div>\n\t\t\t\t<div class=\"elementor-element elementor-element-7f387c1 elementor-widget__width-initial elementor-widget elementor-widget-text-editor\" data-id=\"7f387c1\" data-element_type=\"widget\" data-e-type=\"widget\" data-widget_type=\"text-editor.default\">\n\t\t\t\t<div class=\"elementor-widget-container\">\n\t\t\t\t\t\t\t\t\t<table class=\"has-fixed-layout\">\n<tbody>\n<tr>\n<td>\n<h5><strong>Produktklassen<\/strong><\/h5>\n<\/td>\n<td>\n<h5><strong>Altes Datum<\/strong><\/h5>\n<\/td>\n<td>\n<h5><strong>Neues Datum<\/strong><\/h5>\n<\/td>\n<\/tr>\n<tr>\n<td><strong>Klasse Is, Im, Ir<\/strong><\/td>\n<td>\u2013<\/td>\n<td>31. Dezember 2028<\/td>\n<\/tr>\n<tr>\n<td><strong>Klasse IIa<\/strong><\/td>\n<td>26. Mai 2024<\/td>\n<td>31. Dezember 2028<\/td>\n<\/tr>\n<tr>\n<td><strong>Klasse IIb nicht implantierbar<\/strong><\/td>\n<td>26. Mai 2024<\/td>\n<td>31. Dezember 2028<\/td>\n<\/tr>\n<tr>\n<td><strong>Klasse IIb implantierbar<\/strong><\/td>\n<td>26. Mai 2024<\/td>\n<td>31. Dezember 2027<\/td>\n<\/tr>\n<tr>\n<td><strong>Klasse III<\/strong><\/td>\n<td>26. Mai 2024<\/td>\n<td>31. Dezember 2027<\/td>\n<\/tr>\n<\/tbody>\n<\/table>\t\t\t\t\t\t\t\t<\/div>\n\t\t\t\t<\/div>\n\t\t\t\t<div class=\"elementor-element elementor-element-a9546a0 elementor-widget elementor-widget-text-editor\" data-id=\"a9546a0\" data-element_type=\"widget\" data-e-type=\"widget\" data-widget_type=\"text-editor.default\">\n\t\t\t\t<div class=\"elementor-widget-container\">\n\t\t\t\t\t\t\t\t\t<h5>Fehlende Benannte Stellen<\/h5><p><span style=\"font-weight: 400;\">Die geringe Anzahl an Benannten Stellen war mit ein Hauptgrund, wieso die Fristen zur MDR-Umsetzung verl\u00e4ngert wurden. Benannte Stellen pr\u00fcfen die Konformit\u00e4t der bei ihnen eingereichten Produkte unabh\u00e4ngig und somit unabdingbar, um die Zertifizierung zu erhalten. Mit der Verl\u00e4ngerung ging man hier einen Kompromiss ein.<\/span><\/p><p><span style=\"font-weight: 400;\">Allein bis Oktober 2022 gingen \u00fcber 8.000 Konformit\u00e4tspr\u00fcfungen ein, aber lediglich 2.000 Zertifizierungen wurden vergeben. Da es zus\u00e4tzlich noch \u00fcber 20.000 Legacy Devices gibt, welche in Zukunft zertifiziert werden k\u00f6nnten, sch\u00e4tzen Experten, dass die Umstellung noch bis Ende 2027 in Anspruch nimmt, auch wenn zus\u00e4tzliche Benannte Stellen hinzukommen. \u00a0 <\/span><\/p>\t\t\t\t\t\t\t\t<\/div>\n\t\t\t\t<\/div>\n\t\t\t\t<div class=\"elementor-element elementor-element-6468a76 elementor-widget elementor-widget-text-editor\" data-id=\"6468a76\" data-element_type=\"widget\" data-e-type=\"widget\" data-widget_type=\"text-editor.default\">\n\t\t\t\t<div class=\"elementor-widget-container\">\n\t\t\t\t\t\t\t\t\t<h5>Legacy Devices<\/h5><p><span style=\"font-weight: 400;\">Ausschlie\u00dflich Legacy Devices sind betroffen, also solche Produkte, f\u00fcr die eine vor dem 26. Mai 2021 gem\u00e4\u00df den Richtlinien 90\/385\/EWG oder 93\/42\/EWG des Europ\u00e4ischen Rates ausgestellte Bescheinigung oder Konformit\u00e4tserkl\u00e4rung vorliegt. Die Bedingungen hierf\u00fcr sind:\u00a0<\/span><\/p><ol><li style=\"font-weight: 400;\" aria-level=\"1\"><span style=\"font-weight: 400;\">Weiterhin konform mit MDD \/ AIMDD (Active Implantable Medical Device Directive)<\/span><\/li><li style=\"font-weight: 400;\" aria-level=\"1\"><span style=\"font-weight: 400;\">Keine wesentliche Ver\u00e4nderung des Produkts<\/span><\/li><li style=\"font-weight: 400;\" aria-level=\"1\"><span style=\"font-weight: 400;\">Produkt stellt kein unannehmbares Risiko f\u00fcr Patient:innen dar<\/span><\/li><li style=\"font-weight: 400;\" aria-level=\"1\"><span style=\"font-weight: 400;\">Qualit\u00e4tsmanagementsystem gem\u00e4\u00df Artikel 10(9) bis sp\u00e4testens 26.05.2024 eingerichtet<\/span><\/li><li style=\"font-weight: 400;\" aria-level=\"1\"><span style=\"font-weight: 400;\">Konformit\u00e4tsbewertung nach MDR bis zum 26.05.2024 beantragt, schriftliche Vereinbarung mit einer Benannten Stelle bis sp\u00e4testens 26.09.2024\u00a0<\/span><\/li><\/ol><p><span style=\"font-weight: 400;\">Die zuvor festgelegte Abverkaufsfrist vom 27. Mai 2025 wurde in diesem Zug g\u00e4nzlich gestrichen, um ebenfalls das Risiko eines Versorgungsengpasses zu verhindern. Hersteller k\u00f6nnen nun die vor dem 26. Mai 2021 bereits auf den Markt gebrachten Medizinprodukte ohne zeitliche Einschr\u00e4nkung abverkaufen.<\/span><\/p><p><span style=\"font-weight: 400;\">Die Fristen zur UDI-Kennzeichnung bleiben unver\u00e4ndert.<\/span><\/p>\t\t\t\t\t\t\t\t<\/div>\n\t\t\t\t<\/div>\n\t\t            <\/div>\n        <\/div>\n                    <\/div>\n        <\/section>\n        \t\t<\/div>","protected":false},"excerpt":{"rendered":"<p>Beratung rund um Medizinprodukte Pr\u00e4zision am Produkt zieht sich durch alle Bereiche. Finden Sie hier alle Informationen zu unseren Angeboten, um Ihnen die Produktzulassungen so einfach wie m\u00f6glich zu machen.\u00a0 Die neue europ\u00e4ische Medizinprodukteverordnung Medical Device Regulation, kurz MDR, muss von Herstellern medizinischer Produkte eingehalten werden, um die Zulassung in Europa zu bekommen. Das amerikanische [&hellip;]<\/p>\n","protected":false},"author":1,"featured_media":0,"parent":0,"menu_order":0,"comment_status":"closed","ping_status":"closed","template":"","meta":{"footnotes":""},"class_list":["post-9362","page","type-page","status-publish","hentry"],"_links":{"self":[{"href":"https:\/\/qualyconsult.com\/en\/wp-json\/wp\/v2\/pages\/9362","targetHints":{"allow":["GET"]}}],"collection":[{"href":"https:\/\/qualyconsult.com\/en\/wp-json\/wp\/v2\/pages"}],"about":[{"href":"https:\/\/qualyconsult.com\/en\/wp-json\/wp\/v2\/types\/page"}],"author":[{"embeddable":true,"href":"https:\/\/qualyconsult.com\/en\/wp-json\/wp\/v2\/users\/1"}],"replies":[{"embeddable":true,"href":"https:\/\/qualyconsult.com\/en\/wp-json\/wp\/v2\/comments?post=9362"}],"version-history":[{"count":27,"href":"https:\/\/qualyconsult.com\/en\/wp-json\/wp\/v2\/pages\/9362\/revisions"}],"predecessor-version":[{"id":10849,"href":"https:\/\/qualyconsult.com\/en\/wp-json\/wp\/v2\/pages\/9362\/revisions\/10849"}],"wp:attachment":[{"href":"https:\/\/qualyconsult.com\/en\/wp-json\/wp\/v2\/media?parent=9362"}],"curies":[{"name":"wp","href":"https:\/\/api.w.org\/{rel}","templated":true}]}}