{"id":9341,"date":"2023-08-04T16:33:20","date_gmt":"2023-08-04T16:33:20","guid":{"rendered":"https:\/\/qualyconsult.com\/?page_id=9341"},"modified":"2024-10-30T10:43:20","modified_gmt":"2024-10-30T10:43:20","slug":"product-registration-europe","status":"publish","type":"page","link":"https:\/\/qualyconsult.com\/en\/product-registration-europe\/","title":{"rendered":"Produktzulassungen Europa"},"content":{"rendered":"<div data-elementor-type=\"wp-page\" data-elementor-id=\"9341\" class=\"elementor elementor-9341\">\n\t\t\t\t        <section class=\"elementor-section elementor-top-section elementor-element elementor-element-a4d6ee7 elementor-section-boxed elementor-section-height-default elementor-section-height-default ct-header-fixed-none ct-row-max-none\" data-id=\"a4d6ee7\" data-element_type=\"section\" data-e-type=\"section\">\n            \n                        <div class=\"elementor-container elementor-column-gap-default\">\n                    <div class=\"elementor-column elementor-col-100 elementor-top-column elementor-element elementor-element-a41fe9f\" data-id=\"a41fe9f\" data-element_type=\"column\" data-e-type=\"column\">\n        <div class=\"elementor-widget-wrap elementor-element-populated\">\n                    \n        \t\t<div class=\"elementor-element elementor-element-3e10eb9 elementor-widget elementor-widget-ct_title\" data-id=\"3e10eb9\" data-element_type=\"widget\" data-e-type=\"widget\" data-widget_type=\"ct_title.default\">\n\t\t\t\t<div class=\"elementor-widget-container\">\n\t\t\t\t\t<div class=\"ct-title1 style2\">\r\n    <h3>\r\n    \t\t        <span>Produktzulassungen Europa<\/span>\r\n\t        <i><\/i>\r\n\t        <\/h3>\r\n<\/div>\t\t\t\t<\/div>\n\t\t\t\t<\/div>\n\t\t\t\t<div class=\"elementor-element elementor-element-d6decec elementor-widget elementor-widget-text-editor\" data-id=\"d6decec\" data-element_type=\"widget\" data-e-type=\"widget\" data-widget_type=\"text-editor.default\">\n\t\t\t\t<div class=\"elementor-widget-container\">\n\t\t\t\t\t\t\t\t\t<p><span style=\"font-weight: 400;\">Um Sie in weiteren relevanten Bereichen zu unterst\u00fctzen, bieten wir weitere Service an, welche Ihnen auch international hilfreich sind.<\/span><\/p>\t\t\t\t\t\t\t\t<\/div>\n\t\t\t\t<\/div>\n\t\t\t\t<div class=\"elementor-element elementor-element-ab84ec3 elementor-widget elementor-widget-text-editor\" data-id=\"ab84ec3\" data-element_type=\"widget\" data-e-type=\"widget\" data-widget_type=\"text-editor.default\">\n\t\t\t\t<div class=\"elementor-widget-container\">\n\t\t\t\t\t\t\t\t\t<h5><b>Technische Dokumentation nach MDR: Ihr Schl\u00fcssel zum erfolgreichen Abschluss des Konformit\u00e4tsbewertungsverfahrens<\/b><\/h5><p><span style=\"font-weight: 400;\">Die Medizinprodukteverordnung (MDR) hat die Anforderungen an die Technische Dokumentation von Medizinprodukten deutlich versch\u00e4rft. Als Medizinproduktehersteller stehen Sie vor der Herausforderung, eine umfangreiche und detaillierte Dokumentation zu erstellen, um die Konformit\u00e4t Ihrer Produkte mit den neuen gesetzlichen Bestimmungen nachzuweisen.<\/span><\/p><p><b>Warum ist die Technische Dokumentation so wichtig?<\/b><\/p>\t\t\t\t\t\t\t\t<\/div>\n\t\t\t\t<\/div>\n\t\t\t\t<div class=\"elementor-element elementor-element-9b44e69 elementor-widget elementor-widget-ct_list\" data-id=\"9b44e69\" data-element_type=\"widget\" data-e-type=\"widget\" data-widget_type=\"ct_list.default\">\n\t\t\t\t<div class=\"elementor-widget-container\">\n\t\t\t\t\t    <div class=\"ct-list style1\">\r\n                    <div class=\"ct-list-item\" data-wow-delay=\"ms\">\r\n            \t<div class=\"ct-list-icon\"><i class=\"fac fac-check-circle\"><\/i><\/div>\r\n            \t<div class=\"ct-list-meta\">\r\n\t            \t<div class=\"ct-list-desc\">\r\n\t            \t\t<b>Zulassung:<\/b> Die Technische Dokumentation ist die Grundlage f\u00fcr die CE-Kennzeichnung und damit f\u00fcr die Inverkehrbringung Ihres Produkts.\t            \t<\/div>\r\n                    \t            <\/div>\r\n           <\/div>\r\n                    <div class=\"ct-list-item\" data-wow-delay=\"ms\">\r\n            \t<div class=\"ct-list-icon\"><i class=\"fac fac-check-circle\"><\/i><\/div>\r\n            \t<div class=\"ct-list-meta\">\r\n\t            \t<div class=\"ct-list-desc\">\r\n\t            \t\t<b>Risikomanagement:<\/b> Sie dient als Nachweis daf\u00fcr, dass Sie alle Risiken identifiziert und bewertet haben.\t            \t<\/div>\r\n                    \t            <\/div>\r\n           <\/div>\r\n                    <div class=\"ct-list-item\" data-wow-delay=\"ms\">\r\n            \t<div class=\"ct-list-icon\"><i class=\"fac fac-check-circle\"><\/i><\/div>\r\n            \t<div class=\"ct-list-meta\">\r\n\t            \t<div class=\"ct-list-desc\">\r\n\t            \t\t<b>Qualit\u00e4tssicherung:  <\/b>Sie gew\u00e4hrleistet die Qualit\u00e4t und Sicherheit Ihres Produkts \u00fcber den gesamten Lebenszyklus.\t            \t<\/div>\r\n                    \t            <\/div>\r\n           <\/div>\r\n                    <div class=\"ct-list-item\" data-wow-delay=\"ms\">\r\n            \t<div class=\"ct-list-icon\"><i class=\"fac fac-check-circle\"><\/i><\/div>\r\n            \t<div class=\"ct-list-meta\">\r\n\t            \t<div class=\"ct-list-desc\">\r\n\t            \t\t<b> Haftung: <\/b>Im Falle von Haftungsanspr\u00fcchen kann die Technische Dokumentation als wichtiger Beweis dienen.\t            \t<\/div>\r\n                    \t            <\/div>\r\n           <\/div>\r\n            <\/div>\r\n\t\t\t\t<\/div>\n\t\t\t\t<\/div>\n\t\t\t\t<div class=\"elementor-element elementor-element-825f468 elementor-widget elementor-widget-text-editor\" data-id=\"825f468\" data-element_type=\"widget\" data-e-type=\"widget\" data-widget_type=\"text-editor.default\">\n\t\t\t\t<div class=\"elementor-widget-container\">\n\t\t\t\t\t\t\t\t\t<p><b>Was sind die wesentlichen Unterschiede zur MDD?<\/b><\/p>\t\t\t\t\t\t\t\t<\/div>\n\t\t\t\t<\/div>\n\t\t\t\t<div class=\"elementor-element elementor-element-e43d8e3 elementor-widget elementor-widget-ct_list\" data-id=\"e43d8e3\" data-element_type=\"widget\" data-e-type=\"widget\" data-widget_type=\"ct_list.default\">\n\t\t\t\t<div class=\"elementor-widget-container\">\n\t\t\t\t\t    <div class=\"ct-list style1\">\r\n                    <div class=\"ct-list-item\" data-wow-delay=\"ms\">\r\n            \t<div class=\"ct-list-icon\"><i class=\"fac fac-check-circle\"><\/i><\/div>\r\n            \t<div class=\"ct-list-meta\">\r\n\t            \t<div class=\"ct-list-desc\">\r\n\t            \t\t<b>Umfang:<\/b> Die MDR verlangt eine wesentlich detailliertere Dokumentation, insbesondere in Bezug auf klinische Daten, Risikomanagement und Post-Market Surveillance.\t            \t<\/div>\r\n                    \t            <\/div>\r\n           <\/div>\r\n                    <div class=\"ct-list-item\" data-wow-delay=\"ms\">\r\n            \t<div class=\"ct-list-icon\"><i class=\"fac fac-check-circle\"><\/i><\/div>\r\n            \t<div class=\"ct-list-meta\">\r\n\t            \t<div class=\"ct-list-desc\">\r\n\t            \t\t<b>Spezifische Anforderungen:<\/b> Die MDR definiert genaue Anforderungen an den Inhalt und die Struktur der Dokumentation.\t            \t<\/div>\r\n                    \t            <\/div>\r\n           <\/div>\r\n                    <div class=\"ct-list-item\" data-wow-delay=\"ms\">\r\n            \t<div class=\"ct-list-icon\"><i class=\"fac fac-check-circle\"><\/i><\/div>\r\n            \t<div class=\"ct-list-meta\">\r\n\t            \t<div class=\"ct-list-desc\">\r\n\t            \t\t<b>Benannte Stellen:<\/b> Die Rolle der benannten Stellen wurde gest\u00e4rkt, sie pr\u00fcfen die Dokumentation detaillierter.\t            \t<\/div>\r\n                    \t            <\/div>\r\n           <\/div>\r\n            <\/div>\r\n\t\t\t\t<\/div>\n\t\t\t\t<\/div>\n\t\t\t\t<div class=\"elementor-element elementor-element-861accc elementor-widget elementor-widget-text-editor\" data-id=\"861accc\" data-element_type=\"widget\" data-e-type=\"widget\" data-widget_type=\"text-editor.default\">\n\t\t\t\t<div class=\"elementor-widget-container\">\n\t\t\t\t\t\t\t\t\t<p><b>Unsere Unterst\u00fctzung f\u00fcr Sie:<\/b><\/p><p>Als Ihr <span style=\"font-weight: 400;\">erfahrener Partner unterst\u00fctzen wir Sie bei der Erstellung Ihrer Technischen Dokumentation. Unsere Experten verf\u00fcgen \u00fcber umfassendes Know-how in den Bereichen:<\/span><\/p>\t\t\t\t\t\t\t\t<\/div>\n\t\t\t\t<\/div>\n\t\t\t\t<div class=\"elementor-element elementor-element-116e7a3 elementor-widget elementor-widget-ct_list\" data-id=\"116e7a3\" data-element_type=\"widget\" data-e-type=\"widget\" id=\"Q-Konformit\u00e4t\" data-widget_type=\"ct_list.default\">\n\t\t\t\t<div class=\"elementor-widget-container\">\n\t\t\t\t\t    <div class=\"ct-list style1\">\r\n                    <div class=\"ct-list-item\" data-wow-delay=\"ms\">\r\n            \t<div class=\"ct-list-icon\"><i class=\"fac fac-check-circle\"><\/i><\/div>\r\n            \t<div class=\"ct-list-meta\">\r\n\t            \t<div class=\"ct-list-desc\">\r\n\t            \t\tErstellung individueller Dokumentationskonzepte\t            \t<\/div>\r\n                    \t            <\/div>\r\n           <\/div>\r\n                    <div class=\"ct-list-item\" data-wow-delay=\"ms\">\r\n            \t<div class=\"ct-list-icon\"><i class=\"fac fac-check-circle\"><\/i><\/div>\r\n            \t<div class=\"ct-list-meta\">\r\n\t            \t<div class=\"ct-list-desc\">\r\n\t            \t\tFormulierung klarer und pr\u00e4ziser Texte\t            \t<\/div>\r\n                    \t            <\/div>\r\n           <\/div>\r\n                    <div class=\"ct-list-item\" data-wow-delay=\"ms\">\r\n            \t<div class=\"ct-list-icon\"><i class=\"fac fac-check-circle\"><\/i><\/div>\r\n            \t<div class=\"ct-list-meta\">\r\n\t            \t<div class=\"ct-list-desc\">\r\n\t            \t\tZusammenstellung aller erforderlichen Unterlagen\t            \t<\/div>\r\n                    \t            <\/div>\r\n           <\/div>\r\n                    <div class=\"ct-list-item\" data-wow-delay=\"ms\">\r\n            \t<div class=\"ct-list-icon\"><i class=\"fac fac-check-circle\"><\/i><\/div>\r\n            \t<div class=\"ct-list-meta\">\r\n\t            \t<div class=\"ct-list-desc\">\r\n\t            \t\tDurchf\u00fchrung von Qualit\u00e4tspr\u00fcfungen\t            \t<\/div>\r\n                    \t            <\/div>\r\n           <\/div>\r\n                    <div class=\"ct-list-item\" data-wow-delay=\"ms\">\r\n            \t<div class=\"ct-list-icon\"><i class=\"fac fac-check-circle\"><\/i><\/div>\r\n            \t<div class=\"ct-list-meta\">\r\n\t            \t<div class=\"ct-list-desc\">\r\n\t            \t\tBegleitung bei Audits der benannten Stellen\t            \t<\/div>\r\n                    \t            <\/div>\r\n           <\/div>\r\n            <\/div>\r\n\t\t\t\t<\/div>\n\t\t\t\t<\/div>\n\t\t\t\t<div class=\"elementor-element elementor-element-fb9b71d elementor-widget elementor-widget-text-editor\" data-id=\"fb9b71d\" data-element_type=\"widget\" data-e-type=\"widget\" data-widget_type=\"text-editor.default\">\n\t\t\t\t<div class=\"elementor-widget-container\">\n\t\t\t\t\t\t\t\t\t<h5><b>CE &#8211; EU Konformit\u00e4tsbewertungsverfahren<\/b><\/h5><p><span style=\"font-weight: 400;\">Die Konformit\u00e4tserkl\u00e4rung ist das Herzst\u00fcck der Selbstzertifizierung von Medizinprodukten. Sie ist ein Dokument, in dem der Hersteller erkl\u00e4rt:<\/span><\/p>\t\t\t\t\t\t\t\t<\/div>\n\t\t\t\t<\/div>\n\t\t\t\t<div class=\"elementor-element elementor-element-9f646f3 elementor-widget elementor-widget-ct_list\" data-id=\"9f646f3\" data-element_type=\"widget\" data-e-type=\"widget\" data-widget_type=\"ct_list.default\">\n\t\t\t\t<div class=\"elementor-widget-container\">\n\t\t\t\t\t    <div class=\"ct-list style1\">\r\n                    <div class=\"ct-list-item\" data-wow-delay=\"ms\">\r\n            \t<div class=\"ct-list-icon\"><i class=\"fac fac-check-circle\"><\/i><\/div>\r\n            \t<div class=\"ct-list-meta\">\r\n\t            \t<div class=\"ct-list-desc\">\r\n\t            \t\t<b>\u00dcbereinstimmung:<\/b> Das Produkt entspricht allen relevanten gesetzlichen Anforderungen (Richtlinien, Verordnungen, Normen) des EWR.\t            \t<\/div>\r\n                    \t            <\/div>\r\n           <\/div>\r\n                    <div class=\"ct-list-item\" data-wow-delay=\"ms\">\r\n            \t<div class=\"ct-list-icon\"><i class=\"fac fac-check-circle\"><\/i><\/div>\r\n            \t<div class=\"ct-list-meta\">\r\n\t            \t<div class=\"ct-list-desc\">\r\n\t            \t\t<b>Verantwortung:<\/b> Der Hersteller \u00fcbernimmt die Verantwortung f\u00fcr die Konformit\u00e4t seines Produkts.\t            \t<\/div>\r\n                    \t            <\/div>\r\n           <\/div>\r\n                    <div class=\"ct-list-item\" data-wow-delay=\"ms\">\r\n            \t<div class=\"ct-list-icon\"><i class=\"fac fac-check-circle\"><\/i><\/div>\r\n            \t<div class=\"ct-list-meta\">\r\n\t            \t<div class=\"ct-list-desc\">\r\n\t            \t\t<b>CE-Kennzeichnung:<\/b> Das Produkt darf mit dem CE-Kennzeichen versehen werden, das die \u00dcbereinstimmung mit den gesetzlichen Anforderungen bescheinigt.\t            \t<\/div>\r\n                    \t            <\/div>\r\n           <\/div>\r\n            <\/div>\r\n\t\t\t\t<\/div>\n\t\t\t\t<\/div>\n\t\t\t\t<div class=\"elementor-element elementor-element-146bcd7 elementor-widget elementor-widget-text-editor\" data-id=\"146bcd7\" data-element_type=\"widget\" data-e-type=\"widget\" data-widget_type=\"text-editor.default\">\n\t\t\t\t<div class=\"elementor-widget-container\">\n\t\t\t\t\t\t\t\t\t<p><b>Das Konformit\u00e4tsbewertungsverfahren<\/b><\/p><p><span style=\"font-weight: 400;\">Das Konformit\u00e4tsbewertungsverfahren ist ein systematischer Prozess, der sicherstellt, dass das Produkt die erforderlichen Anforderungen erf\u00fcllt. Die Wahl der Module h\u00e4ngt von der Klassifizierung des Medizinprodukts ab, die sich nach <\/span><span style=\"font-weight: 400;\">dem<\/span><span style=\"font-weight: 400;\"> Gef\u00e4hrdungspotenzial bestimmt.<\/span><\/p><p><b>Typische Module sind:<\/b><\/p>\t\t\t\t\t\t\t\t<\/div>\n\t\t\t\t<\/div>\n\t\t\t\t<div class=\"elementor-element elementor-element-9ca8177 elementor-widget elementor-widget-ct_list\" data-id=\"9ca8177\" data-element_type=\"widget\" data-e-type=\"widget\" data-widget_type=\"ct_list.default\">\n\t\t\t\t<div class=\"elementor-widget-container\">\n\t\t\t\t\t    <div class=\"ct-list style1\">\r\n                    <div class=\"ct-list-item\" data-wow-delay=\"ms\">\r\n            \t<div class=\"ct-list-icon\"><i class=\"fac fac-check-circle\"><\/i><\/div>\r\n            \t<div class=\"ct-list-meta\">\r\n\t            \t<div class=\"ct-list-desc\">\r\n\t            \t\t<b>Technische Dokumentation:<\/b> Umfasst alle relevanten Informationen \u00fcber das Produkt, wie Design, Herstellung, Pr\u00fcfung und Leistung.\t            \t<\/div>\r\n                    \t            <\/div>\r\n           <\/div>\r\n                    <div class=\"ct-list-item\" data-wow-delay=\"ms\">\r\n            \t<div class=\"ct-list-icon\"><i class=\"fac fac-check-circle\"><\/i><\/div>\r\n            \t<div class=\"ct-list-meta\">\r\n\t            \t<div class=\"ct-list-desc\">\r\n\t            \t\t<b>Qualit\u00e4tsmanagementsystem:<\/b> Beschreibt die Prozesse, die der Hersteller zur Gew\u00e4hrleistung der Qualit\u00e4t seiner Produkte einsetzt.\t            \t<\/div>\r\n                    \t            <\/div>\r\n           <\/div>\r\n                    <div class=\"ct-list-item\" data-wow-delay=\"ms\">\r\n            \t<div class=\"ct-list-icon\"><i class=\"fac fac-check-circle\"><\/i><\/div>\r\n            \t<div class=\"ct-list-meta\">\r\n\t            \t<div class=\"ct-list-desc\">\r\n\t            \t\t<b>Baumusterpr\u00fcfung:<\/b> Eine unabh\u00e4ngige Pr\u00fcfung eines repr\u00e4sentativen Produkts durch eine benannte Stelle.\t            \t<\/div>\r\n                    \t            <\/div>\r\n           <\/div>\r\n                    <div class=\"ct-list-item\" data-wow-delay=\"ms\">\r\n            \t<div class=\"ct-list-icon\"><i class=\"fac fac-check-circle\"><\/i><\/div>\r\n            \t<div class=\"ct-list-meta\">\r\n\t            \t<div class=\"ct-list-desc\">\r\n\t            \t\t<b>Produktions\u00fcberwachung:<\/b> Regelm\u00e4\u00dfige \u00dcberpr\u00fcfungen der Produktionsprozesse durch den Hersteller oder eine benannte Stelle.\t            \t<\/div>\r\n                    \t            <\/div>\r\n           <\/div>\r\n            <\/div>\r\n\t\t\t\t<\/div>\n\t\t\t\t<\/div>\n\t\t\t\t<div class=\"elementor-element elementor-element-21c1094 elementor-widget elementor-widget-text-editor\" data-id=\"21c1094\" data-element_type=\"widget\" data-e-type=\"widget\" data-widget_type=\"text-editor.default\">\n\t\t\t\t<div class=\"elementor-widget-container\">\n\t\t\t\t\t\t\t\t\t<p><b>Ziele des Verfahrens<\/b><\/p>\t\t\t\t\t\t\t\t<\/div>\n\t\t\t\t<\/div>\n\t\t\t\t<div class=\"elementor-element elementor-element-e1be8b1 elementor-widget elementor-widget-ct_list\" data-id=\"e1be8b1\" data-element_type=\"widget\" data-e-type=\"widget\" data-widget_type=\"ct_list.default\">\n\t\t\t\t<div class=\"elementor-widget-container\">\n\t\t\t\t\t    <div class=\"ct-list style1\">\r\n                    <div class=\"ct-list-item\" data-wow-delay=\"ms\">\r\n            \t<div class=\"ct-list-icon\"><i class=\"fac fac-check-circle\"><\/i><\/div>\r\n            \t<div class=\"ct-list-meta\">\r\n\t            \t<div class=\"ct-list-desc\">\r\n\t            \t\t<b>Patientensicherheit:<\/b> Schutz der Patienten vor Risiken durch unsichere oder ineffektive Medizinprodukte.\t            \t<\/div>\r\n                    \t            <\/div>\r\n           <\/div>\r\n                    <div class=\"ct-list-item\" data-wow-delay=\"ms\">\r\n            \t<div class=\"ct-list-icon\"><i class=\"fac fac-check-circle\"><\/i><\/div>\r\n            \t<div class=\"ct-list-meta\">\r\n\t            \t<div class=\"ct-list-desc\">\r\n\t            \t\t<b>Freier Warenverkehr:<\/b> Gew\u00e4hrleistung des freien Handels mit Medizinprodukten innerhalb des EWR.\t            \t<\/div>\r\n                    \t            <\/div>\r\n           <\/div>\r\n                    <div class=\"ct-list-item\" data-wow-delay=\"ms\">\r\n            \t<div class=\"ct-list-icon\"><i class=\"fac fac-check-circle\"><\/i><\/div>\r\n            \t<div class=\"ct-list-meta\">\r\n\t            \t<div class=\"ct-list-desc\">\r\n\t            \t\t<b>Rechtssicherheit:<\/b> Klar definierte Anforderungen und Verantwortlichkeiten f\u00fcr Hersteller und Beh\u00f6rden.\t            \t<\/div>\r\n                    \t            <\/div>\r\n           <\/div>\r\n            <\/div>\r\n\t\t\t\t<\/div>\n\t\t\t\t<\/div>\n\t\t\t\t<div class=\"elementor-element elementor-element-52609e7 elementor-widget elementor-widget-text-editor\" data-id=\"52609e7\" data-element_type=\"widget\" data-e-type=\"widget\" id=\"Q-EUrepresentative\" data-widget_type=\"text-editor.default\">\n\t\t\t\t<div class=\"elementor-widget-container\">\n\t\t\t\t\t\t\t\t\t<p><b>Bedeutung der benannten Stellen<\/b><\/p><p><span style=\"font-weight: 400;\">Benannte Stellen sind Organisationen, die von einer mitgliedstaatlichen Beh\u00f6rde benannt wurden, um bestimmte Konformit\u00e4tsbewertungsaufgaben durchzuf\u00fchren. Sie spielen eine wichtige Rolle bei der \u00dcberpr\u00fcfung der Konformit\u00e4t von Medizinprodukten und tragen zur St\u00e4rkung des Vertrauens in das System bei.<\/span><\/p>\t\t\t\t\t\t\t\t<\/div>\n\t\t\t\t<\/div>\n\t\t            <\/div>\n        <\/div>\n                    <\/div>\n        <\/section>\n        \t\t<\/div>","protected":false},"excerpt":{"rendered":"<p>Produktzulassungen Europa Um Sie in weiteren relevanten Bereichen zu unterst\u00fctzen, bieten wir weitere Service an, welche Ihnen auch international hilfreich sind. Technische Dokumentation nach MDR: Ihr Schl\u00fcssel zum erfolgreichen Abschluss des Konformit\u00e4tsbewertungsverfahrens Die Medizinprodukteverordnung (MDR) hat die Anforderungen an die Technische Dokumentation von Medizinprodukten deutlich versch\u00e4rft. Als Medizinproduktehersteller stehen Sie vor der Herausforderung, eine umfangreiche [&hellip;]<\/p>\n","protected":false},"author":1,"featured_media":0,"parent":0,"menu_order":0,"comment_status":"closed","ping_status":"closed","template":"","meta":{"footnotes":""},"class_list":["post-9341","page","type-page","status-publish","hentry"],"_links":{"self":[{"href":"https:\/\/qualyconsult.com\/en\/wp-json\/wp\/v2\/pages\/9341","targetHints":{"allow":["GET"]}}],"collection":[{"href":"https:\/\/qualyconsult.com\/en\/wp-json\/wp\/v2\/pages"}],"about":[{"href":"https:\/\/qualyconsult.com\/en\/wp-json\/wp\/v2\/types\/page"}],"author":[{"embeddable":true,"href":"https:\/\/qualyconsult.com\/en\/wp-json\/wp\/v2\/users\/1"}],"replies":[{"embeddable":true,"href":"https:\/\/qualyconsult.com\/en\/wp-json\/wp\/v2\/comments?post=9341"}],"version-history":[{"count":36,"href":"https:\/\/qualyconsult.com\/en\/wp-json\/wp\/v2\/pages\/9341\/revisions"}],"predecessor-version":[{"id":10637,"href":"https:\/\/qualyconsult.com\/en\/wp-json\/wp\/v2\/pages\/9341\/revisions\/10637"}],"wp:attachment":[{"href":"https:\/\/qualyconsult.com\/en\/wp-json\/wp\/v2\/media?parent=9341"}],"curies":[{"name":"wp","href":"https:\/\/api.w.org\/{rel}","templated":true}]}}