{"id":8173,"date":"2023-07-14T16:42:50","date_gmt":"2023-07-14T16:42:50","guid":{"rendered":"https:\/\/qualyconsult.com\/?page_id=8173"},"modified":"2024-10-31T21:52:14","modified_gmt":"2024-10-31T21:52:14","slug":"why-qualyconsult","status":"publish","type":"page","link":"https:\/\/qualyconsult.com\/en\/why-qualyconsult\/","title":{"rendered":"Why Qualyconsult"},"content":{"rendered":"<div data-elementor-type=\"wp-page\" data-elementor-id=\"8173\" class=\"elementor elementor-8173\">\n\t\t\t\t        <section class=\"elementor-section elementor-top-section elementor-element elementor-element-68c872 elementor-section-content-middle elementor-section-boxed elementor-section-height-default elementor-section-height-default ct-header-fixed-none ct-row-max-none\" data-id=\"68c872\" data-element_type=\"section\" data-e-type=\"section\">\n            \n                        <div class=\"elementor-container elementor-column-gap-extended\">\n                    <div class=\"elementor-column elementor-col-50 elementor-top-column elementor-element elementor-element-553856d0\" data-id=\"553856d0\" data-element_type=\"column\" data-e-type=\"column\">\n        <div class=\"elementor-widget-wrap elementor-element-populated\">\n                    \n        \t\t<div class=\"elementor-element elementor-element-4b6cccf6 elementor-widget elementor-widget-ct_heading\" data-id=\"4b6cccf6\" data-element_type=\"widget\" data-e-type=\"widget\" data-widget_type=\"ct_heading.default\">\n\t\t\t\t<div class=\"elementor-widget-container\">\n\t\t\t\t\t<div id=\"ct_heading-4b6cccf6\" class=\"ct-heading h-align- sub-style1 ct-heading-left item-st-default\">\r\n\t<div class=\"ct-item--inner\">\r\n        <div class=\"ct-inline-css\"  data-css=\"            \">\r\n        <\/div>\r\n            \t\t<div class=\"item--sub-title style1 show-line\">\r\n                                Career                                                            <\/div>\r\n    \t        <h3 class=\"item--title st-default case-animate-time\" data-wow-delay=\"ms\">\r\n                        <span class=\"sp-main\">\r\n                \r\n                Wir suchen die besten, die das beste suchen. \r\n                \r\n                            <\/span>\r\n                    <\/h3>\r\n    <\/div>\r\n<\/div>\t\t\t\t<\/div>\n\t\t\t\t<\/div>\n\t\t            <\/div>\n        <\/div>\n                <div class=\"elementor-column elementor-col-50 elementor-top-column elementor-element elementor-element-7bfd02a3\" data-id=\"7bfd02a3\" data-element_type=\"column\" data-e-type=\"column\">\n        <div class=\"elementor-widget-wrap elementor-element-populated\">\n                    \n        \t\t<div class=\"elementor-element elementor-element-4ec2a151 elementor-widget elementor-widget-text-editor\" data-id=\"4ec2a151\" data-element_type=\"widget\" data-e-type=\"widget\" data-widget_type=\"text-editor.default\">\n\t\t\t\t<div class=\"elementor-widget-container\">\n\t\t\t\t\t\t\t\t\t<p>Wir sind ein schnell wachsendes Unternehmen und suchen Talente die ihr Wissen nicht nur in Ihrem Bereich einbringen, aber auch im Unternehmen allgemein und den Drang haben, mit zu gestalten.\u00a0\u00a0<\/p>\t\t\t\t\t\t\t\t<\/div>\n\t\t\t\t<\/div>\n\t\t            <\/div>\n        <\/div>\n                    <\/div>\n        <\/section>\n                <section class=\"elementor-section elementor-top-section elementor-element elementor-element-646659e elementor-section-boxed elementor-section-height-default elementor-section-height-default ct-header-fixed-none ct-row-max-none\" data-id=\"646659e\" data-element_type=\"section\" data-e-type=\"section\">\n            \n                        <div class=\"elementor-container elementor-column-gap-default\">\n                    <div class=\"elementor-column elementor-col-100 elementor-top-column elementor-element elementor-element-f0c52ef\" data-id=\"f0c52ef\" data-element_type=\"column\" data-e-type=\"column\">\n        <div class=\"elementor-widget-wrap elementor-element-populated\">\n                    \n        \t\t<div class=\"elementor-element elementor-element-d05ce4f elementor-widget elementor-widget-text-editor\" data-id=\"d05ce4f\" data-element_type=\"widget\" data-e-type=\"widget\" id=\"Q-Inklusion\" data-widget_type=\"text-editor.default\">\n\t\t\t\t<div class=\"elementor-widget-container\">\n\t\t\t\t\t\t\t\t\t<p><span style=\"font-weight: 400;\">Wir haben nicht nur hohe Anspr\u00fcche, was die Zufriedenheit unserer Kunden angeht, sondern auch, was das Klima im Unternehmen betrifft. Wir wollen, dass sich alle in einer angenehmen Atmosph\u00e4re wohlf\u00fchlen und durch gegenseitige Unterst\u00fctzung ihr volles Potential aussch\u00f6pfen.\u00a0<\/span><\/p><p><span style=\"font-weight: 400;\">Proaktive Karriereentwicklung ist hierbei ein Schlagwort, was nicht nur Dich, sondern uns alle voranbringt.\u00a0<\/span><\/p><p><span style=\"font-weight: 400;\">Wir setzen sehr auf Eigenverantwortung und haben keine Ambitionen, jemanden zu micromanagen. Dies hilft, auf Ver\u00e4nderungen und auf Neues schnell zu reagieren, da selbstst\u00e4ndige Entscheidungen getroffen werden k\u00f6nnen. <\/span><\/p>\t\t\t\t\t\t\t\t<\/div>\n\t\t\t\t<\/div>\n\t\t            <\/div>\n        <\/div>\n                    <\/div>\n        <\/section>\n                <section class=\"elementor-section elementor-top-section elementor-element elementor-element-194a793 elementor-section-boxed elementor-section-height-default elementor-section-height-default ct-header-fixed-none ct-row-max-none\" data-id=\"194a793\" data-element_type=\"section\" data-e-type=\"section\">\n            \n                        <div class=\"elementor-container elementor-column-gap-default\">\n                    <div class=\"elementor-column elementor-col-100 elementor-top-column elementor-element elementor-element-faaf2ab\" data-id=\"faaf2ab\" data-element_type=\"column\" data-e-type=\"column\">\n        <div class=\"elementor-widget-wrap elementor-element-populated\">\n                    \n        \t\t<div class=\"elementor-element elementor-element-d78dff2 elementor-widget elementor-widget-text-editor\" data-id=\"d78dff2\" data-element_type=\"widget\" data-e-type=\"widget\" id=\"Q-Flexibilit\u00e4t\" data-widget_type=\"text-editor.default\">\n\t\t\t\t<div class=\"elementor-widget-container\">\n\t\t\t\t\t\t\t\t\t<h5>Wir beziehen alle ein. Ja, alle. Inklusion.<\/h5><p><span style=\"font-weight: 400;\">Wir bauen darauf, dass auch Du zur Vielfalt beitr\u00e4gst. Egal ob durch Nationalit\u00e4t, Religion, sexuelle Orientierung oder eine Behinderung. Wir sind davon \u00fcberzeugt, dass Diversit\u00e4t eine Bereicherung ist, auf die wir nicht verzichten wollen.<\/span><\/p><p><span style=\"font-weight: 400;\">Respektvolles Agieren und vor allem Zuh\u00f6ren schafft Chancengleichheit, und diese wiederum schafft Vertrauen, nicht nur in uns selbst, sondern auch in unsere wertgesch\u00e4tzte Arbeit.\u00a0 <\/span><\/p><p><strong>\u201cIf we want to include everyone, we have to help everyone develop their talents and use their gifts for the good of the community. That\u2019s what inclusion means\u2013 everyone contributes.\u201d <\/strong>\u2013Melinda Gates<\/p><p>&#8230;so sehen wir das auch.<\/p>\t\t\t\t\t\t\t\t<\/div>\n\t\t\t\t<\/div>\n\t\t\t\t<div class=\"elementor-element elementor-element-7c1adbe elementor-widget elementor-widget-text-editor\" data-id=\"7c1adbe\" data-element_type=\"widget\" data-e-type=\"widget\" data-widget_type=\"text-editor.default\">\n\t\t\t\t<div class=\"elementor-widget-container\">\n\t\t\t\t\t\t\t\t\t<h5><span style=\"letter-spacing: 0px;\">Heute hier, morgen dort! -Wieso eigentlich nicht? Flexibilit\u00e4t.<\/span><\/h5><p><span style=\"font-weight: 400;\">Flexibilit\u00e4t am Arbeitsplatz ist nicht nur seit der Pandemie ein gro\u00dfes Wort. Bei uns kommt es auf das Endergebnis an, und nicht wo oder wann das Endergebnis erzielt wurde. Was im Englischen mit work-life-balance gemeint ist, soll auch uns den Arbeitsalltag erleichtern, sodass wir uns voll auf die Resultate konzentrieren k\u00f6nnen.\u00a0<\/span><\/p><p><span style=\"font-weight: 400;\">Wir haben alle Familien, Freunde, Haustiere oder Notf\u00e4lle. Seinen Arbeitsalltag so anzupassen, dass alles unter einen Hut passt, ist daher ein Ziel, das wir durch Flexibilit\u00e4t so weit unterst\u00fctzen wollen wie nur m\u00f6glich.<\/span><\/p><p><span style=\"font-weight: 400;\">Damit effektives Arbeiten auch remote m\u00f6glich ist, spielen wir bei der Digitalisierung ganz vorne mit. Was im Privaten schon \u00fcberall zu finden ist, sollte beim Arbeiten schon selbstverst\u00e4ndlich sein.<\/span><\/p>\t\t\t\t\t\t\t\t<\/div>\n\t\t\t\t<\/div>\n\t\t            <\/div>\n        <\/div>\n                    <\/div>\n        <\/section>\n                <section class=\"elementor-section elementor-top-section elementor-element elementor-element-46e8757 elementor-section-boxed elementor-section-height-default elementor-section-height-default ct-header-fixed-none ct-row-max-none\" data-id=\"46e8757\" data-element_type=\"section\" data-e-type=\"section\">\n            \n                        <div class=\"elementor-container elementor-column-gap-extended\">\n                    <div class=\"elementor-column elementor-col-100 elementor-top-column elementor-element elementor-element-f024788\" data-id=\"f024788\" data-element_type=\"column\" data-e-type=\"column\">\n        <div class=\"elementor-widget-wrap elementor-element-populated\">\n                    \n                <section class=\"elementor-section elementor-inner-section elementor-element elementor-element-99f0e65 elementor-section-boxed elementor-section-height-default elementor-section-height-default ct-header-fixed-none ct-row-max-none\" data-id=\"99f0e65\" data-element_type=\"section\" data-e-type=\"section\" data-settings=\"{&quot;background_background&quot;:&quot;classic&quot;}\">\n            \n                        <div class=\"elementor-container elementor-column-gap-default\">\n                    <div class=\"elementor-column elementor-col-100 elementor-inner-column elementor-element elementor-element-8583a3d\" data-id=\"8583a3d\" data-element_type=\"column\" data-e-type=\"column\">\n        <div class=\"elementor-widget-wrap elementor-element-populated\">\n                    \n        \t\t<div class=\"elementor-element elementor-element-b615215 elementor-widget elementor-widget-ct_heading\" data-id=\"b615215\" data-element_type=\"widget\" data-e-type=\"widget\" data-widget_type=\"ct_heading.default\">\n\t\t\t\t<div class=\"elementor-widget-container\">\n\t\t\t\t\t<div id=\"ct_heading-b615215\" class=\"ct-heading h-align-center sub-style1 ct-heading-left item-st-default\">\r\n\t<div class=\"ct-item--inner\">\r\n        <div class=\"ct-inline-css\"  data-css=\"            \">\r\n        <\/div>\r\n                <h3 class=\"item--title st-default case-animate-time\" data-wow-delay=\"ms\">\r\n                        <span class=\"sp-main\">\r\n                \r\n                Starten wir Zusammen.\r\n                \r\n                            <\/span>\r\n                    <\/h3>\r\n    <\/div>\r\n<\/div>\t\t\t\t<\/div>\n\t\t\t\t<\/div>\n\t\t\t\t<div class=\"elementor-element elementor-element-475dc6e elementor-align-center el-inline elementor-widget elementor-widget-ct_button\" data-id=\"475dc6e\" data-element_type=\"widget\" data-e-type=\"widget\" data-widget_type=\"ct_button.default\">\n\t\t\t\t<div class=\"elementor-widget-container\">\n\t\t\t\t\t<div id=\"ct_button-475dc6e\" class=\"ct-button-wrapper ct-button-layout1 icon-left btn--inline\">\r\n    <div class=\"ct-inline-css\"  data-css=\"        \">\r\n    <\/div>\r\n            <span class=\"ct-icon-active\"><\/span>\r\n        <a href=\"\/en\/contact\/\" class=\"btn btn-half-circle1 icon-active btn-inline-block wow fadeInLeft\" data-wow-delay=\"ms\">\r\n                            <span class=\"ct-button-icon ct-align-icon-left\">\r\n                <i aria-hidden=\"true\" class=\"flaticonv2 flaticonv2-right-arrow\"><\/i>            <\/span>\r\n                <span class=\"ct-button-text\">Kontaktiere uns<\/span>\r\n    <\/a>\r\n<\/div>\t\t\t\t<\/div>\n\t\t\t\t<\/div>\n\t\t\t\t<div class=\"elementor-element elementor-element-a712d2a elementor-align-center el-inline elementor-widget elementor-widget-ct_button\" data-id=\"a712d2a\" data-element_type=\"widget\" data-e-type=\"widget\" data-widget_type=\"ct_button.default\">\n\t\t\t\t<div class=\"elementor-widget-container\">\n\t\t\t\t\t<div id=\"ct_button-a712d2a\" class=\"ct-button-wrapper ct-button-layout1 icon-right btn--inline\">\r\n    <div class=\"ct-inline-css\"  data-css=\"        \">\r\n    <\/div>\r\n            <span class=\"ct-icon-active\"><\/span>\r\n        <a href=\"\/en\/about-us\/\" class=\"btn line-white2 icon-active btn-inline-block wow fadeInRight\" data-wow-delay=\"ms\">\r\n                            <span class=\"ct-button-icon ct-align-icon-right\">\r\n                <i aria-hidden=\"true\" class=\"flaticonv2 flaticonv2-right-arrow\"><\/i>            <\/span>\r\n                <span class=\"ct-button-text\">About us<\/span>\r\n    <\/a>\r\n<\/div>\t\t\t\t<\/div>\n\t\t\t\t<\/div>\n\t\t            <\/div>\n        <\/div>\n                    <\/div>\n        <\/section>\n                    <\/div>\n        <\/div>\n                    <\/div>\n        <\/section>\n                <section class=\"elementor-section elementor-top-section elementor-element elementor-element-c400be0 elementor-section-boxed elementor-section-height-default elementor-section-height-default ct-header-fixed-none ct-row-max-none\" data-id=\"c400be0\" data-element_type=\"section\" data-e-type=\"section\">\n            \n                        <div class=\"elementor-container elementor-column-gap-default\">\n                    <div class=\"elementor-column elementor-col-100 elementor-top-column elementor-element elementor-element-8285e9e\" data-id=\"8285e9e\" data-element_type=\"column\" data-e-type=\"column\">\n        <div class=\"elementor-widget-wrap elementor-element-populated\">\n                    \n                    <\/div>\n        <\/div>\n                    <\/div>\n        <\/section>\n        \t\t<\/div>","protected":false},"excerpt":{"rendered":"<p>Career Wir suchen die besten, die das beste suchen. Wir sind ein schnell wachsendes Unternehmen und suchen Talente die ihr Wissen nicht nur in Ihrem Bereich einbringen, aber auch im Unternehmen allgemein und den Drang haben, mit zu gestalten.\u00a0\u00a0 Wir haben nicht nur hohe Anspr\u00fcche, was die Zufriedenheit unserer Kunden angeht, sondern auch, was das [&hellip;]<\/p>\n","protected":false},"author":1,"featured_media":0,"parent":0,"menu_order":0,"comment_status":"closed","ping_status":"closed","template":"","meta":{"footnotes":""},"class_list":["post-8173","page","type-page","status-publish","hentry"],"_links":{"self":[{"href":"https:\/\/qualyconsult.com\/en\/wp-json\/wp\/v2\/pages\/8173","targetHints":{"allow":["GET"]}}],"collection":[{"href":"https:\/\/qualyconsult.com\/en\/wp-json\/wp\/v2\/pages"}],"about":[{"href":"https:\/\/qualyconsult.com\/en\/wp-json\/wp\/v2\/types\/page"}],"author":[{"embeddable":true,"href":"https:\/\/qualyconsult.com\/en\/wp-json\/wp\/v2\/users\/1"}],"replies":[{"embeddable":true,"href":"https:\/\/qualyconsult.com\/en\/wp-json\/wp\/v2\/comments?post=8173"}],"version-history":[{"count":18,"href":"https:\/\/qualyconsult.com\/en\/wp-json\/wp\/v2\/pages\/8173\/revisions"}],"predecessor-version":[{"id":11036,"href":"https:\/\/qualyconsult.com\/en\/wp-json\/wp\/v2\/pages\/8173\/revisions\/11036"}],"wp:attachment":[{"href":"https:\/\/qualyconsult.com\/en\/wp-json\/wp\/v2\/media?parent=8173"}],"curies":[{"name":"wp","href":"https:\/\/api.w.org\/{rel}","templated":true}]}}