{"id":8137,"date":"2023-07-13T22:53:39","date_gmt":"2023-07-13T22:53:39","guid":{"rendered":"https:\/\/qualyconsult.com\/?page_id=8137"},"modified":"2024-10-31T21:57:22","modified_gmt":"2024-10-31T21:57:22","slug":"career-changer","status":"publish","type":"page","link":"https:\/\/qualyconsult.com\/en\/career\/career-changer\/","title":{"rendered":"Career changer"},"content":{"rendered":"<div data-elementor-type=\"wp-page\" data-elementor-id=\"8137\" class=\"elementor elementor-8137\">\n\t\t\t\t        <section class=\"elementor-section elementor-top-section elementor-element elementor-element-68c872 elementor-section-content-middle elementor-section-boxed elementor-section-height-default elementor-section-height-default ct-header-fixed-none ct-row-max-none\" data-id=\"68c872\" data-element_type=\"section\" data-e-type=\"section\">\n            \n                        <div class=\"elementor-container elementor-column-gap-extended\">\n                    <div class=\"elementor-column elementor-col-50 elementor-top-column elementor-element elementor-element-553856d0\" data-id=\"553856d0\" data-element_type=\"column\" data-e-type=\"column\">\n        <div class=\"elementor-widget-wrap elementor-element-populated\">\n                    \n        \t\t<div class=\"elementor-element elementor-element-4b6cccf6 elementor-widget elementor-widget-ct_heading\" data-id=\"4b6cccf6\" data-element_type=\"widget\" data-e-type=\"widget\" data-widget_type=\"ct_heading.default\">\n\t\t\t\t<div class=\"elementor-widget-container\">\n\t\t\t\t\t<div id=\"ct_heading-4b6cccf6\" class=\"ct-heading h-align- sub-style1 ct-heading-left item-st-default\">\r\n\t<div class=\"ct-item--inner\">\r\n        <div class=\"ct-inline-css\"  data-css=\"            \">\r\n        <\/div>\r\n            \t\t<div class=\"item--sub-title style1 show-line\">\r\n                                Career                                                            <\/div>\r\n    \t        <h3 class=\"item--title st-default case-animate-time\" data-wow-delay=\"ms\">\r\n                        <span class=\"sp-main\">\r\n                \r\n                Career changer\r\n                \r\n                            <\/span>\r\n                    <\/h3>\r\n    <\/div>\r\n<\/div>\t\t\t\t<\/div>\n\t\t\t\t<\/div>\n\t\t\t\t<div class=\"elementor-element elementor-element-53efc4a elementor-widget elementor-widget-text-editor\" data-id=\"53efc4a\" data-element_type=\"widget\" data-e-type=\"widget\" data-widget_type=\"text-editor.default\">\n\t\t\t\t<div class=\"elementor-widget-container\">\n\t\t\t\t\t\t\t\t\t<h5><a href=\"\/en\/open-positions\/\">\ud83e\udc78 Offene Stellen<\/a><\/h5>\t\t\t\t\t\t\t\t<\/div>\n\t\t\t\t<\/div>\n\t\t            <\/div>\n        <\/div>\n                <div class=\"elementor-column elementor-col-50 elementor-top-column elementor-element elementor-element-7bfd02a3\" data-id=\"7bfd02a3\" data-element_type=\"column\" data-e-type=\"column\">\n        <div class=\"elementor-widget-wrap elementor-element-populated\">\n                    \n        \t\t<div class=\"elementor-element elementor-element-4ec2a151 elementor-widget elementor-widget-text-editor\" data-id=\"4ec2a151\" data-element_type=\"widget\" data-e-type=\"widget\" data-widget_type=\"text-editor.default\">\n\t\t\t\t<div class=\"elementor-widget-container\">\n\t\t\t\t\t\t\t\t\t<p>Wir sind ein schnell wachsendes Unternehmen und suchen Talente, die ihr Wissen nicht nur in Ihrem Bereich einbringen, aber auch im Unternehmen allgemein und den Drang haben, mit zu gestalten.<\/p>\t\t\t\t\t\t\t\t<\/div>\n\t\t\t\t<\/div>\n\t\t            <\/div>\n        <\/div>\n                    <\/div>\n        <\/section>\n                <section class=\"elementor-section elementor-top-section elementor-element elementor-element-822e37f elementor-section-boxed elementor-section-height-default elementor-section-height-default ct-header-fixed-none ct-row-max-none\" data-id=\"822e37f\" data-element_type=\"section\" data-e-type=\"section\">\n            \n                        <div class=\"elementor-container elementor-column-gap-default\">\n                    <div class=\"elementor-column elementor-col-66 elementor-top-column elementor-element elementor-element-da032af\" data-id=\"da032af\" data-element_type=\"column\" data-e-type=\"column\">\n        <div class=\"elementor-widget-wrap elementor-element-populated\">\n                    \n        \t\t<div class=\"elementor-element elementor-element-67e5487 elementor-widget__width-initial elementor-widget elementor-widget-text-editor\" data-id=\"67e5487\" data-element_type=\"widget\" data-e-type=\"widget\" data-widget_type=\"text-editor.default\">\n\t\t\t\t<div class=\"elementor-widget-container\">\n\t\t\t\t\t\t\t\t\t<p><span style=\"font-weight: 400;\">Unsere Kunden darin zu unterst\u00fctzen chirurgische Innovationen zu entwickeln, ist unsere Leidenschaft. Kompetenz, Motivation und Engagement unserer Mitarbeiter sind daf\u00fcr entscheidend. Deshalb sind wir immer auf der Suche nach Menschen, die sich Ziele setzen, Ideen entwickeln und offen f\u00fcr Neues sind. Werde auch Du ein Teil dieser Innovation und trage so dazu bei, die Lebensqualit\u00e4t der Menschen zu verbessern.<\/span><\/p><p><span style=\"font-weight: 400;\">\u00a0<\/span><\/p><h5>Du kannst schon was?<\/h5><p>Auch wir haben uns weiterentwickelt und Neues entdeckt. Du interessierst dich jetzt f\u00fcr einen neuen Karriereweg, ein neues Aufgabenfeld oder sogar eine komplett andere Industrie? -Wir glauben, dass alle Vorkenntnisse in unsere Bildung mit einflie\u00dfen und schauen uns gerne an, wie du in unser Team passt.\u00a0<\/p><p>Ob Dein Einstieg nun quer oder gerade ist, solange Du gerne etwas Neues lernst und dich engagiert in das Team einbringst, hast du den Dreh sicher schnell raus und kannst vom ersten Tag an mitgestalten.<\/p><p>Wir freuen uns auf Deine\u00a0<strong>aussagekr\u00e4ftige Bewerbung<\/strong>\u00a0inklusive fr\u00fchestm\u00f6glichem\u00a0<strong>Eintrittstermin<\/strong> sowie der <strong>Gehaltsvorstellung<\/strong>.<\/p><p>Wir behandeln jede Kommunikation streng vertraulich.<\/p>\t\t\t\t\t\t\t\t<\/div>\n\t\t\t\t<\/div>\n\t\t            <\/div>\n        <\/div>\n                <div class=\"elementor-column elementor-col-33 elementor-top-column elementor-element elementor-element-8171267\" data-id=\"8171267\" data-element_type=\"column\" data-e-type=\"column\">\n        <div class=\"elementor-widget-wrap elementor-element-populated\">\n                    \n        \t\t<div class=\"elementor-element elementor-element-0d3981d elementor-align-center el-inline elementor-widget elementor-widget-ct_button\" data-id=\"0d3981d\" data-element_type=\"widget\" data-e-type=\"widget\" data-widget_type=\"ct_button.default\">\n\t\t\t\t<div class=\"elementor-widget-container\">\n\t\t\t\t\t<div id=\"ct_button-0d3981d\" class=\"ct-button-wrapper ct-button-layout1 icon-left btn--inline\">\r\n    <div class=\"ct-inline-css\"  data-css=\"        \">\r\n    <\/div>\r\n            <span class=\"ct-icon-active\"><\/span>\r\n        <a href=\"\/en\/contact\/\" class=\"btn btn-half-circle1 icon-active btn-inline-block wow fadeInLeft\" data-wow-delay=\"ms\">\r\n                            <span class=\"ct-button-icon ct-align-icon-left\">\r\n                <i aria-hidden=\"true\" class=\"flaticonv2 flaticonv2-right-arrow\"><\/i>            <\/span>\r\n                <span class=\"ct-button-text\">Jetzt bewerben<\/span>\r\n    <\/a>\r\n<\/div>\t\t\t\t<\/div>\n\t\t\t\t<\/div>\n\t\t\t\t<div class=\"elementor-element elementor-element-2bd0b54 elementor-widget elementor-widget-text-editor\" data-id=\"2bd0b54\" data-element_type=\"widget\" data-e-type=\"widget\" data-widget_type=\"text-editor.default\">\n\t\t\t\t<div class=\"elementor-widget-container\">\n\t\t\t\t\t\t\t\t\t<p><strong>Lokation<\/strong><br \/>Neuhausen ob Eck, Germany &amp; Remote<\/p>\t\t\t\t\t\t\t\t<\/div>\n\t\t\t\t<\/div>\n\t\t\t\t<div class=\"elementor-element elementor-element-7e73c0b elementor-widget-divider--view-line elementor-widget elementor-widget-divider\" data-id=\"7e73c0b\" data-element_type=\"widget\" data-e-type=\"widget\" data-widget_type=\"divider.default\">\n\t\t\t\t<div class=\"elementor-widget-container\">\n\t\t\t\t\t\t\t<div class=\"elementor-divider\">\n\t\t\t<span class=\"elementor-divider-separator\">\n\t\t\t\t\t\t<\/span>\n\t\t<\/div>\n\t\t\t\t\t\t<\/div>\n\t\t\t\t<\/div>\n\t\t\t\t<div class=\"elementor-element elementor-element-08cb98b elementor-widget elementor-widget-text-editor\" data-id=\"08cb98b\" data-element_type=\"widget\" data-e-type=\"widget\" data-widget_type=\"text-editor.default\">\n\t\t\t\t<div class=\"elementor-widget-container\">\n\t\t\t\t\t\t\t\t\t<p><strong>Abteilung<\/strong><br \/>Wir finden schon heraus wo Du dich am besten einbringen kannst<\/p>\t\t\t\t\t\t\t\t<\/div>\n\t\t\t\t<\/div>\n\t\t\t\t<div class=\"elementor-element elementor-element-85e865e elementor-widget-divider--view-line elementor-widget elementor-widget-divider\" data-id=\"85e865e\" data-element_type=\"widget\" data-e-type=\"widget\" data-widget_type=\"divider.default\">\n\t\t\t\t<div class=\"elementor-widget-container\">\n\t\t\t\t\t\t\t<div class=\"elementor-divider\">\n\t\t\t<span class=\"elementor-divider-separator\">\n\t\t\t\t\t\t<\/span>\n\t\t<\/div>\n\t\t\t\t\t\t<\/div>\n\t\t\t\t<\/div>\n\t\t\t\t<div class=\"elementor-element elementor-element-233f4d5 elementor-widget elementor-widget-text-editor\" data-id=\"233f4d5\" data-element_type=\"widget\" data-e-type=\"widget\" data-widget_type=\"text-editor.default\">\n\t\t\t\t<div class=\"elementor-widget-container\">\n\t\t\t\t\t\t\t\t\t<p><strong>Einstellung<\/strong><br \/>Vollzeit<\/p>\t\t\t\t\t\t\t\t<\/div>\n\t\t\t\t<\/div>\n\t\t\t\t<div class=\"elementor-element elementor-element-a34e940 elementor-widget-divider--view-line elementor-widget elementor-widget-divider\" data-id=\"a34e940\" data-element_type=\"widget\" data-e-type=\"widget\" data-widget_type=\"divider.default\">\n\t\t\t\t<div class=\"elementor-widget-container\">\n\t\t\t\t\t\t\t<div class=\"elementor-divider\">\n\t\t\t<span class=\"elementor-divider-separator\">\n\t\t\t\t\t\t<\/span>\n\t\t<\/div>\n\t\t\t\t\t\t<\/div>\n\t\t\t\t<\/div>\n\t\t\t\t<div class=\"elementor-element elementor-element-30f5436 elementor-widget elementor-widget-text-editor\" data-id=\"30f5436\" data-element_type=\"widget\" data-e-type=\"widget\" data-widget_type=\"text-editor.default\">\n\t\t\t\t<div class=\"elementor-widget-container\">\n\t\t\t\t\t\t\t\t\t<p><strong>Erfahrungslevel<\/strong><br \/>Alle-Level<\/p>\t\t\t\t\t\t\t\t<\/div>\n\t\t\t\t<\/div>\n\t\t\t\t<div class=\"elementor-element elementor-element-e9cfab9 elementor-widget-divider--view-line elementor-widget elementor-widget-divider\" data-id=\"e9cfab9\" data-element_type=\"widget\" data-e-type=\"widget\" data-widget_type=\"divider.default\">\n\t\t\t\t<div class=\"elementor-widget-container\">\n\t\t\t\t\t\t\t<div class=\"elementor-divider\">\n\t\t\t<span class=\"elementor-divider-separator\">\n\t\t\t\t\t\t<\/span>\n\t\t<\/div>\n\t\t\t\t\t\t<\/div>\n\t\t\t\t<\/div>\n\t\t            <\/div>\n        <\/div>\n                    <\/div>\n        <\/section>\n                <section class=\"elementor-section elementor-top-section elementor-element elementor-element-46e8757 elementor-section-boxed elementor-section-height-default elementor-section-height-default ct-header-fixed-none ct-row-max-none\" data-id=\"46e8757\" data-element_type=\"section\" data-e-type=\"section\">\n            \n                        <div class=\"elementor-container elementor-column-gap-extended\">\n                    <div class=\"elementor-column elementor-col-100 elementor-top-column elementor-element elementor-element-f024788\" data-id=\"f024788\" data-element_type=\"column\" data-e-type=\"column\">\n        <div class=\"elementor-widget-wrap elementor-element-populated\">\n                    \n                <section class=\"elementor-section elementor-inner-section elementor-element elementor-element-99f0e65 elementor-section-boxed elementor-section-height-default elementor-section-height-default ct-header-fixed-none ct-row-max-none\" data-id=\"99f0e65\" data-element_type=\"section\" data-e-type=\"section\" data-settings=\"{&quot;background_background&quot;:&quot;classic&quot;}\">\n            \n                        <div class=\"elementor-container elementor-column-gap-default\">\n                    <div class=\"elementor-column elementor-col-100 elementor-inner-column elementor-element elementor-element-8583a3d\" data-id=\"8583a3d\" data-element_type=\"column\" data-e-type=\"column\">\n        <div class=\"elementor-widget-wrap elementor-element-populated\">\n                    \n        \t\t<div class=\"elementor-element elementor-element-b615215 elementor-widget elementor-widget-ct_heading\" data-id=\"b615215\" data-element_type=\"widget\" data-e-type=\"widget\" data-widget_type=\"ct_heading.default\">\n\t\t\t\t<div class=\"elementor-widget-container\">\n\t\t\t\t\t<div id=\"ct_heading-b615215\" class=\"ct-heading h-align-center sub-style1 ct-heading-left item-st-default\">\r\n\t<div class=\"ct-item--inner\">\r\n        <div class=\"ct-inline-css\"  data-css=\"            \">\r\n        <\/div>\r\n                <h3 class=\"item--title st-default case-animate-time\" data-wow-delay=\"ms\">\r\n                        <span class=\"sp-main\">\r\n                \r\n                Starten wir Zusammen.\r\n                \r\n                            <\/span>\r\n                    <\/h3>\r\n    <\/div>\r\n<\/div>\t\t\t\t<\/div>\n\t\t\t\t<\/div>\n\t\t\t\t<div class=\"elementor-element elementor-element-475dc6e elementor-align-center el-inline elementor-widget elementor-widget-ct_button\" data-id=\"475dc6e\" data-element_type=\"widget\" data-e-type=\"widget\" data-widget_type=\"ct_button.default\">\n\t\t\t\t<div class=\"elementor-widget-container\">\n\t\t\t\t\t<div id=\"ct_button-475dc6e\" class=\"ct-button-wrapper ct-button-layout1 icon-left btn--inline\">\r\n    <div class=\"ct-inline-css\"  data-css=\"        \">\r\n    <\/div>\r\n            <span class=\"ct-icon-active\"><\/span>\r\n        <a href=\"\/en\/contact\/\" class=\"btn btn-half-circle1 icon-active btn-inline-block wow fadeInLeft\" data-wow-delay=\"ms\">\r\n                            <span class=\"ct-button-icon ct-align-icon-left\">\r\n                <i aria-hidden=\"true\" class=\"flaticonv2 flaticonv2-right-arrow\"><\/i>            <\/span>\r\n                <span class=\"ct-button-text\">Jetzt bewerben<\/span>\r\n    <\/a>\r\n<\/div>\t\t\t\t<\/div>\n\t\t\t\t<\/div>\n\t\t\t\t<div class=\"elementor-element elementor-element-a712d2a elementor-align-center el-inline elementor-widget elementor-widget-ct_button\" data-id=\"a712d2a\" data-element_type=\"widget\" data-e-type=\"widget\" data-widget_type=\"ct_button.default\">\n\t\t\t\t<div class=\"elementor-widget-container\">\n\t\t\t\t\t<div id=\"ct_button-a712d2a\" class=\"ct-button-wrapper ct-button-layout1 icon-right btn--inline\">\r\n    <div class=\"ct-inline-css\"  data-css=\"        \">\r\n    <\/div>\r\n            <span class=\"ct-icon-active\"><\/span>\r\n        <a href=\"\/en\/about-us\/\" class=\"btn line-white2 icon-active btn-inline-block wow fadeInRight\" data-wow-delay=\"ms\">\r\n                            <span class=\"ct-button-icon ct-align-icon-right\">\r\n                <i aria-hidden=\"true\" class=\"flaticonv2 flaticonv2-right-arrow\"><\/i>            <\/span>\r\n                <span class=\"ct-button-text\">About us<\/span>\r\n    <\/a>\r\n<\/div>\t\t\t\t<\/div>\n\t\t\t\t<\/div>\n\t\t            <\/div>\n        <\/div>\n                    <\/div>\n        <\/section>\n                    <\/div>\n        <\/div>\n                    <\/div>\n        <\/section>\n        \t\t<\/div>","protected":false},"excerpt":{"rendered":"<p>Career Quereinsteiger \ud83e\udc78 Offene Stellen Wir sind ein schnell wachsendes Unternehmen und suchen Talente, die ihr Wissen nicht nur in Ihrem Bereich einbringen, aber auch im Unternehmen allgemein und den Drang haben, mit zu gestalten. Unsere Kunden darin zu unterst\u00fctzen chirurgische Innovationen zu entwickeln, ist unsere Leidenschaft. Kompetenz, Motivation und Engagement unserer Mitarbeiter sind daf\u00fcr [&hellip;]<\/p>\n","protected":false},"author":1,"featured_media":0,"parent":7814,"menu_order":0,"comment_status":"closed","ping_status":"closed","template":"","meta":{"footnotes":""},"class_list":["post-8137","page","type-page","status-publish","hentry"],"_links":{"self":[{"href":"https:\/\/qualyconsult.com\/en\/wp-json\/wp\/v2\/pages\/8137","targetHints":{"allow":["GET"]}}],"collection":[{"href":"https:\/\/qualyconsult.com\/en\/wp-json\/wp\/v2\/pages"}],"about":[{"href":"https:\/\/qualyconsult.com\/en\/wp-json\/wp\/v2\/types\/page"}],"author":[{"embeddable":true,"href":"https:\/\/qualyconsult.com\/en\/wp-json\/wp\/v2\/users\/1"}],"replies":[{"embeddable":true,"href":"https:\/\/qualyconsult.com\/en\/wp-json\/wp\/v2\/comments?post=8137"}],"version-history":[{"count":9,"href":"https:\/\/qualyconsult.com\/en\/wp-json\/wp\/v2\/pages\/8137\/revisions"}],"predecessor-version":[{"id":11066,"href":"https:\/\/qualyconsult.com\/en\/wp-json\/wp\/v2\/pages\/8137\/revisions\/11066"}],"up":[{"embeddable":true,"href":"https:\/\/qualyconsult.com\/en\/wp-json\/wp\/v2\/pages\/7814"}],"wp:attachment":[{"href":"https:\/\/qualyconsult.com\/en\/wp-json\/wp\/v2\/media?parent=8137"}],"curies":[{"name":"wp","href":"https:\/\/api.w.org\/{rel}","templated":true}]}}