{"id":8111,"date":"2023-07-13T22:23:52","date_gmt":"2023-07-13T22:23:52","guid":{"rendered":"https:\/\/qualyconsult.com\/?page_id=8111"},"modified":"2024-10-31T21:53:08","modified_gmt":"2024-10-31T21:53:08","slug":"hr-lead","status":"publish","type":"page","link":"https:\/\/qualyconsult.com\/en\/career\/hr-lead\/","title":{"rendered":"HR-Lead"},"content":{"rendered":"<div data-elementor-type=\"wp-page\" data-elementor-id=\"8111\" class=\"elementor elementor-8111\">\n\t\t\t\t        <section class=\"elementor-section elementor-top-section elementor-element elementor-element-68c872 elementor-section-content-middle elementor-section-boxed elementor-section-height-default elementor-section-height-default ct-header-fixed-none ct-row-max-none\" data-id=\"68c872\" data-element_type=\"section\" data-e-type=\"section\">\n            \n                        <div class=\"elementor-container elementor-column-gap-extended\">\n                    <div class=\"elementor-column elementor-col-50 elementor-top-column elementor-element elementor-element-553856d0\" data-id=\"553856d0\" data-element_type=\"column\" data-e-type=\"column\">\n        <div class=\"elementor-widget-wrap elementor-element-populated\">\n                    \n        \t\t<div class=\"elementor-element elementor-element-4b6cccf6 elementor-widget elementor-widget-ct_heading\" data-id=\"4b6cccf6\" data-element_type=\"widget\" data-e-type=\"widget\" data-widget_type=\"ct_heading.default\">\n\t\t\t\t<div class=\"elementor-widget-container\">\n\t\t\t\t\t<div id=\"ct_heading-4b6cccf6\" class=\"ct-heading h-align- sub-style1 ct-heading-left item-st-default\">\r\n\t<div class=\"ct-item--inner\">\r\n        <div class=\"ct-inline-css\"  data-css=\"            \">\r\n        <\/div>\r\n            \t\t<div class=\"item--sub-title style1 show-line\">\r\n                                Career                                                            <\/div>\r\n    \t        <h3 class=\"item--title st-default case-animate-time\" data-wow-delay=\"ms\">\r\n                        <span class=\"sp-main\">\r\n                \r\n                Human Resources-Lead\r\n                \r\n                            <\/span>\r\n                    <\/h3>\r\n    <\/div>\r\n<\/div>\t\t\t\t<\/div>\n\t\t\t\t<\/div>\n\t\t\t\t<div class=\"elementor-element elementor-element-53efc4a elementor-widget elementor-widget-text-editor\" data-id=\"53efc4a\" data-element_type=\"widget\" data-e-type=\"widget\" data-widget_type=\"text-editor.default\">\n\t\t\t\t<div class=\"elementor-widget-container\">\n\t\t\t\t\t\t\t\t\t<h5><a href=\"\/en\/open-positions\/\">\ud83e\udc78 Offene Stellen<\/a><\/h5>\t\t\t\t\t\t\t\t<\/div>\n\t\t\t\t<\/div>\n\t\t            <\/div>\n        <\/div>\n                <div class=\"elementor-column elementor-col-50 elementor-top-column elementor-element elementor-element-7bfd02a3\" data-id=\"7bfd02a3\" data-element_type=\"column\" data-e-type=\"column\">\n        <div class=\"elementor-widget-wrap elementor-element-populated\">\n                    \n        \t\t<div class=\"elementor-element elementor-element-4ec2a151 elementor-widget elementor-widget-text-editor\" data-id=\"4ec2a151\" data-element_type=\"widget\" data-e-type=\"widget\" data-widget_type=\"text-editor.default\">\n\t\t\t\t<div class=\"elementor-widget-container\">\n\t\t\t\t\t\t\t\t\t<p>Wir sind ein schnell wachsendes Unternehmen und suchen Talente die ihr Wissen nicht nur in Ihrem Bereich einbringen, aber auch im Unternehmen allgemein und den Drang haben, mit zu gestalten.<\/p>\t\t\t\t\t\t\t\t<\/div>\n\t\t\t\t<\/div>\n\t\t            <\/div>\n        <\/div>\n                    <\/div>\n        <\/section>\n                <section class=\"elementor-section elementor-top-section elementor-element elementor-element-822e37f elementor-section-boxed elementor-section-height-default elementor-section-height-default ct-header-fixed-none ct-row-max-none\" data-id=\"822e37f\" data-element_type=\"section\" data-e-type=\"section\">\n            \n                        <div class=\"elementor-container elementor-column-gap-default\">\n                    <div class=\"elementor-column elementor-col-66 elementor-top-column elementor-element elementor-element-da032af\" data-id=\"da032af\" data-element_type=\"column\" data-e-type=\"column\">\n        <div class=\"elementor-widget-wrap elementor-element-populated\">\n                    \n        \t\t<div class=\"elementor-element elementor-element-67e5487 elementor-widget__width-initial elementor-widget elementor-widget-text-editor\" data-id=\"67e5487\" data-element_type=\"widget\" data-e-type=\"widget\" data-widget_type=\"text-editor.default\">\n\t\t\t\t<div class=\"elementor-widget-container\">\n\t\t\t\t\t\t\t\t\t<p><span style=\"font-weight: 400;\">Unsere Kunden darin zu unterst\u00fctzen, chirurgische Innovationen zu entwickeln, ist unsere Leidenschaft. Kompetenz, Motivation und Engagement unserer Mitarbeiter sind daf\u00fcr entscheidend. Deshalb sind wir immer auf der Suche nach Menschen, die sich Ziele setzen, Ideen entwickeln und offen f\u00fcr Neues sind. Werden auch Du ein Teil dieser Innovation und trage so dazu bei, die Lebensqualit\u00e4t der Menschen zu verbessern.<\/span><\/p><h5><b>\u00a0<\/b><\/h5><h5><b>Was zu tun ist<\/b><\/h5><ul><li style=\"font-weight: 400;\" aria-level=\"2\"><span style=\"font-weight: 400;\">Eigenverantwortliche Betreuung der F\u00fchrungskr\u00e4fte und Mitarbeitenden in St\u00e4ben, Sparten und Funktionen im definierten Zust\u00e4ndigkeitsbereich in allen relevanten Personalthemen<\/span><\/li><li style=\"font-weight: 400;\" aria-level=\"2\"><span style=\"font-weight: 400;\">Recruiting, Bewerbermanagement sowie das F\u00fchren von Vorstellungsgespr\u00e4chen<\/span><\/li><li style=\"font-weight: 400;\" aria-level=\"2\"><span style=\"font-weight: 400;\">Personalgewinnung via Active Sourcing<\/span><\/li><li style=\"font-weight: 400;\" aria-level=\"2\"><span style=\"font-weight: 400;\">Entwicklung und Schaltung passgenauer Stellenanzeigen \u00fcber relevante Kan\u00e4le<\/span><\/li><li style=\"font-weight: 400;\" aria-level=\"2\"><span style=\"font-weight: 400;\">Entwicklung und Implementierung von ma\u00dfgeschneiderten und innovativen Konzepte zur Personalentwicklung<\/span><\/li><li style=\"font-weight: 400;\" aria-level=\"2\"><span style=\"font-weight: 400;\">Umsetzung von konkreten Personalma\u00dfnahmen<\/span><\/li><li style=\"font-weight: 400;\" aria-level=\"2\"><span style=\"font-weight: 400;\">Diverse administrative Aufgaben<\/span><\/li><li style=\"font-weight: 400;\" aria-level=\"2\"><span style=\"font-weight: 400;\">Mitarbeit bei anstehenden HR-Projekten hinsichtlich Digitalisierung, Strategie und Prozessmanagement<\/span><\/li><\/ul><p><span style=\"font-weight: 400;\">\u00a0<\/span><\/p><h5><b>Was du mitbringen solltest<\/b><\/h5><ul><li style=\"font-weight: 400;\" aria-level=\"1\"><span style=\"font-weight: 400;\">Erfolgreich abgeschlossene kaufm\u00e4nnische Berufsausbildung mit Weiterbildung zum Personalfachkaufmann (m\/w\/d) oder einem betriebswirtschaftliches Studium mit Schwerpunkt Personalwesen<\/span><\/li><li style=\"font-weight: 400;\" aria-level=\"1\"><span style=\"font-weight: 400;\">Weiterbildungen im Personalumfeld sind von Vorteil<\/span><\/li><li style=\"font-weight: 400;\" aria-level=\"1\"><span style=\"font-weight: 400;\">Mehrj\u00e4hrige Berufserfahrung in der Personalarbeit, idealerweise in einem Unternehmen mit internationaler Ausrichtung<\/span><\/li><li style=\"font-weight: 400;\" aria-level=\"1\"><span style=\"font-weight: 400;\">Sicher im Umgang mit MS-Office\/Office365<\/span><\/li><li style=\"font-weight: 400;\" aria-level=\"1\"><span style=\"font-weight: 400;\">Kenntnisse im Bereich Arbeits- und Sozialversicherungsrecht<\/span><\/li><li style=\"font-weight: 400;\" aria-level=\"1\"><span style=\"font-weight: 400;\">Gute Englischkenntnisse in Wort und Schrift f\u00fcr den internationalen Austausch<\/span><\/li><li style=\"font-weight: 400;\" aria-level=\"1\"><span style=\"font-weight: 400;\">Du bist sicher und verbindlich in deinem Auftreten und kommunikationsstark<\/span><\/li><li style=\"font-weight: 400;\" aria-level=\"1\"><span style=\"font-weight: 400;\">Teamf\u00e4higkeit, hohe Eigeninitiative und eine selbstst\u00e4ndige Arbeitsweise<\/span><\/li><li style=\"font-weight: 400;\" aria-level=\"1\"><span style=\"font-weight: 400;\">Hohe Sozialkompetenz, Empathie, Flexibit\u00e4t und Probleml\u00f6sungskompetenz<\/span><\/li><li style=\"font-weight: 400;\" aria-level=\"1\"><span style=\"font-weight: 400;\">Motivation, Neugierde und Engagement<\/span><\/li><\/ul><h4>\u00a0<\/h4><h4><b>Das zeichnet uns aus<\/b><\/h4><ul><li style=\"font-weight: 400;\" aria-level=\"1\"><span style=\"font-weight: 400;\">Dynamisches Arbeitsumfeld mit viel <\/span><b>Gestaltungsspielraum<\/b><span style=\"font-weight: 400;\"> und Ver\u00e4nderungsfreiheit<\/span><\/li><li style=\"font-weight: 400;\" aria-level=\"1\"><span style=\"font-weight: 400;\">Gro\u00dfartige Teamatmosph\u00e4re und <\/span><b>Zusammenhalt<\/b><\/li><li style=\"font-weight: 400;\" aria-level=\"1\"><span style=\"font-weight: 400;\">Unsere Werte Transparenz, Integrit\u00e4t und <\/span><b>Wertsch\u00e4tzung<\/b><span style=\"font-weight: 400;\"> werden wirklich gelebt<\/span><\/li><li style=\"font-weight: 400;\" aria-level=\"1\"><span style=\"font-weight: 400;\">Unterst\u00fctzung und F\u00f6rderung der <\/span><b>Aus- und Weiterbildung<\/b><span style=\"font-weight: 400;\">\u00a0<\/span><\/li><li style=\"font-weight: 400;\" aria-level=\"1\"><b>Flexible Arbeitszeiten<\/b><span style=\"font-weight: 400;\">, auf Wunsch auch als <\/span><b>mobiles Arbeiten<\/b><span style=\"font-weight: 400;\">, wo immer Du Dich wohlf\u00fchlst<\/span><\/li><li style=\"font-weight: 400;\" aria-level=\"1\"><span style=\"font-weight: 400;\">Modern ausgestattete Arbeitspl\u00e4tze<\/span><\/li><li style=\"font-weight: 400;\" aria-level=\"1\"><b>30 Tage Urlaub<\/b><\/li><li style=\"font-weight: 400;\" aria-level=\"1\"><span style=\"font-weight: 400;\">Ein Gr\u00fcnder, der alle Mitarbeitenden mit Vornamen kennt<\/span><\/li><\/ul><h4>\u00a0<\/h4><h4><b>Bist Du interessiert?<\/b><\/h4><p><span style=\"font-weight: 400;\">Dann melde Dich <\/span><b>jetzt <\/b><span style=\"font-weight: 400;\">und bewerbe Dich noch heute bei uns!<\/span><span style=\"font-weight: 400;\"><br \/><\/span><span style=\"font-weight: 400;\">Wir freuen uns auf Deine <\/span><b>aussagekr\u00e4ftige Bewerbung<\/b><span style=\"font-weight: 400;\"> inklusive fr\u00fchestm\u00f6glichem <\/span><b>Eintrittstermin<\/b><span style=\"font-weight: 400;\"> sowie der <\/span><b>Gehaltsvorstellung<\/b><span style=\"font-weight: 400;\">.<\/span><\/p><p><span style=\"font-weight: 400;\">Wir behandeln jede Kommunikation streng vertraulich.<\/span><\/p>\t\t\t\t\t\t\t\t<\/div>\n\t\t\t\t<\/div>\n\t\t            <\/div>\n        <\/div>\n                <div class=\"elementor-column elementor-col-33 elementor-top-column elementor-element elementor-element-8171267\" data-id=\"8171267\" data-element_type=\"column\" data-e-type=\"column\">\n        <div class=\"elementor-widget-wrap elementor-element-populated\">\n                    \n        \t\t<div class=\"elementor-element elementor-element-0d3981d elementor-align-center el-inline elementor-widget elementor-widget-ct_button\" data-id=\"0d3981d\" data-element_type=\"widget\" data-e-type=\"widget\" data-widget_type=\"ct_button.default\">\n\t\t\t\t<div class=\"elementor-widget-container\">\n\t\t\t\t\t<div id=\"ct_button-0d3981d\" class=\"ct-button-wrapper ct-button-layout1 icon-left btn--inline\">\r\n    <div class=\"ct-inline-css\"  data-css=\"        \">\r\n    <\/div>\r\n            <span class=\"ct-icon-active\"><\/span>\r\n        <a href=\"\/en\/contact\/\" class=\"btn btn-half-circle1 icon-active btn-inline-block wow fadeInLeft\" data-wow-delay=\"ms\">\r\n                            <span class=\"ct-button-icon ct-align-icon-left\">\r\n                <i aria-hidden=\"true\" class=\"flaticonv2 flaticonv2-right-arrow\"><\/i>            <\/span>\r\n                <span class=\"ct-button-text\">Jetzt bewerben<\/span>\r\n    <\/a>\r\n<\/div>\t\t\t\t<\/div>\n\t\t\t\t<\/div>\n\t\t\t\t<div class=\"elementor-element elementor-element-2bd0b54 elementor-widget elementor-widget-text-editor\" data-id=\"2bd0b54\" data-element_type=\"widget\" data-e-type=\"widget\" data-widget_type=\"text-editor.default\">\n\t\t\t\t<div class=\"elementor-widget-container\">\n\t\t\t\t\t\t\t\t\t<p><strong>Lokation<\/strong><br \/>Neuhausen ob Eck, Germany &amp; Remote<\/p>\t\t\t\t\t\t\t\t<\/div>\n\t\t\t\t<\/div>\n\t\t\t\t<div class=\"elementor-element elementor-element-7e73c0b elementor-widget-divider--view-line elementor-widget elementor-widget-divider\" data-id=\"7e73c0b\" data-element_type=\"widget\" data-e-type=\"widget\" data-widget_type=\"divider.default\">\n\t\t\t\t<div class=\"elementor-widget-container\">\n\t\t\t\t\t\t\t<div class=\"elementor-divider\">\n\t\t\t<span class=\"elementor-divider-separator\">\n\t\t\t\t\t\t<\/span>\n\t\t<\/div>\n\t\t\t\t\t\t<\/div>\n\t\t\t\t<\/div>\n\t\t\t\t<div class=\"elementor-element elementor-element-08cb98b elementor-widget elementor-widget-text-editor\" data-id=\"08cb98b\" data-element_type=\"widget\" data-e-type=\"widget\" data-widget_type=\"text-editor.default\">\n\t\t\t\t<div class=\"elementor-widget-container\">\n\t\t\t\t\t\t\t\t\t<p><strong>Abteilung<\/strong><br \/>Personalabteilung<\/p>\t\t\t\t\t\t\t\t<\/div>\n\t\t\t\t<\/div>\n\t\t\t\t<div class=\"elementor-element elementor-element-85e865e elementor-widget-divider--view-line elementor-widget elementor-widget-divider\" data-id=\"85e865e\" data-element_type=\"widget\" data-e-type=\"widget\" data-widget_type=\"divider.default\">\n\t\t\t\t<div class=\"elementor-widget-container\">\n\t\t\t\t\t\t\t<div class=\"elementor-divider\">\n\t\t\t<span class=\"elementor-divider-separator\">\n\t\t\t\t\t\t<\/span>\n\t\t<\/div>\n\t\t\t\t\t\t<\/div>\n\t\t\t\t<\/div>\n\t\t\t\t<div class=\"elementor-element elementor-element-233f4d5 elementor-widget elementor-widget-text-editor\" data-id=\"233f4d5\" data-element_type=\"widget\" data-e-type=\"widget\" data-widget_type=\"text-editor.default\">\n\t\t\t\t<div class=\"elementor-widget-container\">\n\t\t\t\t\t\t\t\t\t<p><strong>Einstellung<\/strong><br \/>Vollzeit<\/p>\t\t\t\t\t\t\t\t<\/div>\n\t\t\t\t<\/div>\n\t\t\t\t<div class=\"elementor-element elementor-element-a34e940 elementor-widget-divider--view-line elementor-widget elementor-widget-divider\" data-id=\"a34e940\" data-element_type=\"widget\" data-e-type=\"widget\" data-widget_type=\"divider.default\">\n\t\t\t\t<div class=\"elementor-widget-container\">\n\t\t\t\t\t\t\t<div class=\"elementor-divider\">\n\t\t\t<span class=\"elementor-divider-separator\">\n\t\t\t\t\t\t<\/span>\n\t\t<\/div>\n\t\t\t\t\t\t<\/div>\n\t\t\t\t<\/div>\n\t\t\t\t<div class=\"elementor-element elementor-element-30f5436 elementor-widget elementor-widget-text-editor\" data-id=\"30f5436\" data-element_type=\"widget\" data-e-type=\"widget\" data-widget_type=\"text-editor.default\">\n\t\t\t\t<div class=\"elementor-widget-container\">\n\t\t\t\t\t\t\t\t\t<p><strong>Erfahrungslevel<\/strong><br \/>Mid-Level<\/p>\t\t\t\t\t\t\t\t<\/div>\n\t\t\t\t<\/div>\n\t\t\t\t<div class=\"elementor-element elementor-element-e9cfab9 elementor-widget-divider--view-line elementor-widget elementor-widget-divider\" data-id=\"e9cfab9\" data-element_type=\"widget\" data-e-type=\"widget\" data-widget_type=\"divider.default\">\n\t\t\t\t<div class=\"elementor-widget-container\">\n\t\t\t\t\t\t\t<div class=\"elementor-divider\">\n\t\t\t<span class=\"elementor-divider-separator\">\n\t\t\t\t\t\t<\/span>\n\t\t<\/div>\n\t\t\t\t\t\t<\/div>\n\t\t\t\t<\/div>\n\t\t            <\/div>\n        <\/div>\n                    <\/div>\n        <\/section>\n                <section class=\"elementor-section elementor-top-section elementor-element elementor-element-46e8757 elementor-section-boxed elementor-section-height-default elementor-section-height-default ct-header-fixed-none ct-row-max-none\" data-id=\"46e8757\" data-element_type=\"section\" data-e-type=\"section\">\n            \n                        <div class=\"elementor-container elementor-column-gap-extended\">\n                    <div class=\"elementor-column elementor-col-100 elementor-top-column elementor-element elementor-element-f024788\" data-id=\"f024788\" data-element_type=\"column\" data-e-type=\"column\">\n        <div class=\"elementor-widget-wrap elementor-element-populated\">\n                    \n                <section class=\"elementor-section elementor-inner-section elementor-element elementor-element-99f0e65 elementor-section-boxed elementor-section-height-default elementor-section-height-default ct-header-fixed-none ct-row-max-none\" data-id=\"99f0e65\" data-element_type=\"section\" data-e-type=\"section\" data-settings=\"{&quot;background_background&quot;:&quot;classic&quot;}\">\n            \n                        <div class=\"elementor-container elementor-column-gap-default\">\n                    <div class=\"elementor-column elementor-col-100 elementor-inner-column elementor-element elementor-element-8583a3d\" data-id=\"8583a3d\" data-element_type=\"column\" data-e-type=\"column\">\n        <div class=\"elementor-widget-wrap elementor-element-populated\">\n                    \n        \t\t<div class=\"elementor-element elementor-element-b615215 elementor-widget elementor-widget-ct_heading\" data-id=\"b615215\" data-element_type=\"widget\" data-e-type=\"widget\" data-widget_type=\"ct_heading.default\">\n\t\t\t\t<div class=\"elementor-widget-container\">\n\t\t\t\t\t<div id=\"ct_heading-b615215\" class=\"ct-heading h-align-center sub-style1 ct-heading-left item-st-default\">\r\n\t<div class=\"ct-item--inner\">\r\n        <div class=\"ct-inline-css\"  data-css=\"            \">\r\n        <\/div>\r\n                <h3 class=\"item--title st-default case-animate-time\" data-wow-delay=\"ms\">\r\n                        <span class=\"sp-main\">\r\n                \r\n                Starten wir Zusammen.\r\n                \r\n                            <\/span>\r\n                    <\/h3>\r\n    <\/div>\r\n<\/div>\t\t\t\t<\/div>\n\t\t\t\t<\/div>\n\t\t\t\t<div class=\"elementor-element elementor-element-475dc6e elementor-align-center el-inline elementor-widget elementor-widget-ct_button\" data-id=\"475dc6e\" data-element_type=\"widget\" data-e-type=\"widget\" data-widget_type=\"ct_button.default\">\n\t\t\t\t<div class=\"elementor-widget-container\">\n\t\t\t\t\t<div id=\"ct_button-475dc6e\" class=\"ct-button-wrapper ct-button-layout1 icon-left btn--inline\">\r\n    <div class=\"ct-inline-css\"  data-css=\"        \">\r\n    <\/div>\r\n            <span class=\"ct-icon-active\"><\/span>\r\n        <a href=\"\/en\/contact\/\" class=\"btn btn-half-circle1 icon-active btn-inline-block wow fadeInLeft\" data-wow-delay=\"ms\">\r\n                            <span class=\"ct-button-icon ct-align-icon-left\">\r\n                <i aria-hidden=\"true\" class=\"flaticonv2 flaticonv2-right-arrow\"><\/i>            <\/span>\r\n                <span class=\"ct-button-text\">Jetzt bewerben<\/span>\r\n    <\/a>\r\n<\/div>\t\t\t\t<\/div>\n\t\t\t\t<\/div>\n\t\t\t\t<div class=\"elementor-element elementor-element-a712d2a elementor-align-center el-inline elementor-widget elementor-widget-ct_button\" data-id=\"a712d2a\" data-element_type=\"widget\" data-e-type=\"widget\" data-widget_type=\"ct_button.default\">\n\t\t\t\t<div class=\"elementor-widget-container\">\n\t\t\t\t\t<div id=\"ct_button-a712d2a\" class=\"ct-button-wrapper ct-button-layout1 icon-right btn--inline\">\r\n    <div class=\"ct-inline-css\"  data-css=\"        \">\r\n    <\/div>\r\n            <span class=\"ct-icon-active\"><\/span>\r\n        <a href=\"index.php\/about-us\" class=\"btn line-white2 icon-active btn-inline-block wow fadeInRight\" data-wow-delay=\"ms\">\r\n                            <span class=\"ct-button-icon ct-align-icon-right\">\r\n                <i aria-hidden=\"true\" class=\"flaticonv2 flaticonv2-right-arrow\"><\/i>            <\/span>\r\n                <span class=\"ct-button-text\">About us<\/span>\r\n    <\/a>\r\n<\/div>\t\t\t\t<\/div>\n\t\t\t\t<\/div>\n\t\t            <\/div>\n        <\/div>\n                    <\/div>\n        <\/section>\n                    <\/div>\n        <\/div>\n                    <\/div>\n        <\/section>\n        \t\t<\/div>","protected":false},"excerpt":{"rendered":"<p>Career Human Resources-Lead \ud83e\udc78 Offene Stellen Wir sind ein schnell wachsendes Unternehmen und suchen Talente die ihr Wissen nicht nur in Ihrem Bereich einbringen, aber auch im Unternehmen allgemein und den Drang haben, mit zu gestalten. Unsere Kunden darin zu unterst\u00fctzen, chirurgische Innovationen zu entwickeln, ist unsere Leidenschaft. Kompetenz, Motivation und Engagement unserer Mitarbeiter sind [&hellip;]<\/p>\n","protected":false},"author":1,"featured_media":0,"parent":7814,"menu_order":0,"comment_status":"closed","ping_status":"closed","template":"","meta":{"footnotes":""},"class_list":["post-8111","page","type-page","status-publish","hentry"],"_links":{"self":[{"href":"https:\/\/qualyconsult.com\/en\/wp-json\/wp\/v2\/pages\/8111","targetHints":{"allow":["GET"]}}],"collection":[{"href":"https:\/\/qualyconsult.com\/en\/wp-json\/wp\/v2\/pages"}],"about":[{"href":"https:\/\/qualyconsult.com\/en\/wp-json\/wp\/v2\/types\/page"}],"author":[{"embeddable":true,"href":"https:\/\/qualyconsult.com\/en\/wp-json\/wp\/v2\/users\/1"}],"replies":[{"embeddable":true,"href":"https:\/\/qualyconsult.com\/en\/wp-json\/wp\/v2\/comments?post=8111"}],"version-history":[{"count":12,"href":"https:\/\/qualyconsult.com\/en\/wp-json\/wp\/v2\/pages\/8111\/revisions"}],"predecessor-version":[{"id":11039,"href":"https:\/\/qualyconsult.com\/en\/wp-json\/wp\/v2\/pages\/8111\/revisions\/11039"}],"up":[{"embeddable":true,"href":"https:\/\/qualyconsult.com\/en\/wp-json\/wp\/v2\/pages\/7814"}],"wp:attachment":[{"href":"https:\/\/qualyconsult.com\/en\/wp-json\/wp\/v2\/media?parent=8111"}],"curies":[{"name":"wp","href":"https:\/\/api.w.org\/{rel}","templated":true}]}}