{"id":7939,"date":"2023-07-12T19:40:05","date_gmt":"2023-07-12T19:40:05","guid":{"rendered":"https:\/\/qualyconsult.com\/?page_id=7939"},"modified":"2026-03-29T21:51:07","modified_gmt":"2026-03-29T20:51:07","slug":"terms-conditions","status":"publish","type":"page","link":"https:\/\/qualyconsult.com\/en\/terms-conditions\/","title":{"rendered":"GTC"},"content":{"rendered":"<div data-elementor-type=\"wp-page\" data-elementor-id=\"7939\" class=\"elementor elementor-7939\">\n\t\t\t\t        <section class=\"elementor-section elementor-top-section elementor-element elementor-element-68c872 elementor-section-content-middle elementor-section-boxed elementor-section-height-default elementor-section-height-default ct-header-fixed-none ct-row-max-none\" data-id=\"68c872\" data-element_type=\"section\" data-e-type=\"section\">\n            \n                        <div class=\"elementor-container elementor-column-gap-extended\">\n                    <div class=\"elementor-column elementor-col-100 elementor-top-column elementor-element elementor-element-553856d0\" data-id=\"553856d0\" data-element_type=\"column\" data-e-type=\"column\">\n        <div class=\"elementor-widget-wrap elementor-element-populated\">\n                    \n        \t\t<div class=\"elementor-element elementor-element-3a44eac elementor-widget elementor-widget-ct_title\" data-id=\"3a44eac\" data-element_type=\"widget\" data-e-type=\"widget\" data-widget_type=\"ct_title.default\">\n\t\t\t\t<div class=\"elementor-widget-container\">\n\t\t\t\t\t<div class=\"ct-title1 style2\">\r\n    <h3>\r\n    \t\t        <span>GTC<\/span>\r\n\t        <i><\/i>\r\n\t        <\/h3>\r\n<\/div>\t\t\t\t<\/div>\n\t\t\t\t<\/div>\n\t\t            <\/div>\n        <\/div>\n                    <\/div>\n        <\/section>\n                <section class=\"elementor-section elementor-top-section elementor-element elementor-element-5f8a622 elementor-section-boxed elementor-section-height-default elementor-section-height-default ct-header-fixed-none ct-row-max-none\" data-id=\"5f8a622\" data-element_type=\"section\" data-e-type=\"section\">\n            \n                        <div class=\"elementor-container elementor-column-gap-extended\">\n                    <div class=\"elementor-column elementor-col-100 elementor-top-column elementor-element elementor-element-ea0c095\" data-id=\"ea0c095\" data-element_type=\"column\" data-e-type=\"column\">\n        <div class=\"elementor-widget-wrap elementor-element-populated\">\n                    \n        \t\t<div class=\"elementor-element elementor-element-3a31af0 elementor-widget elementor-widget-text-editor\" data-id=\"3a31af0\" data-element_type=\"widget\" data-e-type=\"widget\" data-widget_type=\"text-editor.default\">\n\t\t\t\t<div class=\"elementor-widget-container\">\n\t\t\t\t\t\t\t\t\t<p>Hier finden Sie alle Informationen zu unseren Allgemeinen Gesch\u00e4ftsbedingungen.<\/p>\t\t\t\t\t\t\t\t<\/div>\n\t\t\t\t<\/div>\n\t\t            <\/div>\n        <\/div>\n                    <\/div>\n        <\/section>\n                <section class=\"elementor-section elementor-top-section elementor-element elementor-element-aed7130 elementor-section-boxed elementor-section-height-default elementor-section-height-default ct-header-fixed-none ct-row-max-none\" data-id=\"aed7130\" data-element_type=\"section\" data-e-type=\"section\">\n            \n                        <div class=\"elementor-container elementor-column-gap-default\">\n                    <div class=\"elementor-column elementor-col-100 elementor-top-column elementor-element elementor-element-dcb81e5\" data-id=\"dcb81e5\" data-element_type=\"column\" data-e-type=\"column\">\n        <div class=\"elementor-widget-wrap elementor-element-populated\">\n                    \n        \t\t<div class=\"elementor-element elementor-element-05d86b5 elementor-widget elementor-widget-text-editor\" data-id=\"05d86b5\" data-element_type=\"widget\" data-e-type=\"widget\" data-widget_type=\"text-editor.default\">\n\t\t\t\t<div class=\"elementor-widget-container\">\n\t\t\t\t\t\t\t\t\t<p><b>Haftungsausschluss<\/b><br \/>Alle hier befindlichen Inhalte sowie Formulare und Dokumente werden von uns mit gr\u00f6\u00dftm\u00f6glicher Sorgfalt erstellt. Sollten sich dennoch kleine Fehler einschleichen, k\u00f6nnen wir hierf\u00fcr keine Gew\u00e4hrleistungen geben. Eine Garantie, ein Audit mit unseren Templates zu bestehen, k\u00f6nnen wir nicht geben.\u00a0<\/p><p><strong>Privatsph\u00e4re<\/strong><br \/>Ihre pers\u00f6nlichen Daten werden ausschlie\u00dflich zur Gesch\u00e4ftsabwicklung verwendet. Wir werden diese weder mit Dritten teilen, noch Zugang hierzu gew\u00e4hren, au\u00dfer es wird von Ihnen in speziellen Situationen gew\u00fcnscht. Mehr hierzu erfahren Sie auf der Seite unserer <a href=\"\/en\/data-protection\/\">Datenschutzerkl\u00e4rung<\/a>.<\/p><p><strong>Geistiges Eigentum<br \/><\/strong>Das Recht auf Kopieren, Downloaden oder Verteilen unserer Inhalte und Medien geben wir nicht. Dies gilt auch in Bezug auf andere Beratungsmandate, die Sie eventuell erteilt haben.\u00a0\u00a0<\/p><p><strong>Gerichtsstand<br \/><\/strong>Auch wenn es noch nie dazu gekommen ist, der Firmensitz, wie auch der Gerichtsstand, sind im Kreis Tuttlingen.\u00a0<\/p>\t\t\t\t\t\t\t\t<\/div>\n\t\t\t\t<\/div>\n\t\t            <\/div>\n        <\/div>\n                    <\/div>\n        <\/section>\n        \t\t<\/div>","protected":false},"excerpt":{"rendered":"<p>AGB Hier finden Sie alle Informationen zu unseren Allgemeinen Gesch\u00e4ftsbedingungen. HaftungsausschlussAlle hier befindlichen Inhalte sowie Formulare und Dokumente werden von uns mit gr\u00f6\u00dftm\u00f6glicher Sorgfalt erstellt. Sollten sich dennoch kleine Fehler einschleichen, k\u00f6nnen wir hierf\u00fcr keine Gew\u00e4hrleistungen geben. Eine Garantie, ein Audit mit unseren Templates zu bestehen, k\u00f6nnen wir nicht geben.\u00a0 Privatsph\u00e4reIhre pers\u00f6nlichen Daten werden ausschlie\u00dflich [&hellip;]<\/p>\n","protected":false},"author":1,"featured_media":0,"parent":0,"menu_order":0,"comment_status":"closed","ping_status":"closed","template":"","meta":{"footnotes":""},"class_list":["post-7939","page","type-page","status-publish","hentry"],"_links":{"self":[{"href":"https:\/\/qualyconsult.com\/en\/wp-json\/wp\/v2\/pages\/7939","targetHints":{"allow":["GET"]}}],"collection":[{"href":"https:\/\/qualyconsult.com\/en\/wp-json\/wp\/v2\/pages"}],"about":[{"href":"https:\/\/qualyconsult.com\/en\/wp-json\/wp\/v2\/types\/page"}],"author":[{"embeddable":true,"href":"https:\/\/qualyconsult.com\/en\/wp-json\/wp\/v2\/users\/1"}],"replies":[{"embeddable":true,"href":"https:\/\/qualyconsult.com\/en\/wp-json\/wp\/v2\/comments?post=7939"}],"version-history":[{"count":27,"href":"https:\/\/qualyconsult.com\/en\/wp-json\/wp\/v2\/pages\/7939\/revisions"}],"predecessor-version":[{"id":11601,"href":"https:\/\/qualyconsult.com\/en\/wp-json\/wp\/v2\/pages\/7939\/revisions\/11601"}],"wp:attachment":[{"href":"https:\/\/qualyconsult.com\/en\/wp-json\/wp\/v2\/media?parent=7939"}],"curies":[{"name":"wp","href":"https:\/\/api.w.org\/{rel}","templated":true}]}}