{"id":7814,"date":"2023-07-04T19:08:45","date_gmt":"2023-07-04T19:08:45","guid":{"rendered":"https:\/\/qualyconsult.com\/?page_id=7814"},"modified":"2026-02-14T00:18:42","modified_gmt":"2026-02-14T00:18:42","slug":"career","status":"publish","type":"page","link":"https:\/\/qualyconsult.com\/en\/career\/","title":{"rendered":"Career"},"content":{"rendered":"<div data-elementor-type=\"wp-page\" data-elementor-id=\"7814\" class=\"elementor elementor-7814\">\n\t\t\t\t        <section class=\"elementor-section elementor-top-section elementor-element elementor-element-68c872 elementor-section-content-middle elementor-section-boxed elementor-section-height-default elementor-section-height-default ct-header-fixed-none ct-row-max-none\" data-id=\"68c872\" data-element_type=\"section\" data-e-type=\"section\">\n            \n                        <div class=\"elementor-container elementor-column-gap-extended\">\n                    <div class=\"elementor-column elementor-col-50 elementor-top-column elementor-element elementor-element-553856d0\" data-id=\"553856d0\" data-element_type=\"column\" data-e-type=\"column\">\n        <div class=\"elementor-widget-wrap elementor-element-populated\">\n                    \n        \t\t<div class=\"elementor-element elementor-element-4b6cccf6 elementor-widget elementor-widget-ct_heading\" data-id=\"4b6cccf6\" data-element_type=\"widget\" data-e-type=\"widget\" data-widget_type=\"ct_heading.default\">\n\t\t\t\t<div class=\"elementor-widget-container\">\n\t\t\t\t\t<div id=\"ct_heading-4b6cccf6\" class=\"ct-heading h-align- sub-style1 ct-heading-left item-st-default\">\r\n\t<div class=\"ct-item--inner\">\r\n        <div class=\"ct-inline-css\"  data-css=\"            \">\r\n        <\/div>\r\n            \t\t<div class=\"item--sub-title style1 show-line\">\r\n                                Career                                                            <\/div>\r\n    \t        <h3 class=\"item--title st-default case-animate-time\" data-wow-delay=\"ms\">\r\n                        <span class=\"sp-main\">\r\n                \r\n                Wir suchen die besten, die das Beste suchen. \r\n                \r\n                            <\/span>\r\n                    <\/h3>\r\n    <\/div>\r\n<\/div>\t\t\t\t<\/div>\n\t\t\t\t<\/div>\n\t\t            <\/div>\n        <\/div>\n                <div class=\"elementor-column elementor-col-50 elementor-top-column elementor-element elementor-element-7bfd02a3\" data-id=\"7bfd02a3\" data-element_type=\"column\" data-e-type=\"column\">\n        <div class=\"elementor-widget-wrap elementor-element-populated\">\n                    \n        \t\t<div class=\"elementor-element elementor-element-4ec2a151 elementor-widget elementor-widget-text-editor\" data-id=\"4ec2a151\" data-element_type=\"widget\" data-e-type=\"widget\" data-widget_type=\"text-editor.default\">\n\t\t\t\t<div class=\"elementor-widget-container\">\n\t\t\t\t\t\t\t\t\t<p><span style=\"font-weight: 400;\">Wir sind ein schnell wachsendes Unternehmen und suchen Talente, die ihr Wissen nicht nur in Ihrem Bereich einbringen, sondern auch im Unternehmen allgemein und den Drang haben, mit zu gestalten.<\/span><\/p>\t\t\t\t\t\t\t\t<\/div>\n\t\t\t\t<\/div>\n\t\t            <\/div>\n        <\/div>\n                    <\/div>\n        <\/section>\n                <section class=\"elementor-section elementor-top-section elementor-element elementor-element-646659e elementor-section-boxed elementor-section-height-default elementor-section-height-default ct-header-fixed-none ct-row-max-none\" data-id=\"646659e\" data-element_type=\"section\" data-e-type=\"section\">\n            \n                        <div class=\"elementor-container elementor-column-gap-default\">\n                    <div class=\"elementor-column elementor-col-100 elementor-top-column elementor-element elementor-element-f0c52ef\" data-id=\"f0c52ef\" data-element_type=\"column\" data-e-type=\"column\">\n        <div class=\"elementor-widget-wrap elementor-element-populated\">\n                    \n        \t\t<div class=\"elementor-element elementor-element-d371390 elementor-widget__width-initial elementor-widget elementor-widget-text-editor\" data-id=\"d371390\" data-element_type=\"widget\" data-e-type=\"widget\" data-widget_type=\"text-editor.default\">\n\t\t\t\t<div class=\"elementor-widget-container\">\n\t\t\t\t\t\t\t\t\t<h5><b>Equal Opportunity<\/b><\/h5><p><span style=\"font-weight: 400;\">Wir sind ein \u2018equal opportunity employer\u2019. Das hei\u00dft dass wir lediglich auf Grund von Eignung einstellen, und keinesfalls wegen Religion, Hautfarbe, Geschlecht, Behinderung, etc. diskriminieren.<\/span><\/p>\t\t\t\t\t\t\t\t<\/div>\n\t\t\t\t<\/div>\n\t\t\t\t<div class=\"elementor-element elementor-element-7a989ea elementor-align-right el-inline elementor-widget__width-initial elementor-widget elementor-widget-ct_button\" data-id=\"7a989ea\" data-element_type=\"widget\" data-e-type=\"widget\" data-widget_type=\"ct_button.default\">\n\t\t\t\t<div class=\"elementor-widget-container\">\n\t\t\t\t\t<div id=\"ct_button-7a989ea\" class=\"ct-button-wrapper ct-button-layout1 icon-left btn--inline\">\r\n    <div class=\"ct-inline-css\"  data-css=\"        \">\r\n    <\/div>\r\n            <span class=\"ct-icon-active\"><\/span>\r\n        <a href=\"\/en\/open-positions\/\" class=\"btn btn-half-circle1 icon-active btn-inline-block\" data-wow-delay=\"ms\">\r\n                            <span class=\"ct-button-icon ct-align-icon-left\">\r\n                <i aria-hidden=\"true\" class=\"flaticonv2 flaticonv2-right-arrow\"><\/i>            <\/span>\r\n                <span class=\"ct-button-text\">Vacancies<\/span>\r\n    <\/a>\r\n<\/div>\t\t\t\t<\/div>\n\t\t\t\t<\/div>\n\t\t            <\/div>\n        <\/div>\n                    <\/div>\n        <\/section>\n                <section class=\"elementor-section elementor-top-section elementor-element elementor-element-2dcd0c1 elementor-section-boxed elementor-section-height-default elementor-section-height-default ct-header-fixed-none ct-row-max-none\" data-id=\"2dcd0c1\" data-element_type=\"section\" data-e-type=\"section\">\n            \n                        <div class=\"elementor-container elementor-column-gap-default\">\n                    <div class=\"elementor-column elementor-col-100 elementor-top-column elementor-element elementor-element-458780a\" data-id=\"458780a\" data-element_type=\"column\" data-e-type=\"column\">\n        <div class=\"elementor-widget-wrap elementor-element-populated\">\n                    \n        \t\t<div class=\"elementor-element elementor-element-8bc01ec elementor-widget elementor-widget-text-editor\" data-id=\"8bc01ec\" data-element_type=\"widget\" data-e-type=\"widget\" data-widget_type=\"text-editor.default\">\n\t\t\t\t<div class=\"elementor-widget-container\">\n\t\t\t\t\t\t\t\t\t<h5>\u00a0<\/h5><h5><b>Was uns ausmacht<\/b><\/h5><p><span style=\"font-weight: 400;\">Wir sind ein junges Unternehmen, das schnell w\u00e4chst und hierbei die neuesten Konzepte umsetzt, damit nicht nur die Mitarbeiter, sondern auch die Kundenzufriedenheit stimmt. Gelebte Fairness und gelebter Respekt sind hierbei unverzichtbar und erleichtern nicht nur den Umgang miteinander, sondern bilden die Grundlage f\u00fcr sp\u00fcrbare N\u00e4he und Vertrauen. <\/span><\/p><h5><b>Was wir bieten<\/b><\/h5><p><span style=\"font-weight: 400;\">Um Spitzenleistung zu bringen, muss das Umfeld 100%ig stimmen. Daher unterst\u00fctzen wir das gesamte Team nicht nur im professionellen Bereich, sondern auch dar\u00fcber hinaus. Den offenen Umgang miteinander, wo die gegenseitige Wertsch\u00e4tzung die kollegiale Arbeitsatmosph\u00e4re wesentlich beeinflusst, macht aus Individualisten die idealen Teamplayer. Wir m\u00f6chten, dass Du mitgestalten und Ideen urteilsfrei einbringen kannst, damit Du dich entfalten und deine Kompetenzen weiter ausbilden kannst. <\/span><\/p>\t\t\t\t\t\t\t\t<\/div>\n\t\t\t\t<\/div>\n\t\t            <\/div>\n        <\/div>\n                    <\/div>\n        <\/section>\n                <section class=\"elementor-section elementor-top-section elementor-element elementor-element-f896313 elementor-section-boxed elementor-section-height-default elementor-section-height-default ct-header-fixed-none ct-row-max-none\" data-id=\"f896313\" data-element_type=\"section\" data-e-type=\"section\">\n            \n                        <div class=\"elementor-container elementor-column-gap-default\">\n                    <div class=\"elementor-column elementor-col-100 elementor-top-column elementor-element elementor-element-c73cd3e\" data-id=\"c73cd3e\" data-element_type=\"column\" data-e-type=\"column\">\n        <div class=\"elementor-widget-wrap elementor-element-populated\">\n                    \n        \t\t<div class=\"elementor-element elementor-element-34de080 elementor-widget elementor-widget-text-editor\" data-id=\"34de080\" data-element_type=\"widget\" data-e-type=\"widget\" data-widget_type=\"text-editor.default\">\n\t\t\t\t<div class=\"elementor-widget-container\">\n\t\t\t\t\t\t\t\t\t<h5><b>Kurze Wege, buchst\u00e4blich<\/b><\/h5><p><span style=\"font-weight: 400;\">Eigene Entscheidungen schnell treffen zu k\u00f6nnen, ist in der heutigen Zeit essentiell. Kurze Entscheidungswege, die hierbei auf kurze Kommunikationswege bauen, sind daher unerl\u00e4sslich. Nicht nur setzen wir auf eigenverantwortliches Denken und Handeln, sondern unterst\u00fctzen dies auch mit modernen Technologieplattformen, um die t\u00e4gliche Kommunikation so effektiv wie m\u00f6glich zu gestalten. <\/span> \u00a0<\/p><h5><b>Wachstum<\/b><\/h5><p><span style=\"font-weight: 400;\">Wie auch das Unternehmen, wollen wir das jeder im Team sein volles potential aussch\u00f6pft. Wir leben Eigeninitiative vor und ermutigen so, dass sich alle optimal entfalten sowie ihre Neugier einbringen k\u00f6nnen. Dies bietet eine ideale Plattform, um zum Erfolg beizutragen und auch pers\u00f6nlich zu wachsen. Dieses f\u00f6rdern wir nat\u00fcrlich mit Fort- und Weiterbildungen\u00a0 oder Sprachkursen um die fachliche Qualifizierung zu unterst\u00fctzen. <\/span> \u00a0\u00a0<\/p><h5><strong>Flexible Mobilit\u00e4t<\/strong><\/h5><p><span style=\"font-weight: 400;\">Wir glauben, dass Flexibilit\u00e4t wichtig ist, nicht nur um im Team voll durchzustarten, sondern auch um den Alltag zu meistern. Deswegen bauen wir auf Remote-Work, wo es m\u00f6glich ist. Sich im Team pers\u00f6nlich auszutauschen ist gut und wichtig, aber gewisse Aufgaben k\u00f6nnen dann in Eigenverantwortung \u00fcber das Internet problemlos erledigt werden.<\/span><\/p><h5><b>Einarbeitung<\/b><\/h5><p><span style=\"font-weight: 400;\">Alle Anf\u00e4nge sind schwer, au\u00dfer man wird gut eingelernt. Wir geben Dir alles an die Hand damit du dich schnell bei uns zurechtfinden kannst. Wir setzen auf enge Zusammenarbeit und sind an deiner Seite, um dich in das Unternehmen einzuweisen, Dir deine Aufgabenbereiche vorzustellen und dich mit unseren Abl\u00e4ufen vertraut zu machen. <\/span><\/p>\t\t\t\t\t\t\t\t<\/div>\n\t\t\t\t<\/div>\n\t\t            <\/div>\n        <\/div>\n                    <\/div>\n        <\/section>\n                <section class=\"elementor-section elementor-top-section elementor-element elementor-element-46e8757 elementor-section-boxed elementor-section-height-default elementor-section-height-default ct-header-fixed-none ct-row-max-none\" data-id=\"46e8757\" data-element_type=\"section\" data-e-type=\"section\">\n            \n                        <div class=\"elementor-container elementor-column-gap-extended\">\n                    <div class=\"elementor-column elementor-col-100 elementor-top-column elementor-element elementor-element-f024788\" data-id=\"f024788\" data-element_type=\"column\" data-e-type=\"column\">\n        <div class=\"elementor-widget-wrap elementor-element-populated\">\n                    \n                <section class=\"elementor-section elementor-inner-section elementor-element elementor-element-99f0e65 elementor-section-boxed elementor-section-height-default elementor-section-height-default ct-header-fixed-none ct-row-max-none\" data-id=\"99f0e65\" data-element_type=\"section\" data-e-type=\"section\" data-settings=\"{&quot;background_background&quot;:&quot;classic&quot;}\">\n            \n                        <div class=\"elementor-container elementor-column-gap-default\">\n                    <div class=\"elementor-column elementor-col-100 elementor-inner-column elementor-element elementor-element-8583a3d\" data-id=\"8583a3d\" data-element_type=\"column\" data-e-type=\"column\">\n        <div class=\"elementor-widget-wrap elementor-element-populated\">\n                    \n        \t\t<div class=\"elementor-element elementor-element-b615215 elementor-widget elementor-widget-ct_heading\" data-id=\"b615215\" data-element_type=\"widget\" data-e-type=\"widget\" data-widget_type=\"ct_heading.default\">\n\t\t\t\t<div class=\"elementor-widget-container\">\n\t\t\t\t\t<div id=\"ct_heading-b615215\" class=\"ct-heading h-align-center sub-style1 ct-heading-left item-st-default\">\r\n\t<div class=\"ct-item--inner\">\r\n        <div class=\"ct-inline-css\"  data-css=\"            \">\r\n        <\/div>\r\n                <h3 class=\"item--title st-default case-animate-time\" data-wow-delay=\"ms\">\r\n                        <span class=\"sp-main\">\r\n                \r\n                Starten wir Zusammen.\r\n                \r\n                            <\/span>\r\n                    <\/h3>\r\n    <\/div>\r\n<\/div>\t\t\t\t<\/div>\n\t\t\t\t<\/div>\n\t\t\t\t<div class=\"elementor-element elementor-element-475dc6e elementor-align-center el-inline elementor-widget elementor-widget-ct_button\" data-id=\"475dc6e\" data-element_type=\"widget\" data-e-type=\"widget\" data-widget_type=\"ct_button.default\">\n\t\t\t\t<div class=\"elementor-widget-container\">\n\t\t\t\t\t<div id=\"ct_button-475dc6e\" class=\"ct-button-wrapper ct-button-layout1 icon-left btn--inline\">\r\n    <div class=\"ct-inline-css\"  data-css=\"        \">\r\n    <\/div>\r\n            <span class=\"ct-icon-active\"><\/span>\r\n        <a href=\"\/en\/contact\/\" class=\"btn btn-half-circle1 icon-active btn-inline-block wow fadeInLeft\" data-wow-delay=\"ms\">\r\n                            <span class=\"ct-button-icon ct-align-icon-left\">\r\n                <i aria-hidden=\"true\" class=\"flaticonv2 flaticonv2-right-arrow\"><\/i>            <\/span>\r\n                <span class=\"ct-button-text\">Kontaktiere uns<\/span>\r\n    <\/a>\r\n<\/div>\t\t\t\t<\/div>\n\t\t\t\t<\/div>\n\t\t\t\t<div class=\"elementor-element elementor-element-a712d2a elementor-align-center el-inline elementor-widget elementor-widget-ct_button\" data-id=\"a712d2a\" data-element_type=\"widget\" data-e-type=\"widget\" data-widget_type=\"ct_button.default\">\n\t\t\t\t<div class=\"elementor-widget-container\">\n\t\t\t\t\t<div id=\"ct_button-a712d2a\" class=\"ct-button-wrapper ct-button-layout1 icon-right btn--inline\">\r\n    <div class=\"ct-inline-css\"  data-css=\"        \">\r\n    <\/div>\r\n            <span class=\"ct-icon-active\"><\/span>\r\n        <a href=\"\/en\/about-us\/\" class=\"btn line-white2 icon-active btn-inline-block wow fadeInRight\" data-wow-delay=\"ms\">\r\n                            <span class=\"ct-button-icon ct-align-icon-right\">\r\n                <i aria-hidden=\"true\" class=\"flaticonv2 flaticonv2-right-arrow\"><\/i>            <\/span>\r\n                <span class=\"ct-button-text\">About us<\/span>\r\n    <\/a>\r\n<\/div>\t\t\t\t<\/div>\n\t\t\t\t<\/div>\n\t\t            <\/div>\n        <\/div>\n                    <\/div>\n        <\/section>\n                    <\/div>\n        <\/div>\n                    <\/div>\n        <\/section>\n                <section class=\"elementor-section elementor-top-section elementor-element elementor-element-c400be0 elementor-section-boxed elementor-section-height-default elementor-section-height-default ct-header-fixed-none ct-row-max-none\" data-id=\"c400be0\" data-element_type=\"section\" data-e-type=\"section\">\n            \n                        <div class=\"elementor-container elementor-column-gap-default\">\n                    <div class=\"elementor-column elementor-col-100 elementor-top-column elementor-element elementor-element-8285e9e\" data-id=\"8285e9e\" data-element_type=\"column\" data-e-type=\"column\">\n        <div class=\"elementor-widget-wrap elementor-element-populated\">\n                    \n                    <\/div>\n        <\/div>\n                    <\/div>\n        <\/section>\n        \t\t<\/div>","protected":false},"excerpt":{"rendered":"<p>Career Wir suchen die besten, die das Beste suchen. Wir sind ein schnell wachsendes Unternehmen und suchen Talente, die ihr Wissen nicht nur in Ihrem Bereich einbringen, sondern auch im Unternehmen allgemein und den Drang haben, mit zu gestalten. Equal Opportunity Wir sind ein \u2018equal opportunity employer\u2019. Das hei\u00dft dass wir lediglich auf Grund von [&hellip;]<\/p>\n","protected":false},"author":1,"featured_media":0,"parent":0,"menu_order":0,"comment_status":"closed","ping_status":"closed","template":"elementor_theme","meta":{"footnotes":""},"class_list":["post-7814","page","type-page","status-publish","hentry"],"_links":{"self":[{"href":"https:\/\/qualyconsult.com\/en\/wp-json\/wp\/v2\/pages\/7814","targetHints":{"allow":["GET"]}}],"collection":[{"href":"https:\/\/qualyconsult.com\/en\/wp-json\/wp\/v2\/pages"}],"about":[{"href":"https:\/\/qualyconsult.com\/en\/wp-json\/wp\/v2\/types\/page"}],"author":[{"embeddable":true,"href":"https:\/\/qualyconsult.com\/en\/wp-json\/wp\/v2\/users\/1"}],"replies":[{"embeddable":true,"href":"https:\/\/qualyconsult.com\/en\/wp-json\/wp\/v2\/comments?post=7814"}],"version-history":[{"count":12,"href":"https:\/\/qualyconsult.com\/en\/wp-json\/wp\/v2\/pages\/7814\/revisions"}],"predecessor-version":[{"id":11362,"href":"https:\/\/qualyconsult.com\/en\/wp-json\/wp\/v2\/pages\/7814\/revisions\/11362"}],"wp:attachment":[{"href":"https:\/\/qualyconsult.com\/en\/wp-json\/wp\/v2\/media?parent=7814"}],"curies":[{"name":"wp","href":"https:\/\/api.w.org\/{rel}","templated":true}]}}