{"id":10478,"date":"2024-10-29T14:38:36","date_gmt":"2024-10-29T14:38:36","guid":{"rendered":"https:\/\/qualyconsult.com\/?page_id=10478"},"modified":"2024-10-29T21:54:02","modified_gmt":"2024-10-29T21:54:02","slug":"audit-services","status":"publish","type":"page","link":"https:\/\/qualyconsult.com\/en\/audit-services\/","title":{"rendered":"Audit Services"},"content":{"rendered":"<div data-elementor-type=\"wp-page\" data-elementor-id=\"10478\" class=\"elementor elementor-10478\">\n\t\t\t\t        <section class=\"elementor-section elementor-top-section elementor-element elementor-element-a4d6ee7 elementor-section-boxed elementor-section-height-default elementor-section-height-default ct-header-fixed-none ct-row-max-none\" data-id=\"a4d6ee7\" data-element_type=\"section\" data-e-type=\"section\">\n            \n                        <div class=\"elementor-container elementor-column-gap-default\">\n                    <div class=\"elementor-column elementor-col-100 elementor-top-column elementor-element elementor-element-a41fe9f\" data-id=\"a41fe9f\" data-element_type=\"column\" data-e-type=\"column\">\n        <div class=\"elementor-widget-wrap elementor-element-populated\">\n                    \n        \t\t<div class=\"elementor-element elementor-element-3e10eb9 elementor-widget elementor-widget-ct_title\" data-id=\"3e10eb9\" data-element_type=\"widget\" data-e-type=\"widget\" data-widget_type=\"ct_title.default\">\n\t\t\t\t<div class=\"elementor-widget-container\">\n\t\t\t\t\t<div class=\"ct-title1 style2\">\r\n    <h3>\r\n    \t\t        <span>Audit Services<\/span>\r\n\t        <i><\/i>\r\n\t        <\/h3>\r\n<\/div>\t\t\t\t<\/div>\n\t\t\t\t<\/div>\n\t\t\t\t<div class=\"elementor-element elementor-element-dfc7975 elementor-widget elementor-widget-text-editor\" data-id=\"dfc7975\" data-element_type=\"widget\" data-e-type=\"widget\" data-widget_type=\"text-editor.default\">\n\t\t\t\t<div class=\"elementor-widget-container\">\n\t\t\t\t\t\t\t\t\t<p>Wir unterst\u00fctzen Sie beratend und ausf\u00fchrend in mehreren Bereichen. Die Leistungen sind hierbei jeweils direkt auf Sie und ihr Budget zugeschnitten. Ob wir Sie begleiten oder als Bevollm\u00e4chtigte f\u00fcr Sie agieren, wir finden mit Ihnen den passenden Beratungsansatz.\u00a0<\/p>\t\t\t\t\t\t\t\t<\/div>\n\t\t\t\t<\/div>\n\t\t\t\t<div class=\"elementor-element elementor-element-df04773 elementor-widget elementor-widget-text-editor\" data-id=\"df04773\" data-element_type=\"widget\" data-e-type=\"widget\" data-widget_type=\"text-editor.default\">\n\t\t\t\t<div class=\"elementor-widget-container\">\n\t\t\t\t\t\t\t\t\t<p><strong>Ein umfassender Qualit\u00e4tsansatz f\u00fcr Medizinproduktehersteller<\/strong><\/p><p><span style=\"font-weight: 400;\">Als Hersteller von Medizinprodukten unterliegen Sie einer Vielzahl von gesetzlichen Anforderungen und Normen, um die Sicherheit und Wirksamkeit Ihrer Produkte zu gew\u00e4hrleisten. Ein robustes Qualit\u00e4tsmanagementsystem (QMS) ist dabei unerl\u00e4sslich. <\/span><b>Internal Audits<\/b><span style=\"font-weight: 400;\">, <\/span><b>externe Audits<\/b><span style=\"font-weight: 400;\"> durch benannte Stellen sowie <\/span><b>beh\u00f6rdliche Inspektionen<\/b><span style=\"font-weight: 400;\"> sind wesentliche Bestandteile dieses Systems und dienen dazu, die Einhaltung der regulatorischen Anforderungen sicherzustellen und die Qualit\u00e4t Ihrer Produkte kontinuierlich zu verbessern.<\/span><\/p>\t\t\t\t\t\t\t\t<\/div>\n\t\t\t\t<\/div>\n\t\t\t\t<div class=\"elementor-element elementor-element-7d8ad1f elementor-widget elementor-widget-text-editor\" data-id=\"7d8ad1f\" data-element_type=\"widget\" data-e-type=\"widget\" data-widget_type=\"text-editor.default\">\n\t\t\t\t<div class=\"elementor-widget-container\">\n\t\t\t\t\t\t\t\t\t<h5><b>Interne Audits: Die Grundlage f\u00fcr ein solides QMS<\/b><\/h5><p><span style=\"font-weight: 400;\">Interne Audits bilden das R\u00fcckgrat Ihres QMS. Sie erm\u00f6glichen es Ihnen, Schwachstellen in Ihren Prozessen fr\u00fchzeitig zu erkennen und zu beheben. Durch regelm\u00e4\u00dfige interne Audits stellen Sie sicher, dass Ihr Unternehmen alle relevanten gesetzlichen Anforderungen erf\u00fcllt und Ihre Produkte den h\u00f6chsten Qualit\u00e4tsstandards entsprechen.<\/span><\/p>\t\t\t\t\t\t\t\t<\/div>\n\t\t\t\t<\/div>\n\t\t\t\t<div class=\"elementor-element elementor-element-3e18a4f elementor-widget elementor-widget-text-editor\" data-id=\"3e18a4f\" data-element_type=\"widget\" data-e-type=\"widget\" id=\"Q-Beh\u00f6rden\" data-widget_type=\"text-editor.default\">\n\t\t\t\t<div class=\"elementor-widget-container\">\n\t\t\t\t\t\t\t\t\t<h5><b>Externe Audits durch benannte Stellen: Die offizielle Best\u00e4tigung<\/b><\/h5><p><span style=\"font-weight: 400;\">Externe Audits durch benannte Stellen dienen der Zertifizierung Ihres QMS nach relevanten Normen wie ISO 13485. Diese Zertifizierung ist f\u00fcr viele Hersteller eine gesetzliche Voraussetzung und bietet Ihren Kunden eine zus\u00e4tzliche Sicherheit. Unsere Experten unterst\u00fctzen Sie bei der Vorbereitung auf externe Audits und begleiten Sie w\u00e4hrend des gesamten Prozesses.<\/span><\/p>\t\t\t\t\t\t\t\t<\/div>\n\t\t\t\t<\/div>\n\t\t\t\t<div class=\"elementor-element elementor-element-a2f859b elementor-widget elementor-widget-text-editor\" data-id=\"a2f859b\" data-element_type=\"widget\" data-e-type=\"widget\" data-widget_type=\"text-editor.default\">\n\t\t\t\t<div class=\"elementor-widget-container\">\n\t\t\t\t\t\t\t\t\t<h5><b>Beh\u00f6rdliche Inspektionen: Die ultimative Pr\u00fcfung<\/b><\/h5><p><span style=\"font-weight: 400;\">Beh\u00f6rdliche Inspektionen sind ein wichtiger Bestandteil der Markt\u00fcberwachung und dienen dazu, die Einhaltung der gesetzlichen Anforderungen zu \u00fcberpr\u00fcfen. Unsere Experten helfen Ihnen, sich auf beh\u00f6rdliche Inspektionen vorzubereiten und begleiten Sie w\u00e4hrend der gesamten Inspektion.<\/span><\/p>\t\t\t\t\t\t\t\t<\/div>\n\t\t\t\t<\/div>\n\t\t\t\t<div class=\"elementor-element elementor-element-f4518ac elementor-widget elementor-widget-text-editor\" data-id=\"f4518ac\" data-element_type=\"widget\" data-e-type=\"widget\" data-widget_type=\"text-editor.default\">\n\t\t\t\t<div class=\"elementor-widget-container\">\n\t\t\t\t\t\t\t\t\t<p><strong>Unsere umfassenden Leistungen:<\/strong><\/p>\t\t\t\t\t\t\t\t<\/div>\n\t\t\t\t<\/div>\n\t\t\t\t<div class=\"elementor-element elementor-element-dba5a26 elementor-widget elementor-widget-ct_list\" data-id=\"dba5a26\" data-element_type=\"widget\" data-e-type=\"widget\" data-widget_type=\"ct_list.default\">\n\t\t\t\t<div class=\"elementor-widget-container\">\n\t\t\t\t\t    <div class=\"ct-list style1\">\r\n                    <div class=\"ct-list-item\" data-wow-delay=\"ms\">\r\n            \t<div class=\"ct-list-icon\"><i class=\"fac fac-check-circle\"><\/i><\/div>\r\n            \t<div class=\"ct-list-meta\">\r\n\t            \t<div class=\"ct-list-desc\">\r\n\t            \t\t<b>Entwicklung individueller Auditpl\u00e4ne:<\/b> Wir erstellen ma\u00dfgeschneiderte Auditpl\u00e4ne, die auf Ihre spezifischen Anforderungen und Ihr QMS abgestimmt sind.\t            \t<\/div>\r\n                    \t            <\/div>\r\n           <\/div>\r\n                    <div class=\"ct-list-item\" data-wow-delay=\"ms\">\r\n            \t<div class=\"ct-list-icon\"><i class=\"fac fac-check-circle\"><\/i><\/div>\r\n            \t<div class=\"ct-list-meta\">\r\n\t            \t<div class=\"ct-list-desc\">\r\n\t            \t\t<b>Durchf\u00fchrung von Audits:<\/b> Unsere erfahrenen Berater f\u00fchren interne und externe Audits durch.\t            \t<\/div>\r\n                    \t            <\/div>\r\n           <\/div>\r\n                    <div class=\"ct-list-item\" data-wow-delay=\"ms\">\r\n            \t<div class=\"ct-list-icon\"><i class=\"fac fac-check-circle\"><\/i><\/div>\r\n            \t<div class=\"ct-list-meta\">\r\n\t            \t<div class=\"ct-list-desc\">\r\n\t            \t\t<b>Vorbereitung auf beh\u00f6rdliche Inspektionen:<\/b> Wir unterst\u00fctzen Sie bei der Erstellung von Dokumenten und der Beantwortung von Fragen der Beh\u00f6rden.\t            \t<\/div>\r\n                    \t            <\/div>\r\n           <\/div>\r\n                    <div class=\"ct-list-item\" data-wow-delay=\"ms\">\r\n            \t<div class=\"ct-list-icon\"><i class=\"fac fac-check-circle\"><\/i><\/div>\r\n            \t<div class=\"ct-list-meta\">\r\n\t            \t<div class=\"ct-list-desc\">\r\n\t            \t\t<b>Begleitung w\u00e4hrend Audits und Inspektionen:<\/b> Wir sind w\u00e4hrend des gesamten Prozesses an Ihrer Seite.\t            \t<\/div>\r\n                    \t            <\/div>\r\n           <\/div>\r\n                    <div class=\"ct-list-item\" data-wow-delay=\"ms\">\r\n            \t<div class=\"ct-list-icon\"><i class=\"fac fac-check-circle\"><\/i><\/div>\r\n            \t<div class=\"ct-list-meta\">\r\n\t            \t<div class=\"ct-list-desc\">\r\n\t            \t\t<b>Auswertung und Berichterstellung:<\/b> Wir erstellen umfassende Berichte mit konkreten Handlungsempfehlungen.\t            \t<\/div>\r\n                    \t            <\/div>\r\n           <\/div>\r\n                    <div class=\"ct-list-item\" data-wow-delay=\"ms\">\r\n            \t<div class=\"ct-list-icon\"><i class=\"fac fac-check-circle\"><\/i><\/div>\r\n            \t<div class=\"ct-list-meta\">\r\n\t            \t<div class=\"ct-list-desc\">\r\n\t            \t\t<b>Schulung von Auditoren: <\/b> Wir qualifizieren Ihre Mitarbeiter zu kompetenten internen Auditoren, falls erforderlich und gew\u00fcnscht.\t            \t<\/div>\r\n                    \t            <\/div>\r\n           <\/div>\r\n            <\/div>\r\n\t\t\t\t<\/div>\n\t\t\t\t<\/div>\n\t\t\t\t<div class=\"elementor-element elementor-element-839ee9f elementor-widget elementor-widget-text-editor\" data-id=\"839ee9f\" data-element_type=\"widget\" data-e-type=\"widget\" data-widget_type=\"text-editor.default\">\n\t\t\t\t<div class=\"elementor-widget-container\">\n\t\t\t\t\t\t\t\t\t<p><strong>Ihre Vorteile:<\/strong><\/p>\t\t\t\t\t\t\t\t<\/div>\n\t\t\t\t<\/div>\n\t\t\t\t<div class=\"elementor-element elementor-element-596fd04 elementor-widget elementor-widget-ct_list\" data-id=\"596fd04\" data-element_type=\"widget\" data-e-type=\"widget\" data-widget_type=\"ct_list.default\">\n\t\t\t\t<div class=\"elementor-widget-container\">\n\t\t\t\t\t    <div class=\"ct-list style1\">\r\n                    <div class=\"ct-list-item\" data-wow-delay=\"ms\">\r\n            \t<div class=\"ct-list-icon\"><i class=\"fac fac-check-circle\"><\/i><\/div>\r\n            \t<div class=\"ct-list-meta\">\r\n\t            \t<div class=\"ct-list-desc\">\r\n\t            \t\t<b>Einhaltung gesetzlicher Anforderungen:<\/b> Vermeiden Sie Bu\u00dfgelder und Produktr\u00fcckrufe.\t            \t<\/div>\r\n                    \t            <\/div>\r\n           <\/div>\r\n                    <div class=\"ct-list-item\" data-wow-delay=\"ms\">\r\n            \t<div class=\"ct-list-icon\"><i class=\"fac fac-check-circle\"><\/i><\/div>\r\n            \t<div class=\"ct-list-meta\">\r\n\t            \t<div class=\"ct-list-desc\">\r\n\t            \t\t<b>Verbesserung der Produktqualit\u00e4t:<\/b> Reduzieren Sie das Risiko von Fehlern und Ausschuss.\t            \t<\/div>\r\n                    \t            <\/div>\r\n           <\/div>\r\n                    <div class=\"ct-list-item\" data-wow-delay=\"ms\">\r\n            \t<div class=\"ct-list-icon\"><i class=\"fac fac-check-circle\"><\/i><\/div>\r\n            \t<div class=\"ct-list-meta\">\r\n\t            \t<div class=\"ct-list-desc\">\r\n\t            \t\t<b>Steigerung der Kundenzufriedenheit:<\/b> St\u00e4rken Sie das Vertrauen Ihrer Kunden in Ihre Produkte.\t            \t<\/div>\r\n                    \t            <\/div>\r\n           <\/div>\r\n                    <div class=\"ct-list-item\" data-wow-delay=\"ms\">\r\n            \t<div class=\"ct-list-icon\"><i class=\"fac fac-check-circle\"><\/i><\/div>\r\n            \t<div class=\"ct-list-meta\">\r\n\t            \t<div class=\"ct-list-desc\">\r\n\t            \t\t<b>Effektives Risikomanagement:<\/b> Identifizieren und minimieren Sie Risiken in Ihrer Lieferkette.\t            \t<\/div>\r\n                    \t            <\/div>\r\n           <\/div>\r\n                    <div class=\"ct-list-item\" data-wow-delay=\"ms\">\r\n            \t<div class=\"ct-list-icon\"><i class=\"fac fac-check-circle\"><\/i><\/div>\r\n            \t<div class=\"ct-list-meta\">\r\n\t            \t<div class=\"ct-list-desc\">\r\n\t            \t\t<b>Kontinuierliche Verbesserung:<\/b> Optimieren Sie Ihre Prozesse und steigern Sie die Effizienz Ihres Unternehmens.\t            \t<\/div>\r\n                    \t            <\/div>\r\n           <\/div>\r\n            <\/div>\r\n\t\t\t\t<\/div>\n\t\t\t\t<\/div>\n\t\t\t\t<div class=\"elementor-element elementor-element-ba25fcd elementor-widget elementor-widget-text-editor\" data-id=\"ba25fcd\" data-element_type=\"widget\" data-e-type=\"widget\" id=\"Q-Lieferanten\" data-widget_type=\"text-editor.default\">\n\t\t\t\t<div class=\"elementor-widget-container\">\n\t\t\t\t\t\t\t\t\t<p><b>Mit unseren umfassenden Beratungsleistungen schaffen Sie ein robustes Qualit\u00e4tsmanagementsystem, das den h\u00f6chsten Anforderungen gerecht wird.<\/b><\/p><p><b><a href=\"https:\/\/qualyconsult.com\/en\/contact\/\">Kontaktieren<\/a> Sie uns noch heute und lassen Sie sich von unserer Expertise \u00fcberzeugen!<\/b><\/p>\t\t\t\t\t\t\t\t<\/div>\n\t\t\t\t<\/div>\n\t\t            <\/div>\n        <\/div>\n                    <\/div>\n        <\/section>\n                <section class=\"elementor-section elementor-top-section elementor-element elementor-element-ce52571 elementor-section-boxed elementor-section-height-default elementor-section-height-default ct-header-fixed-none ct-row-max-none\" data-id=\"ce52571\" data-element_type=\"section\" data-e-type=\"section\">\n            \n                        <div class=\"elementor-container elementor-column-gap-default\">\n                    <div class=\"elementor-column elementor-col-100 elementor-top-column elementor-element elementor-element-ee21ca8\" data-id=\"ee21ca8\" data-element_type=\"column\" data-e-type=\"column\">\n        <div class=\"elementor-widget-wrap elementor-element-populated\">\n                    \n        \t\t<div class=\"elementor-element elementor-element-7ac27df elementor-widget elementor-widget-text-editor\" data-id=\"7ac27df\" data-element_type=\"widget\" data-e-type=\"widget\" data-widget_type=\"text-editor.default\">\n\t\t\t\t<div class=\"elementor-widget-container\">\n\t\t\t\t\t\t\t\t\t<h5><b>Lieferanten Audit<\/b><\/h5><p><span style=\"font-weight: 400;\">Als Hersteller von Medizinprodukten tragen Sie eine hohe Verantwortung f\u00fcr die Sicherheit und Wirksamkeit Ihrer Produkte. Ein entscheidender Faktor f\u00fcr den Erfolg ist die Qualit\u00e4t Ihrer Lieferanten.<\/span><\/p>\t\t\t\t\t\t\t\t<\/div>\n\t\t\t\t<\/div>\n\t\t\t\t<div class=\"elementor-element elementor-element-b769a54 elementor-widget elementor-widget-text-editor\" data-id=\"b769a54\" data-element_type=\"widget\" data-e-type=\"widget\" data-widget_type=\"text-editor.default\">\n\t\t\t\t<div class=\"elementor-widget-container\">\n\t\t\t\t\t\t\t\t\t<p><b>Warum Lieferantenaudits f\u00fcr Medizinproduktehersteller unverzichtbar sind:<\/b><\/p>\t\t\t\t\t\t\t\t<\/div>\n\t\t\t\t<\/div>\n\t\t\t\t<div class=\"elementor-element elementor-element-6fc0220 elementor-widget elementor-widget-ct_list\" data-id=\"6fc0220\" data-element_type=\"widget\" data-e-type=\"widget\" data-widget_type=\"ct_list.default\">\n\t\t\t\t<div class=\"elementor-widget-container\">\n\t\t\t\t\t    <div class=\"ct-list style1\">\r\n                    <div class=\"ct-list-item\" data-wow-delay=\"ms\">\r\n            \t<div class=\"ct-list-icon\"><i class=\"fac fac-check-circle\"><\/i><\/div>\r\n            \t<div class=\"ct-list-meta\">\r\n\t            \t<div class=\"ct-list-desc\">\r\n\t            \t\t<b>Risikominimierung:<\/b> Identifizieren Sie potenzielle Risiken in Ihrer Lieferkette, bevor sie zu Qualit\u00e4tsproblemen oder R\u00fcckrufen f\u00fchren.\t            \t<\/div>\r\n                    \t            <\/div>\r\n           <\/div>\r\n                    <div class=\"ct-list-item\" data-wow-delay=\"ms\">\r\n            \t<div class=\"ct-list-icon\"><i class=\"fac fac-check-circle\"><\/i><\/div>\r\n            \t<div class=\"ct-list-meta\">\r\n\t            \t<div class=\"ct-list-desc\">\r\n\t            \t\t<b>Compliance: <\/b> Sicherstellung, dass Ihre Lieferanten die strengen gesetzlichen Anforderungen und Normen der MDR und anderer internationaler Normen\/Gesetze  erf\u00fcllen.\t            \t<\/div>\r\n                    \t            <\/div>\r\n           <\/div>\r\n                    <div class=\"ct-list-item\" data-wow-delay=\"ms\">\r\n            \t<div class=\"ct-list-icon\"><i class=\"fac fac-check-circle\"><\/i><\/div>\r\n            \t<div class=\"ct-list-meta\">\r\n\t            \t<div class=\"ct-list-desc\">\r\n\t            \t\t<b>Qualit\u00e4tssicherung:<\/b> \u00dcberpr\u00fcfen Sie die Prozesse und Systeme Ihrer Lieferanten, um eine kontinuierlich hohe Produktqualit\u00e4t zu gew\u00e4hrleisten.\t            \t<\/div>\r\n                    \t            <\/div>\r\n           <\/div>\r\n                    <div class=\"ct-list-item\" data-wow-delay=\"ms\">\r\n            \t<div class=\"ct-list-icon\"><i class=\"fac fac-check-circle\"><\/i><\/div>\r\n            \t<div class=\"ct-list-meta\">\r\n\t            \t<div class=\"ct-list-desc\">\r\n\t            \t\t<b>Lieferantenentwicklung:<\/b> Unterst\u00fctzen Sie Ihre Lieferanten bei der Verbesserung ihrer Prozesse und f\u00f6rdern Sie eine langfristige Zusammenarbeit.\t            \t<\/div>\r\n                    \t            <\/div>\r\n           <\/div>\r\n            <\/div>\r\n\t\t\t\t<\/div>\n\t\t\t\t<\/div>\n\t\t\t\t<div class=\"elementor-element elementor-element-edc402f elementor-widget elementor-widget-text-editor\" data-id=\"edc402f\" data-element_type=\"widget\" data-e-type=\"widget\" data-widget_type=\"text-editor.default\">\n\t\t\t\t<div class=\"elementor-widget-container\">\n\t\t\t\t\t\t\t\t\t<p><b>Unsere Leistungen im Bereich Lieferantenaudits:<\/b><\/p>\t\t\t\t\t\t\t\t<\/div>\n\t\t\t\t<\/div>\n\t\t\t\t<div class=\"elementor-element elementor-element-b0ab059 elementor-widget elementor-widget-ct_list\" data-id=\"b0ab059\" data-element_type=\"widget\" data-e-type=\"widget\" data-widget_type=\"ct_list.default\">\n\t\t\t\t<div class=\"elementor-widget-container\">\n\t\t\t\t\t    <div class=\"ct-list style1\">\r\n                    <div class=\"ct-list-item\" data-wow-delay=\"ms\">\r\n            \t<div class=\"ct-list-icon\"><i class=\"fac fac-check-circle\"><\/i><\/div>\r\n            \t<div class=\"ct-list-meta\">\r\n\t            \t<div class=\"ct-list-desc\">\r\n\t            \t\t<b>Individuelle Auditpl\u00e4ne:<\/b> Wir entwickeln ma\u00dfgeschneiderte Auditpl\u00e4ne, die auf Ihre spezifischen Anforderungen und die Produkte Ihrer Lieferanten abgestimmt sind.\t            \t<\/div>\r\n                    \t            <\/div>\r\n           <\/div>\r\n                    <div class=\"ct-list-item\" data-wow-delay=\"ms\">\r\n            \t<div class=\"ct-list-icon\"><i class=\"fac fac-check-circle\"><\/i><\/div>\r\n            \t<div class=\"ct-list-meta\">\r\n\t            \t<div class=\"ct-list-desc\">\r\n\t            \t\t<b>Erfahrene Auditoren: <\/b> Unsere erfahrenen Auditoren verf\u00fcgen \u00fcber tiefgreifendes Wissen \u00fcber die Medizinprodukte-Branche und die relevanten Normen.\t            \t<\/div>\r\n                    \t            <\/div>\r\n           <\/div>\r\n                    <div class=\"ct-list-item\" data-wow-delay=\"ms\">\r\n            \t<div class=\"ct-list-icon\"><i class=\"fac fac-check-circle\"><\/i><\/div>\r\n            \t<div class=\"ct-list-meta\">\r\n\t            \t<div class=\"ct-list-desc\">\r\n\t            \t\t<b>Umfassende Bewertung: <\/b> Wir bewerten die Qualit\u00e4t der Produkte, sowie auch die Prozesse, das Qualit\u00e4tsmanagement und die Dokumentation Ihrer Lieferanten.\t            \t<\/div>\r\n                    \t            <\/div>\r\n           <\/div>\r\n                    <div class=\"ct-list-item\" data-wow-delay=\"ms\">\r\n            \t<div class=\"ct-list-icon\"><i class=\"fac fac-check-circle\"><\/i><\/div>\r\n            \t<div class=\"ct-list-meta\">\r\n\t            \t<div class=\"ct-list-desc\">\r\n\t            \t\t<b>Verbesserungsvorschl\u00e4ge:<\/b> Wir erarbeiten konkrete Empfehlungen zur Verbesserung der Lieferantenleistung und unterst\u00fctzen Sie bei der Umsetzung.\t            \t<\/div>\r\n                    \t            <\/div>\r\n           <\/div>\r\n            <\/div>\r\n\t\t\t\t<\/div>\n\t\t\t\t<\/div>\n\t\t\t\t<div class=\"elementor-element elementor-element-fb99baa elementor-widget elementor-widget-text-editor\" data-id=\"fb99baa\" data-element_type=\"widget\" data-e-type=\"widget\" data-widget_type=\"text-editor.default\">\n\t\t\t\t<div class=\"elementor-widget-container\">\n\t\t\t\t\t\t\t\t\t<p><strong>Ihre Vorteile:<\/strong><\/p>\t\t\t\t\t\t\t\t<\/div>\n\t\t\t\t<\/div>\n\t\t\t\t<div class=\"elementor-element elementor-element-c8c453a elementor-widget elementor-widget-ct_list\" data-id=\"c8c453a\" data-element_type=\"widget\" data-e-type=\"widget\" data-widget_type=\"ct_list.default\">\n\t\t\t\t<div class=\"elementor-widget-container\">\n\t\t\t\t\t    <div class=\"ct-list style1\">\r\n                    <div class=\"ct-list-item\" data-wow-delay=\"ms\">\r\n            \t<div class=\"ct-list-icon\"><i class=\"fac fac-check-circle\"><\/i><\/div>\r\n            \t<div class=\"ct-list-meta\">\r\n\t            \t<div class=\"ct-list-desc\">\r\n\t            \t\t<b>Mehr Sicherheit:<\/b> Reduzieren Sie das Risiko von Produktfehlern und R\u00fcckrufen.\t            \t<\/div>\r\n                    \t            <\/div>\r\n           <\/div>\r\n                    <div class=\"ct-list-item\" data-wow-delay=\"ms\">\r\n            \t<div class=\"ct-list-icon\"><i class=\"fac fac-check-circle\"><\/i><\/div>\r\n            \t<div class=\"ct-list-meta\">\r\n\t            \t<div class=\"ct-list-desc\">\r\n\t            \t\t<b>H\u00f6here Qualit\u00e4t:  <\/b> Stellen Sie eine kontinuierlich hohe Produktqualit\u00e4t sicher.\t            \t<\/div>\r\n                    \t            <\/div>\r\n           <\/div>\r\n                    <div class=\"ct-list-item\" data-wow-delay=\"ms\">\r\n            \t<div class=\"ct-list-icon\"><i class=\"fac fac-check-circle\"><\/i><\/div>\r\n            \t<div class=\"ct-list-meta\">\r\n\t            \t<div class=\"ct-list-desc\">\r\n\t            \t\t<b>Kosteneinsparung:<\/b> Vermeiden Sie hohe Kosten durch Qualit\u00e4tsprobleme und Lieferausf\u00e4lle.\t            \t<\/div>\r\n                    \t            <\/div>\r\n           <\/div>\r\n                    <div class=\"ct-list-item\" data-wow-delay=\"ms\">\r\n            \t<div class=\"ct-list-icon\"><i class=\"fac fac-check-circle\"><\/i><\/div>\r\n            \t<div class=\"ct-list-meta\">\r\n\t            \t<div class=\"ct-list-desc\">\r\n\t            \t\t<b>Compliance:<\/b> Erf\u00fcllen Sie alle gesetzlichen Anforderungen und sch\u00fctzen Sie Ihr Unternehmen.\t            \t<\/div>\r\n                    \t            <\/div>\r\n           <\/div>\r\n                    <div class=\"ct-list-item\" data-wow-delay=\"ms\">\r\n            \t<div class=\"ct-list-icon\"><i class=\"fac fac-check-circle\"><\/i><\/div>\r\n            \t<div class=\"ct-list-meta\">\r\n\t            \t<div class=\"ct-list-desc\">\r\n\t            \t\t<b>Wettbewerbsvorteil:<\/b>  Differenzieren Sie sich von Ihren Wettbewerbern durch eine robuste Lieferantenkette.\t            \t<\/div>\r\n                    \t            <\/div>\r\n           <\/div>\r\n            <\/div>\r\n\t\t\t\t<\/div>\n\t\t\t\t<\/div>\n\t\t\t\t<div class=\"elementor-element elementor-element-efb7f27 elementor-widget elementor-widget-text-editor\" data-id=\"efb7f27\" data-element_type=\"widget\" data-e-type=\"widget\" data-widget_type=\"text-editor.default\">\n\t\t\t\t<div class=\"elementor-widget-container\">\n\t\t\t\t\t\t\t\t\t<p><b>Mit unseren Lieferantenaudits schaffen Sie eine solide Grundlage f\u00fcr eine erfolgreiche und nachhaltige Zusammenarbeit mit Ihren Lieferanten.<\/b><\/p><p><b><a href=\"https:\/\/qualyconsult.com\/en\/contact\/\">Kontaktieren<\/a> Sie uns noch heute und lassen Sie sich von unserer Expertise \u00fcberzeugen!<\/b><\/p>\t\t\t\t\t\t\t\t<\/div>\n\t\t\t\t<\/div>\n\t\t            <\/div>\n        <\/div>\n                    <\/div>\n        <\/section>\n        \t\t<\/div>","protected":false},"excerpt":{"rendered":"<p>Audit Services Wir unterst\u00fctzen Sie beratend und ausf\u00fchrend in mehreren Bereichen. Die Leistungen sind hierbei jeweils direkt auf Sie und ihr Budget zugeschnitten. Ob wir Sie begleiten oder als Bevollm\u00e4chtigte f\u00fcr Sie agieren, wir finden mit Ihnen den passenden Beratungsansatz.\u00a0 Ein umfassender Qualit\u00e4tsansatz f\u00fcr Medizinproduktehersteller Als Hersteller von Medizinprodukten unterliegen Sie einer Vielzahl von gesetzlichen [&hellip;]<\/p>\n","protected":false},"author":1,"featured_media":0,"parent":0,"menu_order":0,"comment_status":"closed","ping_status":"closed","template":"","meta":{"footnotes":""},"class_list":["post-10478","page","type-page","status-publish","hentry"],"_links":{"self":[{"href":"https:\/\/qualyconsult.com\/en\/wp-json\/wp\/v2\/pages\/10478","targetHints":{"allow":["GET"]}}],"collection":[{"href":"https:\/\/qualyconsult.com\/en\/wp-json\/wp\/v2\/pages"}],"about":[{"href":"https:\/\/qualyconsult.com\/en\/wp-json\/wp\/v2\/types\/page"}],"author":[{"embeddable":true,"href":"https:\/\/qualyconsult.com\/en\/wp-json\/wp\/v2\/users\/1"}],"replies":[{"embeddable":true,"href":"https:\/\/qualyconsult.com\/en\/wp-json\/wp\/v2\/comments?post=10478"}],"version-history":[{"count":22,"href":"https:\/\/qualyconsult.com\/en\/wp-json\/wp\/v2\/pages\/10478\/revisions"}],"predecessor-version":[{"id":10548,"href":"https:\/\/qualyconsult.com\/en\/wp-json\/wp\/v2\/pages\/10478\/revisions\/10548"}],"wp:attachment":[{"href":"https:\/\/qualyconsult.com\/en\/wp-json\/wp\/v2\/media?parent=10478"}],"curies":[{"name":"wp","href":"https:\/\/api.w.org\/{rel}","templated":true}]}}